{"id":7236,"date":"2025-04-09T16:45:47","date_gmt":"2025-04-09T14:45:47","guid":{"rendered":"http:\/\/88.99.60.177\/shop\/sodium-discharge-tube-very-bright\/"},"modified":"2026-01-14T12:01:51","modified_gmt":"2026-01-14T11:01:51","slug":"natriumdampfrohre-sehr-hell","status":"publish","type":"product","link":"https:\/\/smart-elements.com\/de\/shop\/sodium-discharge-tube-very-bright\/","title":{"rendered":"Natrium Entladungsr\u00f6hre - Sehr hell - NEW"},"content":{"rendered":"<p class=\"\" data-start=\"203\" data-end=\"572\">Beleuchten Sie die Sch\u00f6nheit der Atomphysik mit unserem <strong data-start=\"252\" data-end=\"277\">Natrium-Entladungsr\u00f6hre<\/strong>Diese Entladungsr\u00f6hre wurde speziell entwickelt, um das charakteristische hellgelbe Licht von Natrium zu emittieren. Diese Entladungsr\u00f6hre enth\u00e4lt eine spezielle Natriumverbindung, die in einer hochwertigen Glasampulle eingeschlossen ist. Sie erzeugt ein intensives, gut sichtbares Leuchten, wenn sie mit einer Teslaspule angeregt wird - und eignet sich damit perfekt f\u00fcr Spektroskopie-Demonstrationen und Unterrichtsaufbauten.<\/p>\n<p class=\"\" data-start=\"574\" data-end=\"594\">\ud83d\udd2c <strong data-start=\"577\" data-end=\"594\">Wesentliche Merkmale:<\/strong><\/p>\n<ul data-start=\"595\" data-end=\"1064\">\n<li class=\"\" data-start=\"595\" data-end=\"735\">\n<p class=\"\" data-start=\"597\" data-end=\"735\"><strong data-start=\"597\" data-end=\"625\">Scharfe Emission bei 589 nm<\/strong>: Erzeugt das ikonische Natrium-D-Linien-Doublett und ist damit ideal f\u00fcr die Spektralkalibrierung und optische Experimente.<\/p>\n<\/li>\n<li class=\"\" data-start=\"736\" data-end=\"854\">\n<p class=\"\" data-start=\"738\" data-end=\"854\"><strong data-start=\"738\" data-end=\"765\">Extrem helle Leistung<\/strong>: Verstr\u00f6mt ein starkes gelb-orangefarbenes Leuchten, das auch in gut beleuchteten Umgebungen deutlich sichtbar ist.<\/p>\n<\/li>\n<li class=\"\" data-start=\"855\" data-end=\"949\">\n<p class=\"\" data-start=\"857\" data-end=\"949\"><strong data-start=\"857\" data-end=\"888\">Hochreine Natrium-Verbindung<\/strong>: Sorgt f\u00fcr gleichbleibende Leistung und zuverl\u00e4ssige Spektrallinien.<\/p>\n<\/li>\n<li class=\"\" data-start=\"950\" data-end=\"1064\">\n<p class=\"\" data-start=\"952\" data-end=\"1064\"><strong data-start=\"952\" data-end=\"986\">Sicheres und kompaktes Glas-Geh\u00e4use<\/strong>: Professionell versiegelte Ampulle, die f\u00fcr eine sichere Handhabung und einen l\u00e4ngeren Gebrauch konzipiert ist.<\/p>\n<\/li>\n<\/ul>\n<p class=\"\" data-start=\"1066\" data-end=\"1289\">Diese R\u00f6hre wird h\u00e4ufig im Physikunterricht, in Universit\u00e4tslaboratorien und von Hobbyforschern zur Untersuchung von Atomemissionsspektren verwendet. Setzen Sie einfach eine Hochspannungsentladung ein, und erleben Sie die lebendige, unverwechselbare Brillanz des Natriumlichts!<\/p>\n<p class=\"\" data-start=\"1291\" data-end=\"1366\">\u2728 Ein Muss f\u00fcr jeden Spektroskopie-Enthusiasten oder jede Atomphysik-Sammlung.<\/p>\n<p data-start=\"1291\" data-end=\"1366\"><img fetchpriority=\"high\" decoding=\"async\" class=\"alignnone size-full wp-image-35393\" src=\"https:\/\/www.smart-elements.com\/wp\/wp-content\/uploads\/2025\/04\/Na_discharge1.jpg\" alt=\"\" width=\"623\" height=\"746\" \/><\/p>\n<p data-start=\"1291\" data-end=\"1366\">Typisches Emissionsspektrum unserer Natriumr\u00f6hren<\/p>","protected":false},"excerpt":{"rendered":"<p>Natrium Entladungsr\u00f6hre - sehr hell<\/p>\n<p>Enth\u00e4lt ~1g einer speziellen Natriumverbindung<\/p>","protected":false},"featured_media":49458,"template":"","meta":{"_acf_changed":false,"site-sidebar-layout":"default","site-content-layout":"","ast-site-content-layout":"default","site-content-style":"default","site-sidebar-style":"default","ast-global-header-display":"","ast-banner-title-visibility":"","ast-main-header-display":"","ast-hfb-above-header-display":"","ast-hfb-below-header-display":"","ast-hfb-mobile-header-display":"","site-post-title":"","ast-breadcrumbs-content":"","ast-featured-img":"","footer-sml-layout":"","ast-disable-related-posts":"","theme-transparent-header-meta":"default","adv-header-id-meta":"","stick-header-meta":"default","header-above-stick-meta":"","header-main-stick-meta":"","header-below-stick-meta":"","astra-migrate-meta-layouts":"set","ast-page-background-enabled":"default","ast-page-background-meta":{"desktop":{"background-color":"var(--ast-global-color-5)","background-image":"","background-repeat":"repeat","background-position":"center center","background-size":"auto","background-attachment":"scroll","background-type":"","background-media":"","overlay-type":"","overlay-color":"","overlay-opacity":"","overlay-gradient":""},"tablet":{"background-color":"","background-image":"","background-repeat":"repeat","background-position":"center center","background-size":"auto","background-attachment":"scroll","background-type":"","background-media":"","overlay-type":"","overlay-color":"","overlay-opacity":"","overlay-gradient":""},"mobile":{"background-color":"","background-image":"","background-repeat":"repeat","background-position":"center center","background-size":"auto","background-attachment":"scroll","background-type":"","background-media":"","overlay-type":"","overlay-color":"","overlay-opacity":"","overlay-gradient":""}},"ast-content-background-meta":{"desktop":{"background-color":"var(--ast-global-color-4)","background-image":"","background-repeat":"repeat","background-position":"center center","background-size":"auto","background-attachment":"scroll","background-type":"","background-media":"","overlay-type":"","overlay-color":"","overlay-opacity":"","overlay-gradient":""},"tablet":{"background-color":"var(--ast-global-color-4)","background-image":"","background-repeat":"repeat","background-position":"center center","background-size":"auto","background-attachment":"scroll","background-type":"","background-media":"","overlay-type":"","overlay-color":"","overlay-opacity":"","overlay-gradient":""},"mobile":{"background-color":"var(--ast-global-color-4)","background-image":"","background-repeat":"repeat","background-position":"center center","background-size":"auto","background-attachment":"scroll","background-type":"","background-media":"","overlay-type":"","overlay-color":"","overlay-opacity":"","overlay-gradient":""}}},"product_brand":[],"product_cat":[96,47,246,370,363],"product_tag":[],"class_list":{"0":"post-7236","1":"product","2":"type-product","3":"status-publish","4":"has-post-thumbnail","6":"product_cat-cs","7":"product_cat-discharge-lamps","8":"product_cat-na","9":"product_cat-other-discharge-lamps","10":"product_cat-standard-ampoules-discharge-lamps","11":"desktop-align-left","12":"tablet-align-left","13":"mobile-align-left","14":"ast-product-gallery-layout-horizontal-slider","15":"ast-product-tabs-layout-horizontal","16":"ast-qv-on-image","18":"first","19":"instock","20":"taxable","21":"shipping-taxable","22":"purchasable","23":"product-type-simple"},"acf":[],"_links":{"self":[{"href":"https:\/\/smart-elements.com\/de\/wp-json\/wp\/v2\/product\/7236","targetHints":{"allow":["GET"]}}],"collection":[{"href":"https:\/\/smart-elements.com\/de\/wp-json\/wp\/v2\/product"}],"about":[{"href":"https:\/\/smart-elements.com\/de\/wp-json\/wp\/v2\/types\/product"}],"version-history":[{"count":0,"href":"https:\/\/smart-elements.com\/de\/wp-json\/wp\/v2\/product\/7236\/revisions"}],"wp:featuredmedia":[{"embeddable":true,"href":"https:\/\/smart-elements.com\/de\/wp-json\/wp\/v2\/media\/49458"}],"wp:attachment":[{"href":"https:\/\/smart-elements.com\/de\/wp-json\/wp\/v2\/media?parent=7236"}],"wp:term":[{"taxonomy":"product_brand","embeddable":true,"href":"https:\/\/smart-elements.com\/de\/wp-json\/wp\/v2\/product_brand?post=7236"},{"taxonomy":"product_cat","embeddable":true,"href":"https:\/\/smart-elements.com\/de\/wp-json\/wp\/v2\/product_cat?post=7236"},{"taxonomy":"product_tag","embeddable":true,"href":"https:\/\/smart-elements.com\/de\/wp-json\/wp\/v2\/product_tag?post=7236"}],"curies":[{"name":"wp","href":"https:\/\/api.w.org\/{rel}","templated":true}]}}