{"id":7222,"date":"2025-03-10T19:11:29","date_gmt":"2025-03-10T18:11:29","guid":{"rendered":"http:\/\/88.99.60.177\/shop\/large-hydrogen-helium-spectrum-discharge-tube-250mm-new\/"},"modified":"2026-01-14T12:01:35","modified_gmt":"2026-01-14T11:01:35","slug":"grose-wasserstoff-helium-spektrum-entladungsrohre-250mm-neu","status":"publish","type":"product","link":"https:\/\/smart-elements.com\/de\/shop\/large-hydrogen-helium-spectrum-discharge-tube-250mm-new\/","title":{"rendered":"Gro\u00dfe Wasserstoff\/Helium-Spektrum-Entladungsr\u00f6hre 250mm - NEW"},"content":{"rendered":"<p>NEU!  Gro\u00dfe 250-mm-R\u00f6hre f\u00fcr Wasserstoff\/Neon-Spektrum<\/p>\n<p>L\u00e4nge: 10\u2033 (254mm) = Durchmesser: 15mm. L\u00e4nge der Kapillare: 90mm<br \/>\nBetriebsspannung 2500-5000V @ 20mA - erh\u00e4ltlich hier in unserem Shop<\/p>\n<p>Passt in die Standard-R\u00f6hrenhalter f\u00fcr 250 - 260mm Spektrumr\u00f6hren.<\/p>","protected":false},"excerpt":{"rendered":"<p>NEU!  Gro\u00dfe 250mm Neon-Spektrum-R\u00f6hre<\/p>\n<p>L\u00e4nge: 10\u2033 (254mm) = Durchmesser: 15mm. L\u00e4nge der Kapillare: 90mm<br \/>\nBetriebsspannung 2500-5000V @ 20mA - Netzteil hier in unserem Shop erh\u00e4ltlich<\/p>\n<p>Passt in die Standard-R\u00f6hrenhalter f\u00fcr 250 - 260mm Spektrumr\u00f6hren.<\/p>","protected":false},"featured_media":49453,"template":"","meta":{"_acf_changed":false,"site-sidebar-layout":"default","site-content-layout":"","ast-site-content-layout":"default","site-content-style":"default","site-sidebar-style":"default","ast-global-header-display":"","ast-banner-title-visibility":"","ast-main-header-display":"","ast-hfb-above-header-display":"","ast-hfb-below-header-display":"","ast-hfb-mobile-header-display":"","site-post-title":"","ast-breadcrumbs-content":"","ast-featured-img":"","footer-sml-layout":"","ast-disable-related-posts":"","theme-transparent-header-meta":"","adv-header-id-meta":"","stick-header-meta":"","header-above-stick-meta":"","header-main-stick-meta":"","header-below-stick-meta":"","astra-migrate-meta-layouts":"default","ast-page-background-enabled":"default","ast-page-background-meta":{"desktop":{"background-color":"var(--ast-global-color-5)","background-image":"","background-repeat":"repeat","background-position":"center center","background-size":"auto","background-attachment":"scroll","background-type":"","background-media":"","overlay-type":"","overlay-color":"","overlay-opacity":"","overlay-gradient":""},"tablet":{"background-color":"","background-image":"","background-repeat":"repeat","background-position":"center center","background-size":"auto","background-attachment":"scroll","background-type":"","background-media":"","overlay-type":"","overlay-color":"","overlay-opacity":"","overlay-gradient":""},"mobile":{"background-color":"","background-image":"","background-repeat":"repeat","background-position":"center center","background-size":"auto","background-attachment":"scroll","background-type":"","background-media":"","overlay-type":"","overlay-color":"","overlay-opacity":"","overlay-gradient":""}},"ast-content-background-meta":{"desktop":{"background-color":"var(--ast-global-color-4)","background-image":"","background-repeat":"repeat","background-position":"center center","background-size":"auto","background-attachment":"scroll","background-type":"","background-media":"","overlay-type":"","overlay-color":"","overlay-opacity":"","overlay-gradient":""},"tablet":{"background-color":"var(--ast-global-color-4)","background-image":"","background-repeat":"repeat","background-position":"center center","background-size":"auto","background-attachment":"scroll","background-type":"","background-media":"","overlay-type":"","overlay-color":"","overlay-opacity":"","overlay-gradient":""},"mobile":{"background-color":"var(--ast-global-color-4)","background-image":"","background-repeat":"repeat","background-position":"center center","background-size":"auto","background-attachment":"scroll","background-type":"","background-media":"","overlay-type":"","overlay-color":"","overlay-opacity":"","overlay-gradient":""}}},"product_brand":[],"product_cat":[47,103,105,370],"product_tag":[],"class_list":{"0":"post-7222","1":"product","2":"type-product","3":"status-publish","4":"has-post-thumbnail","6":"product_cat-discharge-lamps","7":"product_cat-h","8":"product_cat-he","9":"product_cat-other-discharge-lamps","10":"desktop-align-left","11":"tablet-align-left","12":"mobile-align-left","13":"ast-product-gallery-layout-horizontal-slider","14":"ast-product-tabs-layout-horizontal","15":"ast-qv-on-image","17":"first","18":"onbackorder","19":"sale","20":"taxable","21":"shipping-taxable","22":"purchasable","23":"product-type-simple"},"acf":[],"_links":{"self":[{"href":"https:\/\/smart-elements.com\/de\/wp-json\/wp\/v2\/product\/7222","targetHints":{"allow":["GET"]}}],"collection":[{"href":"https:\/\/smart-elements.com\/de\/wp-json\/wp\/v2\/product"}],"about":[{"href":"https:\/\/smart-elements.com\/de\/wp-json\/wp\/v2\/types\/product"}],"version-history":[{"count":0,"href":"https:\/\/smart-elements.com\/de\/wp-json\/wp\/v2\/product\/7222\/revisions"}],"wp:featuredmedia":[{"embeddable":true,"href":"https:\/\/smart-elements.com\/de\/wp-json\/wp\/v2\/media\/49453"}],"wp:attachment":[{"href":"https:\/\/smart-elements.com\/de\/wp-json\/wp\/v2\/media?parent=7222"}],"wp:term":[{"taxonomy":"product_brand","embeddable":true,"href":"https:\/\/smart-elements.com\/de\/wp-json\/wp\/v2\/product_brand?post=7222"},{"taxonomy":"product_cat","embeddable":true,"href":"https:\/\/smart-elements.com\/de\/wp-json\/wp\/v2\/product_cat?post=7222"},{"taxonomy":"product_tag","embeddable":true,"href":"https:\/\/smart-elements.com\/de\/wp-json\/wp\/v2\/product_tag?post=7222"}],"curies":[{"name":"wp","href":"https:\/\/api.w.org\/{rel}","templated":true}]}}