{"id":7095,"date":"2024-08-07T20:21:29","date_gmt":"2024-08-07T18:21:29","guid":{"rendered":"http:\/\/88.99.60.177\/shop\/samarium-potassium-phosphate-glass-ingot-30mm\/"},"modified":"2026-01-14T11:57:26","modified_gmt":"2026-01-14T10:57:26","slug":"samarium-kalium-phosphat-glasbarren-30-mm","status":"publish","type":"product","link":"https:\/\/smart-elements.com\/de\/shop\/samarium-potassium-phosphate-glass-ingot-30mm\/","title":{"rendered":"Samarium-Kaliumphosphat-Glasbarren 30 mm"},"content":{"rendered":"<p>Dieser hoch Sm-haltige Samarium-Kaliumphosphat-Glasbarren ist ein faszinierendes und seltenes Material, das f\u00fcr seine einzigartigen optischen Eigenschaften bekannt ist. Unter normalen Lichtverh\u00e4ltnissen erscheint er pfirsichgelb. Bei Bestrahlung mit 365-nm-UV-Licht zeigt er eine orangene Fluoreszenz. Aufgrund des hohen Sm\u00b3\u207a-Gehalts tritt optisches Quenching auf, was zu einer schw\u00e4cheren Fluoreszenz im Vergleich zu st\u00e4rker verd\u00fcnnten Glasproben f\u00fchrt. Mit einem Durchmesser von ca. 30 mm und einem Gewicht zwischen 28-32 Gramm ist dieser hochwertige Glasbarren perfekt f\u00fcr fortgeschrittene Materialstudien und innovative Experimente geeignet.<\/p>\n<p>Wir sind in der Lage, gro\u00dfe Ruten mit mehreren cm Durchmesser und L\u00e4ngen bis zu 50 mm zu gie\u00dfen.<\/p>","protected":false},"excerpt":{"rendered":"<p>Samarium-Kaliumphosphat-Glasbarren 30 mm<\/p>\n<ul>\n<li><strong>Durchmesser<\/strong>: ~30 mm<\/li>\n<li><strong>Gewicht<\/strong>: ~28-32 Gramm<\/li>\n<li><strong>Material<\/strong>Sm K P Glas<\/li>\n<li><strong>Farbe unter Normallicht<\/strong>Pfirsichgelb<\/li>\n<li><strong>Fluoreszenz<\/strong>: Zeigt unter 365 nm UV-Licht eine starke Fluoreszenz<\/li>\n<\/ul>","protected":false},"featured_media":48261,"template":"","meta":{"_acf_changed":false,"site-sidebar-layout":"default","site-content-layout":"","ast-site-content-layout":"default","site-content-style":"default","site-sidebar-style":"default","ast-global-header-display":"","ast-banner-title-visibility":"","ast-main-header-display":"","ast-hfb-above-header-display":"","ast-hfb-below-header-display":"","ast-hfb-mobile-header-display":"","site-post-title":"","ast-breadcrumbs-content":"","ast-featured-img":"","footer-sml-layout":"","ast-disable-related-posts":"","theme-transparent-header-meta":"","adv-header-id-meta":"","stick-header-meta":"","header-above-stick-meta":"","header-main-stick-meta":"","header-below-stick-meta":"","astra-migrate-meta-layouts":"default","ast-page-background-enabled":"default","ast-page-background-meta":{"desktop":{"background-color":"var(--ast-global-color-5)","background-image":"","background-repeat":"repeat","background-position":"center center","background-size":"auto","background-attachment":"scroll","background-type":"","background-media":"","overlay-type":"","overlay-color":"","overlay-opacity":"","overlay-gradient":""},"tablet":{"background-color":"","background-image":"","background-repeat":"repeat","background-position":"center center","background-size":"auto","background-attachment":"scroll","background-type":"","background-media":"","overlay-type":"","overlay-color":"","overlay-opacity":"","overlay-gradient":""},"mobile":{"background-color":"","background-image":"","background-repeat":"repeat","background-position":"center center","background-size":"auto","background-attachment":"scroll","background-type":"","background-media":"","overlay-type":"","overlay-color":"","overlay-opacity":"","overlay-gradient":""}},"ast-content-background-meta":{"desktop":{"background-color":"var(--ast-global-color-4)","background-image":"","background-repeat":"repeat","background-position":"center center","background-size":"auto","background-attachment":"scroll","background-type":"","background-media":"","overlay-type":"","overlay-color":"","overlay-opacity":"","overlay-gradient":""},"tablet":{"background-color":"var(--ast-global-color-4)","background-image":"","background-repeat":"repeat","background-position":"center center","background-size":"auto","background-attachment":"scroll","background-type":"","background-media":"","overlay-type":"","overlay-color":"","overlay-opacity":"","overlay-gradient":""},"mobile":{"background-color":"var(--ast-global-color-4)","background-image":"","background-repeat":"repeat","background-position":"center center","background-size":"auto","background-attachment":"scroll","background-type":"","background-media":"","overlay-type":"","overlay-color":"","overlay-opacity":"","overlay-gradient":""}}},"product_brand":[],"product_cat":[23,90,365],"product_tag":[],"class_list":{"0":"post-7095","1":"product","2":"type-product","3":"status-publish","4":"has-post-thumbnail","6":"product_cat-doped-optical-crystals-glass","7":"product_cat-la","8":"product_cat-phosphate-glass-doped-optical-crystals-glass","9":"desktop-align-left","10":"tablet-align-left","11":"mobile-align-left","12":"ast-product-gallery-layout-horizontal-slider","13":"ast-product-tabs-layout-horizontal","14":"ast-qv-on-image","16":"first","17":"instock","18":"taxable","19":"shipping-taxable","20":"purchasable","21":"product-type-simple"},"acf":[],"_links":{"self":[{"href":"https:\/\/smart-elements.com\/de\/wp-json\/wp\/v2\/product\/7095","targetHints":{"allow":["GET"]}}],"collection":[{"href":"https:\/\/smart-elements.com\/de\/wp-json\/wp\/v2\/product"}],"about":[{"href":"https:\/\/smart-elements.com\/de\/wp-json\/wp\/v2\/types\/product"}],"version-history":[{"count":0,"href":"https:\/\/smart-elements.com\/de\/wp-json\/wp\/v2\/product\/7095\/revisions"}],"wp:featuredmedia":[{"embeddable":true,"href":"https:\/\/smart-elements.com\/de\/wp-json\/wp\/v2\/media\/48261"}],"wp:attachment":[{"href":"https:\/\/smart-elements.com\/de\/wp-json\/wp\/v2\/media?parent=7095"}],"wp:term":[{"taxonomy":"product_brand","embeddable":true,"href":"https:\/\/smart-elements.com\/de\/wp-json\/wp\/v2\/product_brand?post=7095"},{"taxonomy":"product_cat","embeddable":true,"href":"https:\/\/smart-elements.com\/de\/wp-json\/wp\/v2\/product_cat?post=7095"},{"taxonomy":"product_tag","embeddable":true,"href":"https:\/\/smart-elements.com\/de\/wp-json\/wp\/v2\/product_tag?post=7095"}],"curies":[{"name":"wp","href":"https:\/\/api.w.org\/{rel}","templated":true}]}}