{"id":7085,"date":"2024-08-07T18:59:33","date_gmt":"2024-08-07T16:59:33","guid":{"rendered":"http:\/\/88.99.60.177\/shop\/rhodium-metal-disc-10x10mm-1-00g-99-97-purity\/"},"modified":"2026-01-14T11:57:10","modified_gmt":"2026-01-14T10:57:10","slug":"rhodium-metallscheibe-10x10mm-100g-9997-reinheit","status":"publish","type":"product","link":"https:\/\/smart-elements.com\/de\/shop\/rhodium-metal-disc-10x10mm-1-00g-99-97-purity\/","title":{"rendered":"Rhodium Metallscheibe 10x10mm 1,00g \u2013 99,97% Reinheit"},"content":{"rendered":"<p>Wir freuen uns, Ihnen mitteilen zu k\u00f6nnen, dass Rhodium wieder vorr\u00e4tig ist!<\/p>\n<p>Nachdem der Rhodiumpreis Rekordh\u00f6hen von bis zu 700 Euro pro Gramm erreicht hatte, hat er sich nun stabilisiert und ist wieder relativ erschwinglich.<\/p>\n<ul>\n<li><strong>Artikel<\/strong>Rhodium-Metallpl\u00e4ttchen<\/li>\n<li><strong>Abmessungen<\/strong>10x10mm<\/li>\n<li><strong>Gewicht<\/strong>1,00g<\/li>\n<li><strong>Reinheit<\/strong>: 99.97%<\/li>\n<\/ul>\n<p>Rhodium ist f\u00fcr seine bemerkenswerten Eigenschaften bekannt, darunter seine hohe Reflexionsf\u00e4higkeit, Korrosionsbest\u00e4ndigkeit und katalytischen F\u00e4higkeiten. Dies macht es in verschiedenen Branchen, von Schmuck und Automobil bis hin zu Elektronik und wissenschaftlicher Forschung, sehr begehrt.<\/p>","protected":false},"excerpt":{"rendered":"<ul>\n<li><strong>Artikel<\/strong>Rhodium-Metallpl\u00e4ttchen<\/li>\n<li><strong>Abmessungen<\/strong>10x10mm \u2013 Dicke ca. 0,9mm<\/li>\n<li><strong>Gewicht<\/strong>1,00g<\/li>\n<li><strong>Reinheit<\/strong>: 99.97%<\/li>\n<\/ul>","protected":false},"featured_media":49431,"template":"","meta":{"_acf_changed":false,"site-sidebar-layout":"default","site-content-layout":"","ast-site-content-layout":"default","site-content-style":"default","site-sidebar-style":"default","ast-global-header-display":"","ast-banner-title-visibility":"","ast-main-header-display":"","ast-hfb-above-header-display":"","ast-hfb-below-header-display":"","ast-hfb-mobile-header-display":"","site-post-title":"","ast-breadcrumbs-content":"","ast-featured-img":"","footer-sml-layout":"","ast-disable-related-posts":"","theme-transparent-header-meta":"","adv-header-id-meta":"","stick-header-meta":"","header-above-stick-meta":"","header-main-stick-meta":"","header-below-stick-meta":"","astra-migrate-meta-layouts":"default","ast-page-background-enabled":"default","ast-page-background-meta":{"desktop":{"background-color":"var(--ast-global-color-5)","background-image":"","background-repeat":"repeat","background-position":"center center","background-size":"auto","background-attachment":"scroll","background-type":"","background-media":"","overlay-type":"","overlay-color":"","overlay-opacity":"","overlay-gradient":""},"tablet":{"background-color":"","background-image":"","background-repeat":"repeat","background-position":"center center","background-size":"auto","background-attachment":"scroll","background-type":"","background-media":"","overlay-type":"","overlay-color":"","overlay-opacity":"","overlay-gradient":""},"mobile":{"background-color":"","background-image":"","background-repeat":"repeat","background-position":"center center","background-size":"auto","background-attachment":"scroll","background-type":"","background-media":"","overlay-type":"","overlay-color":"","overlay-opacity":"","overlay-gradient":""}},"ast-content-background-meta":{"desktop":{"background-color":"var(--ast-global-color-4)","background-image":"","background-repeat":"repeat","background-position":"center center","background-size":"auto","background-attachment":"scroll","background-type":"","background-media":"","overlay-type":"","overlay-color":"","overlay-opacity":"","overlay-gradient":""},"tablet":{"background-color":"var(--ast-global-color-4)","background-image":"","background-repeat":"repeat","background-position":"center center","background-size":"auto","background-attachment":"scroll","background-type":"","background-media":"","overlay-type":"","overlay-color":"","overlay-opacity":"","overlay-gradient":""},"mobile":{"background-color":"var(--ast-global-color-4)","background-image":"","background-repeat":"repeat","background-position":"center center","background-size":"auto","background-attachment":"scroll","background-type":"","background-media":"","overlay-type":"","overlay-color":"","overlay-opacity":"","overlay-gradient":""}}},"product_brand":[],"product_cat":[378,377,199,40],"product_tag":[],"class_list":{"0":"post-7085","1":"product","2":"type-product","3":"status-publish","4":"has-post-thumbnail","6":"product_cat-discs-pure-elements","7":"product_cat-foil-pure-elements","8":"product_cat-pure-elements","9":"product_cat-rh","10":"desktop-align-left","11":"tablet-align-left","12":"mobile-align-left","13":"ast-product-gallery-layout-horizontal-slider","14":"ast-product-tabs-layout-horizontal","15":"ast-qv-on-image","17":"first","18":"outofstock","19":"sold-individually","20":"taxable","21":"shipping-taxable","22":"purchasable","23":"product-type-simple"},"acf":[],"_links":{"self":[{"href":"https:\/\/smart-elements.com\/de\/wp-json\/wp\/v2\/product\/7085","targetHints":{"allow":["GET"]}}],"collection":[{"href":"https:\/\/smart-elements.com\/de\/wp-json\/wp\/v2\/product"}],"about":[{"href":"https:\/\/smart-elements.com\/de\/wp-json\/wp\/v2\/types\/product"}],"version-history":[{"count":0,"href":"https:\/\/smart-elements.com\/de\/wp-json\/wp\/v2\/product\/7085\/revisions"}],"wp:featuredmedia":[{"embeddable":true,"href":"https:\/\/smart-elements.com\/de\/wp-json\/wp\/v2\/media\/49431"}],"wp:attachment":[{"href":"https:\/\/smart-elements.com\/de\/wp-json\/wp\/v2\/media?parent=7085"}],"wp:term":[{"taxonomy":"product_brand","embeddable":true,"href":"https:\/\/smart-elements.com\/de\/wp-json\/wp\/v2\/product_brand?post=7085"},{"taxonomy":"product_cat","embeddable":true,"href":"https:\/\/smart-elements.com\/de\/wp-json\/wp\/v2\/product_cat?post=7085"},{"taxonomy":"product_tag","embeddable":true,"href":"https:\/\/smart-elements.com\/de\/wp-json\/wp\/v2\/product_tag?post=7085"}],"curies":[{"name":"wp","href":"https:\/\/api.w.org\/{rel}","templated":true}]}}