{"id":7060,"date":"2024-07-26T11:36:50","date_gmt":"2024-07-26T09:36:50","guid":{"rendered":"http:\/\/88.99.60.177\/shop\/dysprosium-potassium-phosphate-glass-ingot-strongly-magnetic-and-fluorescent\/"},"modified":"2026-01-14T11:56:27","modified_gmt":"2026-01-14T10:56:27","slug":"dysprosium-potassium-phosphate-glass-ingot-strongly-magnetic-and-fluorescent","status":"publish","type":"product","link":"https:\/\/smart-elements.com\/de\/shop\/dysprosium-potassium-phosphate-glass-ingot-strongly-magnetic-and-fluorescent\/","title":{"rendered":"Dysprosium-Kaliumphosphat-Glasbarren - stark magnetisch und fluoreszierend"},"content":{"rendered":"<p>Dysprosium-Kaliumphosphat-Glasbarren - stark magnetisch und fluoreszierend<\/p>\n<p>diameter ~ 30 mm &#8211; ~ 28- 32 grams<br \/>\nMaterial: Dy K P Glas &#8211; Dy2O3 content:\u00a0 17mol%<br \/>\nDysprosium Potassium Phosphate glass, containing over 17 mol% Dy2O3, has a distinctive pale lemon-yellow color. This glass is not only aesthetically pleasing but also exhibits strong paramagnetic properties, allowing it to lift a stack of neodymium magnets. While its yellow green fluorescence is slightly weaker (optical quenching) compared to glasses with lower Dysprosium concentrations, it remains notably impressive.<br \/>\nWir sind in der Lage, gro\u00dfe Ruten mit mehreren cm Durchmesser und L\u00e4ngen bis zu 50 mm zu gie\u00dfen.<\/p>","protected":false},"excerpt":{"rendered":"<p>Dysprosium-Kaliumphosphat-Glasbarren - stark magnetisch und fluoreszierend<\/p>\n<p>diameter ~ 30 mm &#8211; ~ 28 &#8211; 32 grams<br \/>\nMaterial: Dy K P Glas &#8211; Dy2O3 content:\u00a0 17mol%<\/p>\n<p>optical excitation optimum: 340 &#8211; 365nm<\/p>","protected":false},"featured_media":48257,"template":"","meta":{"_acf_changed":false,"site-sidebar-layout":"default","site-content-layout":"","ast-site-content-layout":"default","site-content-style":"default","site-sidebar-style":"default","ast-global-header-display":"","ast-banner-title-visibility":"","ast-main-header-display":"","ast-hfb-above-header-display":"","ast-hfb-below-header-display":"","ast-hfb-mobile-header-display":"","site-post-title":"","ast-breadcrumbs-content":"","ast-featured-img":"","footer-sml-layout":"","ast-disable-related-posts":"","theme-transparent-header-meta":"","adv-header-id-meta":"","stick-header-meta":"","header-above-stick-meta":"","header-main-stick-meta":"","header-below-stick-meta":"","astra-migrate-meta-layouts":"default","ast-page-background-enabled":"default","ast-page-background-meta":{"desktop":{"background-color":"var(--ast-global-color-5)","background-image":"","background-repeat":"repeat","background-position":"center center","background-size":"auto","background-attachment":"scroll","background-type":"","background-media":"","overlay-type":"","overlay-color":"","overlay-opacity":"","overlay-gradient":""},"tablet":{"background-color":"","background-image":"","background-repeat":"repeat","background-position":"center center","background-size":"auto","background-attachment":"scroll","background-type":"","background-media":"","overlay-type":"","overlay-color":"","overlay-opacity":"","overlay-gradient":""},"mobile":{"background-color":"","background-image":"","background-repeat":"repeat","background-position":"center center","background-size":"auto","background-attachment":"scroll","background-type":"","background-media":"","overlay-type":"","overlay-color":"","overlay-opacity":"","overlay-gradient":""}},"ast-content-background-meta":{"desktop":{"background-color":"var(--ast-global-color-4)","background-image":"","background-repeat":"repeat","background-position":"center center","background-size":"auto","background-attachment":"scroll","background-type":"","background-media":"","overlay-type":"","overlay-color":"","overlay-opacity":"","overlay-gradient":""},"tablet":{"background-color":"var(--ast-global-color-4)","background-image":"","background-repeat":"repeat","background-position":"center center","background-size":"auto","background-attachment":"scroll","background-type":"","background-media":"","overlay-type":"","overlay-color":"","overlay-opacity":"","overlay-gradient":""},"mobile":{"background-color":"var(--ast-global-color-4)","background-image":"","background-repeat":"repeat","background-position":"center center","background-size":"auto","background-attachment":"scroll","background-type":"","background-media":"","overlay-type":"","overlay-color":"","overlay-opacity":"","overlay-gradient":""}}},"product_brand":[],"product_cat":[23,29,365],"product_tag":[],"class_list":{"0":"post-7060","1":"product","2":"type-product","3":"status-publish","4":"has-post-thumbnail","6":"product_cat-doped-optical-crystals-glass","7":"product_cat-dy","8":"product_cat-phosphate-glass-doped-optical-crystals-glass","9":"desktop-align-left","10":"tablet-align-left","11":"mobile-align-left","12":"ast-product-gallery-layout-horizontal-slider","13":"ast-product-tabs-layout-horizontal","14":"ast-qv-on-image","16":"first","17":"onbackorder","18":"taxable","19":"shipping-taxable","20":"purchasable","21":"product-type-simple"},"acf":[],"_links":{"self":[{"href":"https:\/\/smart-elements.com\/de\/wp-json\/wp\/v2\/product\/7060","targetHints":{"allow":["GET"]}}],"collection":[{"href":"https:\/\/smart-elements.com\/de\/wp-json\/wp\/v2\/product"}],"about":[{"href":"https:\/\/smart-elements.com\/de\/wp-json\/wp\/v2\/types\/product"}],"version-history":[{"count":0,"href":"https:\/\/smart-elements.com\/de\/wp-json\/wp\/v2\/product\/7060\/revisions"}],"wp:featuredmedia":[{"embeddable":true,"href":"https:\/\/smart-elements.com\/de\/wp-json\/wp\/v2\/media\/48257"}],"wp:attachment":[{"href":"https:\/\/smart-elements.com\/de\/wp-json\/wp\/v2\/media?parent=7060"}],"wp:term":[{"taxonomy":"product_brand","embeddable":true,"href":"https:\/\/smart-elements.com\/de\/wp-json\/wp\/v2\/product_brand?post=7060"},{"taxonomy":"product_cat","embeddable":true,"href":"https:\/\/smart-elements.com\/de\/wp-json\/wp\/v2\/product_cat?post=7060"},{"taxonomy":"product_tag","embeddable":true,"href":"https:\/\/smart-elements.com\/de\/wp-json\/wp\/v2\/product_tag?post=7060"}],"curies":[{"name":"wp","href":"https:\/\/api.w.org\/{rel}","templated":true}]}}