{"id":6988,"date":"2024-05-31T12:58:52","date_gmt":"2024-05-31T10:58:52","guid":{"rendered":"http:\/\/88.99.60.177\/shop\/complete-set-of-all-elements-in-acrylic-cubes-118-pcs\/"},"modified":"2026-01-14T11:54:15","modified_gmt":"2026-01-14T10:54:15","slug":"kompletter-satz-aller-elemente-in-acrylwurfeln-118-stuck","status":"publish","type":"product","link":"https:\/\/smart-elements.com\/de\/shop\/complete-set-of-all-elements-in-acrylic-cubes-118-pcs\/","title":{"rendered":"Kompletter Satz ALLER Elemente in 50mm-Acrylw\u00fcrfeln - 118 St\u00fcck"},"content":{"rendered":"<p>Kompletter Satz von Elementen in Acrylw\u00fcrfeln - 118 St\u00fcck<\/p>\n<p>Dies ist der vollst\u00e4ndige Satz ALLER Elemente des Periodensystems!<\/p>\n<p><strong>Dies ist das vollst\u00e4ndige Set mit ALLEN Elementen des Periodensystems! Passt in unsere Displays <\/strong>(Display nicht enthalten)<\/p>\n<p>Werten Sie Ihre Sammlung mit unseren hochwertigen Acrylw\u00fcrfeln auf, die perfekt in unsere eleganten Vitrinen passen. Jeder W\u00fcrfel wird sorgf\u00e4ltig nach seiner Qualit\u00e4t ausgew\u00e4hlt, um eine beeindruckende Pr\u00e4sentation Ihrer wertvollen Elemente oder Sammlerst\u00fccke zu gew\u00e4hrleisten.<\/p>\n<ul>\n<li><strong>Hochwertige Auswahl<\/strong>: Jeder W\u00fcrfel wird sorgf\u00e4ltig ausgew\u00e4hlt, um die h\u00f6chsten Anforderungen an Klarheit und Haltbarkeit zu erf\u00fcllen.<\/li>\n<li><strong>Perfekte Passform<\/strong>: Ma\u00dfgeschneidert, um nahtlos in unsere Vitrine zu passen und f\u00fcr ein ordentliches und organisiertes Aussehen zu sorgen.<\/li>\n<li><strong>Kosteneffizientes Set<\/strong>: Sparen Sie etwa 20%, wenn Sie dieses komplette Set kaufen, verglichen mit dem Kauf jedes einzelnen W\u00fcrfels.<\/li>\n<li><strong>Gestaffelter Versand<\/strong>: Zu Ihrer Bequemlichkeit wird das komplette Set in 2 - 3 aufeinanderfolgenden Paketen \u00fcber einen Zeitraum von 6 Monaten verschickt, um eine sichere und rechtzeitige Lieferung zu gew\u00e4hrleisten.<\/li>\n<\/ul>\n<p>Dieses Komplettset bietet nicht nur einen erheblichen Preisnachlass, sondern auch den Komfort und die Qualit\u00e4tssicherung, die mit jedem Acrylw\u00fcrfel einhergehen. Gestalten Sie Ihre Ausstellung in Klassenzimmern, Museumsr\u00e4umen, Empfangsr\u00e4umen mit diesem wunderbar harmonischen Set und lassen Sie die Menschen staunen.<\/p>\n<p><strong>Jetzt bestellen<\/strong> da jedes Jahr nur sehr wenige Zeitfenster f\u00fcr die Produktion zur Verf\u00fcgung stehen.<\/p>\n<p><strong>Anmerkungen:<\/strong> Alle W\u00fcrfel, die radioaktive Elemente darstellen, enthalten einen Platzhalter, in den ein transparentes radioaktives Symbol (25 mm) eingebettet ist.<\/p>\n<p><img fetchpriority=\"high\" decoding=\"async\" class=\"wp-image-31171 size-medium alignnone\" style=\"font-size: 1rem;\" src=\"https:\/\/www.smart-elements.com\/wp\/wp-content\/uploads\/2019\/08\/Ac_Acryl800x6001-300x225.jpg\" alt=\"\" width=\"300\" height=\"225\" \/><\/p>\n<p>F\u00fcr W\u00fcrfel, die <span style=\"font-size: 1rem;\">sind in verschiedenen Varianten erh\u00e4ltlich, von denen es folgende gibt:<\/span><\/p>\n<p><img decoding=\"async\" class=\"alignleft wp-image-30011 size-medium\" src=\"https:\/\/www.smart-elements.com\/wp\/wp-content\/uploads\/2023\/12\/Cl_gas_Acry1000x750-300x225.jpg\" alt=\"\" width=\"300\" height=\"225\" \/><\/p>\n<p><img decoding=\"async\" class=\"alignnone wp-image-30343 size-medium\" src=\"https:\/\/www.smart-elements.com\/wp\/wp-content\/uploads\/2019\/10\/Xe_Acryl1800x6001-300x225.jpg\" alt=\"\" width=\"300\" height=\"225\" \/><\/p>","protected":false},"excerpt":{"rendered":"<p>Vollst\u00e4ndiger Satz ALLER Elemente des Periodensystems!<\/p>\n<p>118 ausgew\u00e4hlte Acrylw\u00fcrfel. Gr\u00f6\u00dfe 50x50x50mm (+- 1mm)<\/p>\n<p>Versandgewicht ~25kgs - Versand in 2 - 3 aufeinanderfolgenden Paketen innerhalb von 6 Monaten nach der Auftragserteilung.<\/p>","protected":false},"featured_media":48378,"template":"","meta":{"_acf_changed":false,"site-sidebar-layout":"default","site-content-layout":"","ast-site-content-layout":"default","site-content-style":"default","site-sidebar-style":"default","ast-global-header-display":"","ast-banner-title-visibility":"","ast-main-header-display":"","ast-hfb-above-header-display":"","ast-hfb-below-header-display":"","ast-hfb-mobile-header-display":"","site-post-title":"","ast-breadcrumbs-content":"","ast-featured-img":"","footer-sml-layout":"","ast-disable-related-posts":"","theme-transparent-header-meta":"","adv-header-id-meta":"","stick-header-meta":"","header-above-stick-meta":"","header-main-stick-meta":"","header-below-stick-meta":"","astra-migrate-meta-layouts":"default","ast-page-background-enabled":"default","ast-page-background-meta":{"desktop":{"background-color":"var(--ast-global-color-5)","background-image":"","background-repeat":"repeat","background-position":"center center","background-size":"auto","background-attachment":"scroll","background-type":"","background-media":"","overlay-type":"","overlay-color":"","overlay-opacity":"","overlay-gradient":""},"tablet":{"background-color":"","background-image":"","background-repeat":"repeat","background-position":"center center","background-size":"auto","background-attachment":"scroll","background-type":"","background-media":"","overlay-type":"","overlay-color":"","overlay-opacity":"","overlay-gradient":""},"mobile":{"background-color":"","background-image":"","background-repeat":"repeat","background-position":"center center","background-size":"auto","background-attachment":"scroll","background-type":"","background-media":"","overlay-type":"","overlay-color":"","overlay-opacity":"","overlay-gradient":""}},"ast-content-background-meta":{"desktop":{"background-color":"var(--ast-global-color-4)","background-image":"","background-repeat":"repeat","background-position":"center center","background-size":"auto","background-attachment":"scroll","background-type":"","background-media":"","overlay-type":"","overlay-color":"","overlay-opacity":"","overlay-gradient":""},"tablet":{"background-color":"var(--ast-global-color-4)","background-image":"","background-repeat":"repeat","background-position":"center center","background-size":"auto","background-attachment":"scroll","background-type":"","background-media":"","overlay-type":"","overlay-color":"","overlay-opacity":"","overlay-gradient":""},"mobile":{"background-color":"var(--ast-global-color-4)","background-image":"","background-repeat":"repeat","background-position":"center center","background-size":"auto","background-attachment":"scroll","background-type":"","background-media":"","overlay-type":"","overlay-color":"","overlay-opacity":"","overlay-gradient":""}}},"product_brand":[],"product_cat":[30],"product_tag":[],"class_list":{"0":"post-6988","1":"product","2":"type-product","3":"status-publish","4":"has-post-thumbnail","6":"product_cat-element-collections","7":"product_shipping_class-valuable-goods-insurance","8":"desktop-align-left","9":"tablet-align-left","10":"mobile-align-left","11":"ast-product-gallery-layout-horizontal-slider","12":"ast-product-tabs-layout-horizontal","13":"ast-qv-on-image","15":"first","16":"onbackorder","17":"featured","18":"taxable","19":"shipping-taxable","20":"purchasable","21":"product-type-simple"},"acf":[],"_links":{"self":[{"href":"https:\/\/smart-elements.com\/de\/wp-json\/wp\/v2\/product\/6988","targetHints":{"allow":["GET"]}}],"collection":[{"href":"https:\/\/smart-elements.com\/de\/wp-json\/wp\/v2\/product"}],"about":[{"href":"https:\/\/smart-elements.com\/de\/wp-json\/wp\/v2\/types\/product"}],"version-history":[{"count":0,"href":"https:\/\/smart-elements.com\/de\/wp-json\/wp\/v2\/product\/6988\/revisions"}],"wp:featuredmedia":[{"embeddable":true,"href":"https:\/\/smart-elements.com\/de\/wp-json\/wp\/v2\/media\/48378"}],"wp:attachment":[{"href":"https:\/\/smart-elements.com\/de\/wp-json\/wp\/v2\/media?parent=6988"}],"wp:term":[{"taxonomy":"product_brand","embeddable":true,"href":"https:\/\/smart-elements.com\/de\/wp-json\/wp\/v2\/product_brand?post=6988"},{"taxonomy":"product_cat","embeddable":true,"href":"https:\/\/smart-elements.com\/de\/wp-json\/wp\/v2\/product_cat?post=6988"},{"taxonomy":"product_tag","embeddable":true,"href":"https:\/\/smart-elements.com\/de\/wp-json\/wp\/v2\/product_tag?post=6988"}],"curies":[{"name":"wp","href":"https:\/\/api.w.org\/{rel}","templated":true}]}}