{"id":6818,"date":"2024-04-05T17:38:02","date_gmt":"2024-04-05T15:38:02","guid":{"rendered":"http:\/\/88.99.60.177\/shop\/captured-explosion-acrylic-cube-xenon-liquified-xe-50mm\/"},"modified":"2026-01-14T11:49:47","modified_gmt":"2026-01-14T10:49:47","slug":"eingefangene-explosion-acryl-wurfel-xenon-verflussigt-xe-50-mm","status":"publish","type":"product","link":"https:\/\/smart-elements.com\/de\/shop\/captured-explosion-acrylic-cube-xenon-liquified-xe-50mm\/","title":{"rendered":"Gefangene Explosion - Acrylw\u00fcrfel Xenon (verfl\u00fcssigt) Xe - 50mm"},"content":{"rendered":"<p>Die Sensation! Acryl-Elementbl\u00f6cke NEU!<\/p>\n<p>Aufgenommene Explosion einer fl\u00fcssigen Xenon-Ampulle mit 85 bar Druck.<\/p>\n<p>Betrachten Sie die faszinierende Sch\u00f6nheit einer eingefrorenen Explosion einer Fl\u00fcssig-Xenon-Ampulle, die in einer beeindruckenden Fl\u00fcssigacryldarstellung zur Stillung gebracht wurde.<\/p>\n<p>Im Kern dieses fesselnden St\u00fccks liegt ein Moment purer Dynamik \u2013 eine kraftvolle Explosion einer fl\u00fcssigen Xenonampulle unter einem erstaunlichen Druck von 85 bar. Dieses explosionsartige Ereignis wurde sorgf\u00e4ltig eingefangen und konserviert und enth\u00fcllt eine atemberaubende Schockwelle, die in exquisiter Detailtreue eingefroren ist.<\/p>\n<p>Die Schockwelle entfaltet sich in einer zarten, blumen\u00e4hnlichen Struktur und zeigt die komplizierten Muster und faszinierenden Symmetrien, die aus dem Chaos der Explosion entstanden sind. Jede bl\u00fctenblatt\u00e4hnliche Welle erz\u00e4hlt eine Geschichte von Energie und Bewegung und l\u00e4dt Sie ein, das faszinierende Zusammenspiel der beteiligten Kr\u00e4fte zu erkunden.<\/p>\n<p>Perfekt in klarem Acryl eingeschlossen, zeugt dieses bemerkenswerte St\u00fcck von der schieren Sch\u00f6nheit, die in den unerwartetsten Momenten wissenschaftlicher Ph\u00e4nomene zu finden ist. Ob als auff\u00e4lliges Herzst\u00fcck pr\u00e4sentiert oder als einzigartiger Gespr\u00e4chsanlass gesch\u00e4tzt, unser eingefangener Explosionsmoment einer fl\u00fcssigen Xenon-Ampulle verspricht, bei allen, die seine strahlende Pracht betrachten, Staunen und Neugier zu wecken.<\/p>","protected":false},"excerpt":{"rendered":"<p>Aufgefangene Explosion einer fl\u00fcssigen Xenon-Ampulle in einem 50x50x50mm gro\u00dfen Acrylw\u00fcrfel<\/p>","protected":false},"featured_media":49401,"template":"","meta":{"_acf_changed":false,"site-sidebar-layout":"default","site-content-layout":"","ast-site-content-layout":"default","site-content-style":"default","site-sidebar-style":"default","ast-global-header-display":"","ast-banner-title-visibility":"","ast-main-header-display":"","ast-hfb-above-header-display":"","ast-hfb-below-header-display":"","ast-hfb-mobile-header-display":"","site-post-title":"","ast-breadcrumbs-content":"","ast-featured-img":"","footer-sml-layout":"","ast-disable-related-posts":"","theme-transparent-header-meta":"","adv-header-id-meta":"","stick-header-meta":"","header-above-stick-meta":"","header-main-stick-meta":"","header-below-stick-meta":"","astra-migrate-meta-layouts":"default","ast-page-background-enabled":"default","ast-page-background-meta":{"desktop":{"background-color":"var(--ast-global-color-5)","background-image":"","background-repeat":"repeat","background-position":"center center","background-size":"auto","background-attachment":"scroll","background-type":"","background-media":"","overlay-type":"","overlay-color":"","overlay-opacity":"","overlay-gradient":""},"tablet":{"background-color":"","background-image":"","background-repeat":"repeat","background-position":"center center","background-size":"auto","background-attachment":"scroll","background-type":"","background-media":"","overlay-type":"","overlay-color":"","overlay-opacity":"","overlay-gradient":""},"mobile":{"background-color":"","background-image":"","background-repeat":"repeat","background-position":"center center","background-size":"auto","background-attachment":"scroll","background-type":"","background-media":"","overlay-type":"","overlay-color":"","overlay-opacity":"","overlay-gradient":""}},"ast-content-background-meta":{"desktop":{"background-color":"var(--ast-global-color-4)","background-image":"","background-repeat":"repeat","background-position":"center center","background-size":"auto","background-attachment":"scroll","background-type":"","background-media":"","overlay-type":"","overlay-color":"","overlay-opacity":"","overlay-gradient":""},"tablet":{"background-color":"var(--ast-global-color-4)","background-image":"","background-repeat":"repeat","background-position":"center center","background-size":"auto","background-attachment":"scroll","background-type":"","background-media":"","overlay-type":"","overlay-color":"","overlay-opacity":"","overlay-gradient":""},"mobile":{"background-color":"var(--ast-global-color-4)","background-image":"","background-repeat":"repeat","background-position":"center center","background-size":"auto","background-attachment":"scroll","background-type":"","background-media":"","overlay-type":"","overlay-color":"","overlay-opacity":"","overlay-gradient":""}}},"product_brand":[],"product_cat":[87,102],"product_tag":[],"class_list":{"0":"post-6818","1":"product","2":"type-product","3":"status-publish","4":"has-post-thumbnail","6":"product_cat-elements-in-acrylic-cubes","7":"product_cat-xe","8":"desktop-align-left","9":"tablet-align-left","10":"mobile-align-left","11":"ast-product-gallery-layout-horizontal-slider","12":"ast-product-tabs-layout-horizontal","13":"ast-qv-on-image","15":"first","16":"instock","17":"taxable","18":"shipping-taxable","19":"purchasable","20":"product-type-simple"},"acf":[],"_links":{"self":[{"href":"https:\/\/smart-elements.com\/de\/wp-json\/wp\/v2\/product\/6818","targetHints":{"allow":["GET"]}}],"collection":[{"href":"https:\/\/smart-elements.com\/de\/wp-json\/wp\/v2\/product"}],"about":[{"href":"https:\/\/smart-elements.com\/de\/wp-json\/wp\/v2\/types\/product"}],"version-history":[{"count":0,"href":"https:\/\/smart-elements.com\/de\/wp-json\/wp\/v2\/product\/6818\/revisions"}],"wp:featuredmedia":[{"embeddable":true,"href":"https:\/\/smart-elements.com\/de\/wp-json\/wp\/v2\/media\/49401"}],"wp:attachment":[{"href":"https:\/\/smart-elements.com\/de\/wp-json\/wp\/v2\/media?parent=6818"}],"wp:term":[{"taxonomy":"product_brand","embeddable":true,"href":"https:\/\/smart-elements.com\/de\/wp-json\/wp\/v2\/product_brand?post=6818"},{"taxonomy":"product_cat","embeddable":true,"href":"https:\/\/smart-elements.com\/de\/wp-json\/wp\/v2\/product_cat?post=6818"},{"taxonomy":"product_tag","embeddable":true,"href":"https:\/\/smart-elements.com\/de\/wp-json\/wp\/v2\/product_tag?post=6818"}],"curies":[{"name":"wp","href":"https:\/\/api.w.org\/{rel}","templated":true}]}}