{"id":6768,"date":"2024-03-27T03:46:29","date_gmt":"2024-03-27T02:46:29","guid":{"rendered":"http:\/\/88.99.60.177\/shop\/lanthanumiii-oxide-9999-la2o3-powder-bulk\/"},"modified":"2026-01-14T11:49:18","modified_gmt":"2026-01-14T10:49:18","slug":"lanthaniii-oxid-9999-la2o3-pulver-groshandel","status":"publish","type":"product","link":"https:\/\/smart-elements.com\/de\/shop\/lanthanumiii-oxide-9999-la2o3-powder-bulk\/","title":{"rendered":"Lanthan(III)-Oxid 99,99% - La2O3 - Pulver, lose"},"content":{"rendered":"<p><strong>Lanthan(III)-oxid, La<sub>2<\/sub>O<sub>3<\/sub>, 99.99% 4N Hochreines Pulver<\/strong><\/p>\n<ul>\n<li>Formel: La<sub>2<\/sub>O<sub>3<\/sub><\/li>\n<li>CAS-Nummer: 1312-81-8<\/li>\n<li>Molekulargewicht: 348,72 g\/mol<\/li>\n<li>Dichte: 3,86 g\/cm\u00b3 bei 25\u00b0C<\/li>\n<li>Schmelzpunkt: 2410 \u00b0C<\/li>\n<li>Farbe: Wei\u00dfes Pulver<\/li>\n<li>L\u00f6slichkeit: Unl\u00f6slich in Wasser.<\/li>\n<li>Reinheit: 99,99% 4N (La<sub>2<\/sub>O<sub>3<\/sub>\/TREO)<\/li>\n<\/ul>\n<p>Lanthansesquioxid ist ein wei\u00dfer, geruchloser Feststoff, der in verd\u00fcnnten S\u00e4uren l\u00f6slich, in Wasser jedoch unl\u00f6slich ist.<br \/>\nEs ist eine Seltene-Erden-Oxidverbindung, die ein basisches Anhydrid ist und daher mit S\u00e4uren sowie mit starken Reduktionsmitteln in Redoxreaktionen reagieren kann. Seltene-Erden-Oxidverbindungen enthalten mindestens ein Sauerstoffanion und ein metallisches Kation. Sie sind typischerweise in w\u00e4ssrigen L\u00f6sungen (Wasser) unl\u00f6slich und extrem stabil, was sie f\u00fcr keramische Strukturen n\u00fctzlich macht. Aus diesem Grund findet Lanthanoxid ein breites Anwendungsspektrum von der Herstellung von Tonwaren bis hin zur fortschrittlichen Elektronik. Lanthanoxid ist aufgrund seiner Ionenleitf\u00e4higkeit auch n\u00fctzlich in leichten Strukturbauteilen in der Luft- und Raumfahrt sowie in elektrochemischen Anwendungen wie Brennstoffzellen.<\/p>","protected":false},"excerpt":{"rendered":"<p>Lanthan(III)-Oxid 99,99% \u2013 La2O3 \u2013 Pulver<\/p>\n<p>Verschiedene B\u00fcndelgr\u00f6\u00dfen. Verpackt in einem Polybeutel unter Vakuum.<\/p>","protected":false},"featured_media":42478,"template":"","meta":{"_acf_changed":false,"site-sidebar-layout":"default","site-content-layout":"","ast-site-content-layout":"default","site-content-style":"default","site-sidebar-style":"default","ast-global-header-display":"","ast-banner-title-visibility":"","ast-main-header-display":"","ast-hfb-above-header-display":"","ast-hfb-below-header-display":"","ast-hfb-mobile-header-display":"","site-post-title":"","ast-breadcrumbs-content":"","ast-featured-img":"","footer-sml-layout":"","ast-disable-related-posts":"","theme-transparent-header-meta":"default","adv-header-id-meta":"","stick-header-meta":"default","header-above-stick-meta":"","header-main-stick-meta":"","header-below-stick-meta":"","astra-migrate-meta-layouts":"set","ast-page-background-enabled":"default","ast-page-background-meta":{"desktop":{"background-color":"var(--ast-global-color-5)","background-image":"","background-repeat":"repeat","background-position":"center center","background-size":"auto","background-attachment":"scroll","background-type":"","background-media":"","overlay-type":"","overlay-color":"","overlay-opacity":"","overlay-gradient":""},"tablet":{"background-color":"","background-image":"","background-repeat":"repeat","background-position":"center center","background-size":"auto","background-attachment":"scroll","background-type":"","background-media":"","overlay-type":"","overlay-color":"","overlay-opacity":"","overlay-gradient":""},"mobile":{"background-color":"","background-image":"","background-repeat":"repeat","background-position":"center center","background-size":"auto","background-attachment":"scroll","background-type":"","background-media":"","overlay-type":"","overlay-color":"","overlay-opacity":"","overlay-gradient":""}},"ast-content-background-meta":{"desktop":{"background-color":"var(--ast-global-color-4)","background-image":"","background-repeat":"repeat","background-position":"center center","background-size":"auto","background-attachment":"scroll","background-type":"","background-media":"","overlay-type":"","overlay-color":"","overlay-opacity":"","overlay-gradient":""},"tablet":{"background-color":"var(--ast-global-color-4)","background-image":"","background-repeat":"repeat","background-position":"center center","background-size":"auto","background-attachment":"scroll","background-type":"","background-media":"","overlay-type":"","overlay-color":"","overlay-opacity":"","overlay-gradient":""},"mobile":{"background-color":"var(--ast-global-color-4)","background-image":"","background-repeat":"repeat","background-position":"center center","background-size":"auto","background-attachment":"scroll","background-type":"","background-media":"","overlay-type":"","overlay-color":"","overlay-opacity":"","overlay-gradient":""}}},"product_brand":[],"product_cat":[49,90,372],"product_tag":[],"class_list":{"0":"post-6768","1":"product","2":"type-product","3":"status-publish","4":"has-post-thumbnail","6":"product_cat-compounds","7":"product_cat-la","8":"product_cat-oxides-compounds","9":"desktop-align-left","10":"tablet-align-left","11":"mobile-align-left","12":"ast-product-gallery-layout-horizontal-slider","13":"ast-product-gallery-with-no-image","14":"ast-product-single-variable","15":"ast-product-tabs-layout-horizontal","16":"ast-qv-on-image","18":"first","19":"outofstock","20":"taxable","21":"shipping-taxable","22":"purchasable","23":"product-type-variable"},"acf":[],"_links":{"self":[{"href":"https:\/\/smart-elements.com\/de\/wp-json\/wp\/v2\/product\/6768","targetHints":{"allow":["GET"]}}],"collection":[{"href":"https:\/\/smart-elements.com\/de\/wp-json\/wp\/v2\/product"}],"about":[{"href":"https:\/\/smart-elements.com\/de\/wp-json\/wp\/v2\/types\/product"}],"version-history":[{"count":0,"href":"https:\/\/smart-elements.com\/de\/wp-json\/wp\/v2\/product\/6768\/revisions"}],"wp:featuredmedia":[{"embeddable":true,"href":"https:\/\/smart-elements.com\/de\/wp-json\/wp\/v2\/media\/42478"}],"wp:attachment":[{"href":"https:\/\/smart-elements.com\/de\/wp-json\/wp\/v2\/media?parent=6768"}],"wp:term":[{"taxonomy":"product_brand","embeddable":true,"href":"https:\/\/smart-elements.com\/de\/wp-json\/wp\/v2\/product_brand?post=6768"},{"taxonomy":"product_cat","embeddable":true,"href":"https:\/\/smart-elements.com\/de\/wp-json\/wp\/v2\/product_cat?post=6768"},{"taxonomy":"product_tag","embeddable":true,"href":"https:\/\/smart-elements.com\/de\/wp-json\/wp\/v2\/product_tag?post=6768"}],"curies":[{"name":"wp","href":"https:\/\/api.w.org\/{rel}","templated":true}]}}