{"id":6751,"date":"2025-04-15T18:30:55","date_gmt":"2025-04-15T16:30:55","guid":{"rendered":"http:\/\/88.99.60.177\/shop\/glassy-carbon-rod-6-6mm-dia-99-99-purity-sales\/"},"modified":"2026-01-14T11:47:51","modified_gmt":"2026-01-14T10:47:51","slug":"glassy-carbon-rod-6-6mm-dia-99-99-purity-sales","status":"publish","type":"product","link":"https:\/\/smart-elements.com\/de\/shop\/glassy-carbon-rod-6-6mm-dia-99-99-purity-sales\/","title":{"rendered":"Glaskohlenstoffstab \u2013 6,6 mm Durchmesser \u2013 99,99 % Reinheit \u2013 ABVERKAUF"},"content":{"rendered":"<p>Kohlenstoff als glasartige Kohlenstoffmodifikation.<\/p>\n<p>Glaskohlenstoff, auch Glaskohlenstoff genannt, ist ein fortschrittliches Material aus reinem Kohlenstoff, das glasartige und keramische Eigenschaften mit denen von Graphit vereint. Im Gegensatz zu Graphit weist Glaskohlenstoff eine Fulleren-\u00e4hnliche Mikrostruktur auf. Dies f\u00fchrt zu einer Vielzahl einzigartiger Materialeigenschaften.<\/p>\n<ul>\n<li>Extreme Best\u00e4ndigkeit gegen Thermoschock und Korrosion<\/li>\n<li>stabil in Schutzgas oder Vakuum bis 3000 \u00b0C<\/li>\n<\/ul>\n<p>Diese Modifikation des Elements ist noch immer sehr teuer und schwer zu finden. Ein Muss f\u00fcr jede Elementsammlung!<\/p>","protected":false},"excerpt":{"rendered":"<p>Glaskohlenstoffstab, verschiedene L\u00e4ngen x 6,6 mm Durchmesser \u2013 99,99 % Reinheit<\/p>\n<p>Es handelt sich um Restst\u00e4be mit unterschiedlichen L\u00e4ngen<\/p>\n<p>W\u00e4hlen Sie die gew\u00fcnschte L\u00e4nge aus.<\/p>","protected":false},"featured_media":48748,"template":"","meta":{"_acf_changed":false,"site-sidebar-layout":"default","site-content-layout":"","ast-site-content-layout":"default","site-content-style":"default","site-sidebar-style":"default","ast-global-header-display":"","ast-banner-title-visibility":"","ast-main-header-display":"","ast-hfb-above-header-display":"","ast-hfb-below-header-display":"","ast-hfb-mobile-header-display":"","site-post-title":"","ast-breadcrumbs-content":"","ast-featured-img":"","footer-sml-layout":"","ast-disable-related-posts":"","theme-transparent-header-meta":"","adv-header-id-meta":"","stick-header-meta":"","header-above-stick-meta":"","header-main-stick-meta":"","header-below-stick-meta":"","astra-migrate-meta-layouts":"default","ast-page-background-enabled":"default","ast-page-background-meta":{"desktop":{"background-color":"var(--ast-global-color-5)","background-image":"","background-repeat":"repeat","background-position":"center center","background-size":"auto","background-attachment":"scroll","background-type":"","background-media":"","overlay-type":"","overlay-color":"","overlay-opacity":"","overlay-gradient":""},"tablet":{"background-color":"","background-image":"","background-repeat":"repeat","background-position":"center center","background-size":"auto","background-attachment":"scroll","background-type":"","background-media":"","overlay-type":"","overlay-color":"","overlay-opacity":"","overlay-gradient":""},"mobile":{"background-color":"","background-image":"","background-repeat":"repeat","background-position":"center center","background-size":"auto","background-attachment":"scroll","background-type":"","background-media":"","overlay-type":"","overlay-color":"","overlay-opacity":"","overlay-gradient":""}},"ast-content-background-meta":{"desktop":{"background-color":"var(--ast-global-color-4)","background-image":"","background-repeat":"repeat","background-position":"center center","background-size":"auto","background-attachment":"scroll","background-type":"","background-media":"","overlay-type":"","overlay-color":"","overlay-opacity":"","overlay-gradient":""},"tablet":{"background-color":"var(--ast-global-color-4)","background-image":"","background-repeat":"repeat","background-position":"center center","background-size":"auto","background-attachment":"scroll","background-type":"","background-media":"","overlay-type":"","overlay-color":"","overlay-opacity":"","overlay-gradient":""},"mobile":{"background-color":"var(--ast-global-color-4)","background-image":"","background-repeat":"repeat","background-position":"center center","background-size":"auto","background-attachment":"scroll","background-type":"","background-media":"","overlay-type":"","overlay-color":"","overlay-opacity":"","overlay-gradient":""}}},"product_brand":[],"product_cat":[249,199,380],"product_tag":[],"class_list":{"0":"post-6751","1":"product","2":"type-product","3":"status-publish","4":"has-post-thumbnail","6":"product_cat-c","7":"product_cat-pure-elements","8":"product_cat-rods-pure-elements","9":"desktop-align-left","10":"tablet-align-left","11":"mobile-align-left","12":"ast-product-gallery-layout-horizontal-slider","13":"ast-product-gallery-with-no-image","14":"ast-product-single-variable","15":"ast-product-tabs-layout-horizontal","16":"ast-qv-on-image","18":"first","19":"instock","20":"taxable","21":"shipping-taxable","22":"purchasable","23":"product-type-variable"},"acf":[],"_links":{"self":[{"href":"https:\/\/smart-elements.com\/de\/wp-json\/wp\/v2\/product\/6751","targetHints":{"allow":["GET"]}}],"collection":[{"href":"https:\/\/smart-elements.com\/de\/wp-json\/wp\/v2\/product"}],"about":[{"href":"https:\/\/smart-elements.com\/de\/wp-json\/wp\/v2\/types\/product"}],"version-history":[{"count":0,"href":"https:\/\/smart-elements.com\/de\/wp-json\/wp\/v2\/product\/6751\/revisions"}],"wp:featuredmedia":[{"embeddable":true,"href":"https:\/\/smart-elements.com\/de\/wp-json\/wp\/v2\/media\/48748"}],"wp:attachment":[{"href":"https:\/\/smart-elements.com\/de\/wp-json\/wp\/v2\/media?parent=6751"}],"wp:term":[{"taxonomy":"product_brand","embeddable":true,"href":"https:\/\/smart-elements.com\/de\/wp-json\/wp\/v2\/product_brand?post=6751"},{"taxonomy":"product_cat","embeddable":true,"href":"https:\/\/smart-elements.com\/de\/wp-json\/wp\/v2\/product_cat?post=6751"},{"taxonomy":"product_tag","embeddable":true,"href":"https:\/\/smart-elements.com\/de\/wp-json\/wp\/v2\/product_tag?post=6751"}],"curies":[{"name":"wp","href":"https:\/\/api.w.org\/{rel}","templated":true}]}}