{"id":6691,"date":"2024-06-27T14:53:12","date_gmt":"2024-06-27T12:53:12","guid":{"rendered":"http:\/\/88.99.60.177\/shop\/super-tesla-coil-180mm\/"},"modified":"2026-04-04T09:26:02","modified_gmt":"2026-04-04T07:26:02","slug":"super-tesla-spule-180mm","status":"publish","type":"product","link":"https:\/\/smart-elements.com\/de\/shop\/super-tesla-coil-180mm\/","title":{"rendered":"Jumbo Tesla Spule 180mm - Super stark"},"content":{"rendered":"<ul class=\"a-unordered-list a-vertical a-spacing-mini\">\n<li>Dies ist der gr\u00f6\u00dfere Bruder unserer kompakten Tesla-Spulen. Sie erzeugt ein hochfrequentes und Hochspannungs-elektrisches Feld und produzieren sch\u00f6ne Funken an der oberen Spitze.<\/li>\n<li>Sie beleuchtet alle Arten von Entladungsr\u00f6hren oder Lampen und sogar LEDs, indem man die R\u00f6hre oder Lampe einfach in die N\u00e4he der Spule h\u00e4lt. Gleichzeitig f\u00fcgt diese Tesla-Spule dem Stromkreis eine Audio-Modulation hinzu, so dass bei einem Musikeingang der Lichtbogen Musikklang emittiert und zu einem Plasma-Lautsprecher wird. Die Oberseite dieser Spule ist mit verschiedenen auswechselbaren Entladungsanschl\u00fcssen versehen, wodurch die Wirkung eines Ionenkranzes oder einer Ionenwindm\u00fchle erzielt wird.<\/li>\n<\/ul>\n<p>Diese Spule funktioniert mit allen unseren Entladungsr\u00f6hren und wird mit einem europ\u00e4ischen Netzstecker geliefert. Sie kann aufgrund eines starken und leisen L\u00fcfters im Dauerbetrieb eingesetzt werden.<\/p>\n<p>&nbsp;<\/p>\n<p><img fetchpriority=\"high\" decoding=\"async\" class=\"alignnone wp-image-29893 size-full\" src=\"https:\/\/www.smart-elements.com\/wp\/wp-content\/uploads\/2024\/01\/S8a89b8a37d5b438385817f636e943b91K-e1704204023977.webp\" alt=\"\" width=\"620\" height=\"693\" \/><\/p>","protected":false},"excerpt":{"rendered":"<p>Jumbo Tesla-Spule (mit gr\u00f6\u00dferer Spule)<\/p>\n<p>Gr\u00f6\u00dfe: H 180 x B 93 x T 93 mm \u2013 Spulendurchmesser: 40 mm<\/p>\n<p>Komplett mit Netzteil und Zubeh\u00f6r.<\/p>\n<p>Farbe: Blau, Stromkabel: EU \u2013 Mit Audioeingang.<\/p>","protected":false},"featured_media":49389,"template":"","meta":{"_acf_changed":false,"site-sidebar-layout":"default","site-content-layout":"","ast-site-content-layout":"default","site-content-style":"default","site-sidebar-style":"default","ast-global-header-display":"","ast-banner-title-visibility":"","ast-main-header-display":"","ast-hfb-above-header-display":"","ast-hfb-below-header-display":"","ast-hfb-mobile-header-display":"","site-post-title":"","ast-breadcrumbs-content":"","ast-featured-img":"","footer-sml-layout":"","ast-disable-related-posts":"","theme-transparent-header-meta":"","adv-header-id-meta":"","stick-header-meta":"","header-above-stick-meta":"","header-main-stick-meta":"","header-below-stick-meta":"","astra-migrate-meta-layouts":"default","ast-page-background-enabled":"default","ast-page-background-meta":{"desktop":{"background-color":"var(--ast-global-color-5)","background-image":"","background-repeat":"repeat","background-position":"center center","background-size":"auto","background-attachment":"scroll","background-type":"","background-media":"","overlay-type":"","overlay-color":"","overlay-opacity":"","overlay-gradient":""},"tablet":{"background-color":"","background-image":"","background-repeat":"repeat","background-position":"center center","background-size":"auto","background-attachment":"scroll","background-type":"","background-media":"","overlay-type":"","overlay-color":"","overlay-opacity":"","overlay-gradient":""},"mobile":{"background-color":"","background-image":"","background-repeat":"repeat","background-position":"center center","background-size":"auto","background-attachment":"scroll","background-type":"","background-media":"","overlay-type":"","overlay-color":"","overlay-opacity":"","overlay-gradient":""}},"ast-content-background-meta":{"desktop":{"background-color":"var(--ast-global-color-4)","background-image":"","background-repeat":"repeat","background-position":"center center","background-size":"auto","background-attachment":"scroll","background-type":"","background-media":"","overlay-type":"","overlay-color":"","overlay-opacity":"","overlay-gradient":""},"tablet":{"background-color":"var(--ast-global-color-4)","background-image":"","background-repeat":"repeat","background-position":"center center","background-size":"auto","background-attachment":"scroll","background-type":"","background-media":"","overlay-type":"","overlay-color":"","overlay-opacity":"","overlay-gradient":""},"mobile":{"background-color":"var(--ast-global-color-4)","background-image":"","background-repeat":"repeat","background-position":"center center","background-size":"auto","background-attachment":"scroll","background-type":"","background-media":"","overlay-type":"","overlay-color":"","overlay-opacity":"","overlay-gradient":""}}},"product_brand":[],"product_cat":[47,205,392],"product_tag":[],"class_list":{"0":"post-6691","1":"product","2":"type-product","3":"status-publish","4":"has-post-thumbnail","6":"product_cat-discharge-lamps","7":"product_cat-lab-supplies","8":"product_cat-tesla-series-discharge-lamps","9":"desktop-align-left","10":"tablet-align-left","11":"mobile-align-left","12":"ast-product-gallery-layout-horizontal-slider","13":"ast-product-tabs-layout-horizontal","14":"ast-qv-on-image","16":"first","17":"onbackorder","18":"taxable","19":"shipping-taxable","20":"purchasable","21":"product-type-simple"},"acf":[],"_links":{"self":[{"href":"https:\/\/smart-elements.com\/de\/wp-json\/wp\/v2\/product\/6691","targetHints":{"allow":["GET"]}}],"collection":[{"href":"https:\/\/smart-elements.com\/de\/wp-json\/wp\/v2\/product"}],"about":[{"href":"https:\/\/smart-elements.com\/de\/wp-json\/wp\/v2\/types\/product"}],"version-history":[{"count":0,"href":"https:\/\/smart-elements.com\/de\/wp-json\/wp\/v2\/product\/6691\/revisions"}],"wp:featuredmedia":[{"embeddable":true,"href":"https:\/\/smart-elements.com\/de\/wp-json\/wp\/v2\/media\/49389"}],"wp:attachment":[{"href":"https:\/\/smart-elements.com\/de\/wp-json\/wp\/v2\/media?parent=6691"}],"wp:term":[{"taxonomy":"product_brand","embeddable":true,"href":"https:\/\/smart-elements.com\/de\/wp-json\/wp\/v2\/product_brand?post=6691"},{"taxonomy":"product_cat","embeddable":true,"href":"https:\/\/smart-elements.com\/de\/wp-json\/wp\/v2\/product_cat?post=6691"},{"taxonomy":"product_tag","embeddable":true,"href":"https:\/\/smart-elements.com\/de\/wp-json\/wp\/v2\/product_tag?post=6691"}],"curies":[{"name":"wp","href":"https:\/\/api.w.org\/{rel}","templated":true}]}}