{"id":6578,"date":"2023-09-14T21:17:36","date_gmt":"2023-09-14T19:17:36","guid":{"rendered":"http:\/\/88.99.60.177\/shop\/damast-titanium-rod-%e2%8c%80-35x55mm-240-grams-3\/"},"modified":"2026-01-14T11:40:03","modified_gmt":"2026-01-14T10:40:03","slug":"damast-titanstab-%e2%8c%80-35x55mm-240-gramm-3","status":"publish","type":"product","link":"https:\/\/smart-elements.com\/de\/shop\/damast-titanium-rod-%e2%8c%80-35x55mm-240-grams-3\/","title":{"rendered":"Damast-Titan-Stab \u2300 35x55mm \u2013 240 Gramm #3"},"content":{"rendered":"<p>Wir pr\u00e4sentieren Damast Titanium: Entdecken Sie die Sch\u00f6nheit grenzenloser Farben!<\/p>\n<p>Damast-Titan, auch bekannt als Damaszener-Titan, ist eine spezielle Titanlegierung, die die Festigkeit und Haltbarkeit von Titan mit der einzigartigen \u00c4sthetik von Damaszener Stahl verbindet.<\/p>\n<p>Damaszenerstahl ist bekannt f\u00fcr sein charakteristisches Muster und seine hervorragende Schneidleistung. Traditionell wird er durch das Verschmieden von Lagen verschiedener Stahlsorten hergestellt, wodurch ein sch\u00f6nes, wellenf\u00f6rmiges Muster auf der Klinge oder der Metalloberfl\u00e4che entsteht. Dieses Muster wird durch ein Verfahren namens Damaszenerstahl oder Schmiedeschwei\u00dfen erzeugt, bei dem die Stahllagen gefaltet und so geformt werden, dass das gew\u00fcnschte Muster entsteht.<\/p>\n<p>Bei Damast-Titan wird diese Technik anstelle von Stahl auf Titan angewendet. Mehrere Schichten Titan werden sorgf\u00e4ltig verschwei\u00dft und dann durch Erhitzen, Schmieden und \u00c4tzen bearbeitet, um das charakteristische Damastmuster zu erzielen. Das Ergebnis ist eine beeindruckende Kombination aus den leichten und korrosionsbest\u00e4ndigen Eigenschaften von Titan mit dem k\u00fcnstlerischen Reiz des Damastmusters.<\/p>","protected":false},"excerpt":{"rendered":"<p>Damast-Titanium-Stab \u2300 35x55mm \u2013 240 Gramm<\/p>\n<p><strong>Sie erhalten die auf dem Bild gezeigte Rute!<\/strong><\/p>","protected":false},"featured_media":49379,"template":"","meta":{"_acf_changed":false,"site-sidebar-layout":"default","site-content-layout":"","ast-site-content-layout":"default","site-content-style":"default","site-sidebar-style":"default","ast-global-header-display":"","ast-banner-title-visibility":"","ast-main-header-display":"","ast-hfb-above-header-display":"","ast-hfb-below-header-display":"","ast-hfb-mobile-header-display":"","site-post-title":"","ast-breadcrumbs-content":"","ast-featured-img":"","footer-sml-layout":"","ast-disable-related-posts":"","theme-transparent-header-meta":"","adv-header-id-meta":"","stick-header-meta":"","header-above-stick-meta":"","header-main-stick-meta":"","header-below-stick-meta":"","astra-migrate-meta-layouts":"default","ast-page-background-enabled":"default","ast-page-background-meta":{"desktop":{"background-color":"var(--ast-global-color-5)","background-image":"","background-repeat":"repeat","background-position":"center center","background-size":"auto","background-attachment":"scroll","background-type":"","background-media":"","overlay-type":"","overlay-color":"","overlay-opacity":"","overlay-gradient":""},"tablet":{"background-color":"","background-image":"","background-repeat":"repeat","background-position":"center center","background-size":"auto","background-attachment":"scroll","background-type":"","background-media":"","overlay-type":"","overlay-color":"","overlay-opacity":"","overlay-gradient":""},"mobile":{"background-color":"","background-image":"","background-repeat":"repeat","background-position":"center center","background-size":"auto","background-attachment":"scroll","background-type":"","background-media":"","overlay-type":"","overlay-color":"","overlay-opacity":"","overlay-gradient":""}},"ast-content-background-meta":{"desktop":{"background-color":"var(--ast-global-color-4)","background-image":"","background-repeat":"repeat","background-position":"center center","background-size":"auto","background-attachment":"scroll","background-type":"","background-media":"","overlay-type":"","overlay-color":"","overlay-opacity":"","overlay-gradient":""},"tablet":{"background-color":"var(--ast-global-color-4)","background-image":"","background-repeat":"repeat","background-position":"center center","background-size":"auto","background-attachment":"scroll","background-type":"","background-media":"","overlay-type":"","overlay-color":"","overlay-opacity":"","overlay-gradient":""},"mobile":{"background-color":"var(--ast-global-color-4)","background-image":"","background-repeat":"repeat","background-position":"center center","background-size":"auto","background-attachment":"scroll","background-type":"","background-media":"","overlay-type":"","overlay-color":"","overlay-opacity":"","overlay-gradient":""}}},"product_brand":[],"product_cat":[380,43],"product_tag":[],"class_list":{"0":"post-6578","1":"product","2":"type-product","3":"status-publish","4":"has-post-thumbnail","6":"product_cat-rods-pure-elements","7":"product_cat-ti","8":"desktop-align-left","9":"tablet-align-left","10":"mobile-align-left","11":"ast-product-gallery-layout-horizontal-slider","12":"ast-product-gallery-with-no-image","13":"ast-product-tabs-layout-horizontal","14":"ast-qv-on-image","16":"first","17":"instock","18":"taxable","19":"shipping-taxable","20":"purchasable","21":"product-type-simple"},"acf":[],"_links":{"self":[{"href":"https:\/\/smart-elements.com\/de\/wp-json\/wp\/v2\/product\/6578","targetHints":{"allow":["GET"]}}],"collection":[{"href":"https:\/\/smart-elements.com\/de\/wp-json\/wp\/v2\/product"}],"about":[{"href":"https:\/\/smart-elements.com\/de\/wp-json\/wp\/v2\/types\/product"}],"version-history":[{"count":0,"href":"https:\/\/smart-elements.com\/de\/wp-json\/wp\/v2\/product\/6578\/revisions"}],"wp:featuredmedia":[{"embeddable":true,"href":"https:\/\/smart-elements.com\/de\/wp-json\/wp\/v2\/media\/49379"}],"wp:attachment":[{"href":"https:\/\/smart-elements.com\/de\/wp-json\/wp\/v2\/media?parent=6578"}],"wp:term":[{"taxonomy":"product_brand","embeddable":true,"href":"https:\/\/smart-elements.com\/de\/wp-json\/wp\/v2\/product_brand?post=6578"},{"taxonomy":"product_cat","embeddable":true,"href":"https:\/\/smart-elements.com\/de\/wp-json\/wp\/v2\/product_cat?post=6578"},{"taxonomy":"product_tag","embeddable":true,"href":"https:\/\/smart-elements.com\/de\/wp-json\/wp\/v2\/product_tag?post=6578"}],"curies":[{"name":"wp","href":"https:\/\/api.w.org\/{rel}","templated":true}]}}