{"id":6457,"date":"2023-06-24T13:42:23","date_gmt":"2023-06-24T11:42:23","guid":{"rendered":"http:\/\/88.99.60.177\/shop\/high-purity-titanium-metal-melted-bead-13-5-13-8g-anodized\/"},"modified":"2026-01-14T11:35:58","modified_gmt":"2026-01-14T10:35:58","slug":"hochreines-titanmetall-geschmolzene-perle-13-5-13-8-g-anodisiert","status":"publish","type":"product","link":"https:\/\/smart-elements.com\/de\/shop\/high-purity-titanium-metal-melted-bead-13-5-13-8g-anodized\/","title":{"rendered":"Hochreines Titan Metall geschmolzen Perle - 13.5 - 13.8g Eloxiert"},"content":{"rendered":"<p>Hochreines Titan 99,9%<br \/>\nLichtbogen stumpfgeschwei\u00dft und eloxiert Durchmesser ~ 20 mm<\/p>\n<p>Erweitern Sie Ihre Sammlung mit diesem exquisiten, einzigartigen Artefakt, das akribisch aus hochreinem Titan gefertigt wurde. Das Titan wurde lichtbogenverschmolzen und anodisiert.<\/p>\n<p>Mit einer fesselnden Brillanz strahlend, weist dieses bemerkenswerte St\u00fcck eine bemerkenswert saubere und gl\u00e4nzende Oberfl\u00e4che auf, die mit einer atemberaubenden Kristallstruktur verziert ist. Mit unvergleichlicher Pr\u00e4zision und Liebe zum Detail gefertigt, ist dieses seltene Juwel ein Beweis f\u00fcr die au\u00dfergew\u00f6hnliche Handwerkskunst aus Deutschland.<\/p>","protected":false},"excerpt":{"rendered":"<p>Hochreines Titan 99,9%<br \/>\nLichtbogen stumpfgeschwei\u00dft und eloxiert Durchmesser ~ 20 mm<\/p>","protected":false},"featured_media":49363,"template":"","meta":{"_acf_changed":false,"site-sidebar-layout":"default","site-content-layout":"","ast-site-content-layout":"default","site-content-style":"default","site-sidebar-style":"default","ast-global-header-display":"","ast-banner-title-visibility":"","ast-main-header-display":"","ast-hfb-above-header-display":"","ast-hfb-below-header-display":"","ast-hfb-mobile-header-display":"","site-post-title":"","ast-breadcrumbs-content":"","ast-featured-img":"","footer-sml-layout":"","ast-disable-related-posts":"","theme-transparent-header-meta":"","adv-header-id-meta":"","stick-header-meta":"","header-above-stick-meta":"","header-main-stick-meta":"","header-below-stick-meta":"","astra-migrate-meta-layouts":"default","ast-page-background-enabled":"default","ast-page-background-meta":{"desktop":{"background-color":"var(--ast-global-color-5)","background-image":"","background-repeat":"repeat","background-position":"center center","background-size":"auto","background-attachment":"scroll","background-type":"","background-media":"","overlay-type":"","overlay-color":"","overlay-opacity":"","overlay-gradient":""},"tablet":{"background-color":"","background-image":"","background-repeat":"repeat","background-position":"center center","background-size":"auto","background-attachment":"scroll","background-type":"","background-media":"","overlay-type":"","overlay-color":"","overlay-opacity":"","overlay-gradient":""},"mobile":{"background-color":"","background-image":"","background-repeat":"repeat","background-position":"center center","background-size":"auto","background-attachment":"scroll","background-type":"","background-media":"","overlay-type":"","overlay-color":"","overlay-opacity":"","overlay-gradient":""}},"ast-content-background-meta":{"desktop":{"background-color":"var(--ast-global-color-4)","background-image":"","background-repeat":"repeat","background-position":"center center","background-size":"auto","background-attachment":"scroll","background-type":"","background-media":"","overlay-type":"","overlay-color":"","overlay-opacity":"","overlay-gradient":""},"tablet":{"background-color":"var(--ast-global-color-4)","background-image":"","background-repeat":"repeat","background-position":"center center","background-size":"auto","background-attachment":"scroll","background-type":"","background-media":"","overlay-type":"","overlay-color":"","overlay-opacity":"","overlay-gradient":""},"mobile":{"background-color":"var(--ast-global-color-4)","background-image":"","background-repeat":"repeat","background-position":"center center","background-size":"auto","background-attachment":"scroll","background-type":"","background-media":"","overlay-type":"","overlay-color":"","overlay-opacity":"","overlay-gradient":""}}},"product_brand":[],"product_cat":[376,199,43],"product_tag":[],"class_list":{"0":"post-6457","1":"product","2":"type-product","3":"status-publish","4":"has-post-thumbnail","6":"product_cat-beads-granules-pure-elements","7":"product_cat-pure-elements","8":"product_cat-ti","9":"desktop-align-left","10":"tablet-align-left","11":"mobile-align-left","12":"ast-product-gallery-layout-horizontal-slider","13":"ast-product-gallery-with-no-image","14":"ast-product-tabs-layout-horizontal","15":"ast-qv-on-image","17":"first","18":"instock","19":"taxable","20":"shipping-taxable","21":"purchasable","22":"product-type-simple"},"acf":[],"_links":{"self":[{"href":"https:\/\/smart-elements.com\/de\/wp-json\/wp\/v2\/product\/6457","targetHints":{"allow":["GET"]}}],"collection":[{"href":"https:\/\/smart-elements.com\/de\/wp-json\/wp\/v2\/product"}],"about":[{"href":"https:\/\/smart-elements.com\/de\/wp-json\/wp\/v2\/types\/product"}],"version-history":[{"count":0,"href":"https:\/\/smart-elements.com\/de\/wp-json\/wp\/v2\/product\/6457\/revisions"}],"wp:featuredmedia":[{"embeddable":true,"href":"https:\/\/smart-elements.com\/de\/wp-json\/wp\/v2\/media\/49363"}],"wp:attachment":[{"href":"https:\/\/smart-elements.com\/de\/wp-json\/wp\/v2\/media?parent=6457"}],"wp:term":[{"taxonomy":"product_brand","embeddable":true,"href":"https:\/\/smart-elements.com\/de\/wp-json\/wp\/v2\/product_brand?post=6457"},{"taxonomy":"product_cat","embeddable":true,"href":"https:\/\/smart-elements.com\/de\/wp-json\/wp\/v2\/product_cat?post=6457"},{"taxonomy":"product_tag","embeddable":true,"href":"https:\/\/smart-elements.com\/de\/wp-json\/wp\/v2\/product_tag?post=6457"}],"curies":[{"name":"wp","href":"https:\/\/api.w.org\/{rel}","templated":true}]}}