{"id":6452,"date":"2023-06-20T20:41:59","date_gmt":"2023-06-20T18:41:59","guid":{"rendered":"http:\/\/88.99.60.177\/shop\/big-titanium-anodized-density-cube-10cm3-45-grams\/"},"modified":"2026-01-14T11:35:24","modified_gmt":"2026-01-14T10:35:24","slug":"groser-rot-eloxierter-wurfel-aus-titan-10-cm%c2%b3-45-gramm","status":"publish","type":"product","link":"https:\/\/smart-elements.com\/de\/shop\/big-titanium-anodized-density-cube-10cm3-45-grams\/","title":{"rendered":"Big Titan eloxiert Dichte W\u00fcrfel 10cm3 45 Gramm"},"content":{"rendered":"<h1>Titan, eloxierte Dichte-Standardw\u00fcrfel 10cm3 NEU!<\/h1>\n<p>Gr\u00f6\u00dfe:21,6 mm x 21,6 mm x 21,6 mm = 10 cm\u00b3<\/p>\n<p>Versch\u00f6nern Sie Ihr Ambiente mit unseren exquisiten eloxierten 10 cm\u00b3 gro\u00dfen Titanw\u00fcrfeln. Erh\u00e4ltlich in drei faszinierenden Farben \u2013 Blau, Lila und Gold \u2013 sind diese limitierten Sch\u00f6nheiten ein Muss f\u00fcr anspruchsvolle Geschm\u00e4cker. Handeln Sie schnell, um Ihre Lieblingsfarbe zu sichern, denn wir haben diese atemberaubenden Kreationen gerade ver\u00f6ffentlicht.<\/p>\n<p>Mit Pr\u00e4zision und Liebe zum Detail gefertigt, bestechen unsere Titanw\u00fcrfel durch ein elegantes eloxiertes Finish, das jedem Ambiente einen Hauch von Brillanz verleiht. Mit einem Volumen von 10 cm\u00b3 eignen sie sich als auff\u00e4lliger Mittelpunkt oder als stilvolle Erg\u00e4nzung f\u00fcr Ihren Schreibtisch.<\/p>\n<p>W\u00e4hlen Sie Ihre Lieblingsfarbe.<\/p>\n<p>Sie werden mit Lasergravur geliefert.<\/p>","protected":false},"excerpt":{"rendered":"<p>Titan, eloxierte Dichte-Standardw\u00fcrfel 10cm3 NEU!<\/p>\n<p>Gr\u00f6\u00dfe:21,6 mm x 21,6 mm x 21,6 mm = 10 cm\u00b3<\/p>","protected":false},"featured_media":49362,"template":"","meta":{"_acf_changed":false,"site-sidebar-layout":"default","site-content-layout":"","ast-site-content-layout":"default","site-content-style":"default","site-sidebar-style":"default","ast-global-header-display":"","ast-banner-title-visibility":"","ast-main-header-display":"","ast-hfb-above-header-display":"","ast-hfb-below-header-display":"","ast-hfb-mobile-header-display":"","site-post-title":"","ast-breadcrumbs-content":"","ast-featured-img":"","footer-sml-layout":"","ast-disable-related-posts":"","theme-transparent-header-meta":"","adv-header-id-meta":"","stick-header-meta":"","header-above-stick-meta":"","header-main-stick-meta":"","header-below-stick-meta":"","astra-migrate-meta-layouts":"default","ast-page-background-enabled":"default","ast-page-background-meta":{"desktop":{"background-color":"var(--ast-global-color-5)","background-image":"","background-repeat":"repeat","background-position":"center center","background-size":"auto","background-attachment":"scroll","background-type":"","background-media":"","overlay-type":"","overlay-color":"","overlay-opacity":"","overlay-gradient":""},"tablet":{"background-color":"","background-image":"","background-repeat":"repeat","background-position":"center center","background-size":"auto","background-attachment":"scroll","background-type":"","background-media":"","overlay-type":"","overlay-color":"","overlay-opacity":"","overlay-gradient":""},"mobile":{"background-color":"","background-image":"","background-repeat":"repeat","background-position":"center center","background-size":"auto","background-attachment":"scroll","background-type":"","background-media":"","overlay-type":"","overlay-color":"","overlay-opacity":"","overlay-gradient":""}},"ast-content-background-meta":{"desktop":{"background-color":"var(--ast-global-color-4)","background-image":"","background-repeat":"repeat","background-position":"center center","background-size":"auto","background-attachment":"scroll","background-type":"","background-media":"","overlay-type":"","overlay-color":"","overlay-opacity":"","overlay-gradient":""},"tablet":{"background-color":"var(--ast-global-color-4)","background-image":"","background-repeat":"repeat","background-position":"center center","background-size":"auto","background-attachment":"scroll","background-type":"","background-media":"","overlay-type":"","overlay-color":"","overlay-opacity":"","overlay-gradient":""},"mobile":{"background-color":"var(--ast-global-color-4)","background-image":"","background-repeat":"repeat","background-position":"center center","background-size":"auto","background-attachment":"scroll","background-type":"","background-media":"","overlay-type":"","overlay-color":"","overlay-opacity":"","overlay-gradient":""}}},"product_brand":[],"product_cat":[215,43],"product_tag":[],"class_list":{"0":"post-6452","1":"product","2":"type-product","3":"status-publish","4":"has-post-thumbnail","6":"product_cat-element-density-cubes","7":"product_cat-ti","8":"desktop-align-left","9":"tablet-align-left","10":"mobile-align-left","11":"ast-product-gallery-layout-horizontal-slider","12":"ast-product-gallery-with-no-image","13":"ast-product-single-variable","14":"ast-product-tabs-layout-horizontal","15":"ast-qv-on-image","17":"first","18":"instock","19":"sale","20":"taxable","21":"shipping-taxable","22":"purchasable","23":"product-type-variable"},"acf":[],"_links":{"self":[{"href":"https:\/\/smart-elements.com\/de\/wp-json\/wp\/v2\/product\/6452","targetHints":{"allow":["GET"]}}],"collection":[{"href":"https:\/\/smart-elements.com\/de\/wp-json\/wp\/v2\/product"}],"about":[{"href":"https:\/\/smart-elements.com\/de\/wp-json\/wp\/v2\/types\/product"}],"version-history":[{"count":0,"href":"https:\/\/smart-elements.com\/de\/wp-json\/wp\/v2\/product\/6452\/revisions"}],"wp:featuredmedia":[{"embeddable":true,"href":"https:\/\/smart-elements.com\/de\/wp-json\/wp\/v2\/media\/49362"}],"wp:attachment":[{"href":"https:\/\/smart-elements.com\/de\/wp-json\/wp\/v2\/media?parent=6452"}],"wp:term":[{"taxonomy":"product_brand","embeddable":true,"href":"https:\/\/smart-elements.com\/de\/wp-json\/wp\/v2\/product_brand?post=6452"},{"taxonomy":"product_cat","embeddable":true,"href":"https:\/\/smart-elements.com\/de\/wp-json\/wp\/v2\/product_cat?post=6452"},{"taxonomy":"product_tag","embeddable":true,"href":"https:\/\/smart-elements.com\/de\/wp-json\/wp\/v2\/product_tag?post=6452"}],"curies":[{"name":"wp","href":"https:\/\/api.w.org\/{rel}","templated":true}]}}