{"id":6145,"date":"2023-06-13T12:54:15","date_gmt":"2023-06-13T10:54:15","guid":{"rendered":"http:\/\/88.99.60.177\/shop\/big-tesla-coil-with-acrylic-base-shell\/"},"modified":"2026-01-14T11:23:50","modified_gmt":"2026-01-14T10:23:50","slug":"grose-tesla-spule-mit-acrylbodenhulle","status":"publish","type":"product","link":"https:\/\/smart-elements.com\/de\/shop\/big-tesla-coil-with-acrylic-base-shell\/","title":{"rendered":"Gro\u00dfe Teslaspule mit Acrylsockel"},"content":{"rendered":"<ul class=\"a-unordered-list a-vertical a-spacing-mini\">\n<li>Dies ist eine multifunktionale Kompakt-Tesla-Spule. Sie erzeugt ein hochfrequentes und Hochspannungs-elektrisches Feld und produziert sch\u00f6ne Funken am oberen Stift.<\/li>\n<li>Sie beleuchtet alle Arten von Entladungsr\u00f6hren oder Lampen und sogar LEDs, indem man die R\u00f6hre oder Lampe einfach in die N\u00e4he der Spule h\u00e4lt. Gleichzeitig f\u00fcgt diese Tesla-Spule dem Stromkreis eine Audio-Modulation hinzu, so dass bei einem Musikeingang der Lichtbogen Musikklang emittiert und zu einem Plasma-Lautsprecher wird. Die Oberseite dieser Spule ist mit verschiedenen auswechselbaren Entladungsanschl\u00fcssen versehen, wodurch die Wirkung eines Ionenkranzes oder einer Ionenwindm\u00fchle erzielt wird.<\/li>\n<\/ul>\n<p>Diese Spule funktioniert mit allen unseren Entladungsr\u00f6hren und wird mit einem europ\u00e4ischen Netzstecker geliefert. Sie kann aufgrund eines starken und leisen L\u00fcfters im Dauerbetrieb eingesetzt werden.<\/p>\n<p><img fetchpriority=\"high\" decoding=\"async\" class=\"alignnone wp-image-23000\" src=\"https:\/\/www.smart-elements.com\/wp-content\/uploads\/2022\/04\/Tesla_coil_1-300x225.jpg\" alt=\"\" width=\"640\" height=\"480\" \/><\/p>","protected":false},"excerpt":{"rendered":"<p>Gro\u00dfe Tesla-Spule mit Acrylbasisgeh\u00e4use mit L\u00fcfter<\/p>\n<p>Gr\u00f6\u00dfe: H 185 x B 95 x T 95 mm<\/p>\n<p>Komplett mit Netzteil und Zubeh\u00f6r.<\/p>\n<p>Farbe: Blau, Stromkabel: EU \u2013 Mit Audioeingang.<\/p>","protected":false},"featured_media":49306,"template":"","meta":{"_acf_changed":false,"site-sidebar-layout":"default","site-content-layout":"","ast-site-content-layout":"default","site-content-style":"default","site-sidebar-style":"default","ast-global-header-display":"","ast-banner-title-visibility":"","ast-main-header-display":"","ast-hfb-above-header-display":"","ast-hfb-below-header-display":"","ast-hfb-mobile-header-display":"","site-post-title":"","ast-breadcrumbs-content":"","ast-featured-img":"","footer-sml-layout":"","ast-disable-related-posts":"","theme-transparent-header-meta":"","adv-header-id-meta":"","stick-header-meta":"","header-above-stick-meta":"","header-main-stick-meta":"","header-below-stick-meta":"","astra-migrate-meta-layouts":"default","ast-page-background-enabled":"default","ast-page-background-meta":{"desktop":{"background-color":"var(--ast-global-color-5)","background-image":"","background-repeat":"repeat","background-position":"center center","background-size":"auto","background-attachment":"scroll","background-type":"","background-media":"","overlay-type":"","overlay-color":"","overlay-opacity":"","overlay-gradient":""},"tablet":{"background-color":"","background-image":"","background-repeat":"repeat","background-position":"center center","background-size":"auto","background-attachment":"scroll","background-type":"","background-media":"","overlay-type":"","overlay-color":"","overlay-opacity":"","overlay-gradient":""},"mobile":{"background-color":"","background-image":"","background-repeat":"repeat","background-position":"center center","background-size":"auto","background-attachment":"scroll","background-type":"","background-media":"","overlay-type":"","overlay-color":"","overlay-opacity":"","overlay-gradient":""}},"ast-content-background-meta":{"desktop":{"background-color":"var(--ast-global-color-4)","background-image":"","background-repeat":"repeat","background-position":"center center","background-size":"auto","background-attachment":"scroll","background-type":"","background-media":"","overlay-type":"","overlay-color":"","overlay-opacity":"","overlay-gradient":""},"tablet":{"background-color":"var(--ast-global-color-4)","background-image":"","background-repeat":"repeat","background-position":"center center","background-size":"auto","background-attachment":"scroll","background-type":"","background-media":"","overlay-type":"","overlay-color":"","overlay-opacity":"","overlay-gradient":""},"mobile":{"background-color":"var(--ast-global-color-4)","background-image":"","background-repeat":"repeat","background-position":"center center","background-size":"auto","background-attachment":"scroll","background-type":"","background-media":"","overlay-type":"","overlay-color":"","overlay-opacity":"","overlay-gradient":""}}},"product_brand":[],"product_cat":[205],"product_tag":[],"class_list":{"0":"post-6145","1":"product","2":"type-product","3":"status-publish","4":"has-post-thumbnail","6":"product_cat-lab-supplies","7":"desktop-align-left","8":"tablet-align-left","9":"mobile-align-left","10":"ast-product-gallery-layout-horizontal-slider","11":"ast-product-tabs-layout-horizontal","12":"ast-qv-on-image","14":"first","15":"instock","16":"taxable","17":"shipping-taxable","18":"purchasable","19":"product-type-simple"},"acf":[],"_links":{"self":[{"href":"https:\/\/smart-elements.com\/de\/wp-json\/wp\/v2\/product\/6145","targetHints":{"allow":["GET"]}}],"collection":[{"href":"https:\/\/smart-elements.com\/de\/wp-json\/wp\/v2\/product"}],"about":[{"href":"https:\/\/smart-elements.com\/de\/wp-json\/wp\/v2\/types\/product"}],"version-history":[{"count":0,"href":"https:\/\/smart-elements.com\/de\/wp-json\/wp\/v2\/product\/6145\/revisions"}],"wp:featuredmedia":[{"embeddable":true,"href":"https:\/\/smart-elements.com\/de\/wp-json\/wp\/v2\/media\/49306"}],"wp:attachment":[{"href":"https:\/\/smart-elements.com\/de\/wp-json\/wp\/v2\/media?parent=6145"}],"wp:term":[{"taxonomy":"product_brand","embeddable":true,"href":"https:\/\/smart-elements.com\/de\/wp-json\/wp\/v2\/product_brand?post=6145"},{"taxonomy":"product_cat","embeddable":true,"href":"https:\/\/smart-elements.com\/de\/wp-json\/wp\/v2\/product_cat?post=6145"},{"taxonomy":"product_tag","embeddable":true,"href":"https:\/\/smart-elements.com\/de\/wp-json\/wp\/v2\/product_tag?post=6145"}],"curies":[{"name":"wp","href":"https:\/\/api.w.org\/{rel}","templated":true}]}}