{"id":6095,"date":"2022-02-11T22:56:37","date_gmt":"2022-02-11T21:56:37","guid":{"rendered":"http:\/\/88.99.60.177\/shop\/oxygen-gas-spectrum-discharge-tube-tesla-coil-optimized-70-75mm-new\/"},"modified":"2026-04-20T08:58:33","modified_gmt":"2026-04-20T06:58:33","slug":"sauerstoffgas-spektralentladungsrohre-tesla-spule-optimiert-70-75-mm-neu","status":"publish","type":"product","link":"https:\/\/smart-elements.com\/de\/shop\/oxygen-gas-spectrum-discharge-tube-tesla-coil-optimized-70-75mm-new\/","title":{"rendered":"Sauerstoffgas-Spektralrohr \u2013 Tesla-Spule optimiert 70\u201375 mm \u2013 NEU"},"content":{"rendered":"<p>NEU! Sauerstoff O2 \u2013 Spektralentladungsr\u00f6hre \u2013 metallfrei!<\/p>\n<p>Diese neue Spektralrohr ist eine Weiterentwicklung unserer Gasampullen mit all ihren Vorteilen, da sie keine Metallteile hat, aber die Leuchtkraft einer Standard-Spektralr\u00f6hre besitzt.\u00a0 <span style=\"color: #ff9900;\"><strong>Diese R\u00f6hren sind f\u00fcr die Verwendung mit einer Tesla-Spule optimiert. Sie haben die Wahl, nur die R\u00f6hre oder die R\u00f6hre mit einer Mini-Tesla-Spule zu w\u00e4hlen.<\/strong><\/span>\u00a0Sie k\u00f6nnen im Dauerbetrieb eingesetzt werden!<br \/>\nHergestellt aus hochwertigem, sto\u00df- und hitzebest\u00e4ndigem Borosilikatglas. Die feine Kapillare sieht zerbrechlich aus, ist aber haltbarer als jedes normale R\u00f6hrchen.<br \/>\nMan kann es mit einem Tesla-Generator leicht zum Leuchten bringen.<\/p>\n<p><img fetchpriority=\"high\" decoding=\"async\" class=\"alignnone size-medium wp-image-20437\" src=\"https:\/\/www.smart-elements.com\/wp-content\/uploads\/2019\/08\/mini_tesla_coil-300x300.jpg\" alt=\"\" width=\"300\" height=\"300\" \/><\/p>\n<p>Diese 12V DC Tesla-Spule ist optional. Sie k\u00f6nnen sie aus dem Dropdown-Men\u00fc ausw\u00e4hlen.<\/p>","protected":false},"excerpt":{"rendered":"<p>Sauerstoffgas-Spektralrohr \u2013 Tesla-Spule optimiert 70\u201375 mm \u2013 NEU<\/p>\n<p><strong>Diese R\u00f6hren sind f\u00fcr die Verwendung mit einer Tesla-Spule optimiert. Sie haben die Wahl, nur die R\u00f6hre oder die R\u00f6hre mit einer Mini-Tesla-Spule zu w\u00e4hlen.<\/strong><\/p>\n<p>Der Preis gilt f\u00fcr EINE Tube.<\/p>","protected":false},"featured_media":49296,"template":"","meta":{"_acf_changed":false,"site-sidebar-layout":"default","site-content-layout":"","ast-site-content-layout":"default","site-content-style":"default","site-sidebar-style":"default","ast-global-header-display":"","ast-banner-title-visibility":"","ast-main-header-display":"","ast-hfb-above-header-display":"","ast-hfb-below-header-display":"","ast-hfb-mobile-header-display":"","site-post-title":"","ast-breadcrumbs-content":"","ast-featured-img":"","footer-sml-layout":"","ast-disable-related-posts":"","theme-transparent-header-meta":"","adv-header-id-meta":"","stick-header-meta":"","header-above-stick-meta":"","header-main-stick-meta":"","header-below-stick-meta":"","astra-migrate-meta-layouts":"default","ast-page-background-enabled":"default","ast-page-background-meta":{"desktop":{"background-color":"var(--ast-global-color-5)","background-image":"","background-repeat":"repeat","background-position":"center center","background-size":"auto","background-attachment":"scroll","background-type":"","background-media":"","overlay-type":"","overlay-color":"","overlay-opacity":"","overlay-gradient":""},"tablet":{"background-color":"","background-image":"","background-repeat":"repeat","background-position":"center center","background-size":"auto","background-attachment":"scroll","background-type":"","background-media":"","overlay-type":"","overlay-color":"","overlay-opacity":"","overlay-gradient":""},"mobile":{"background-color":"","background-image":"","background-repeat":"repeat","background-position":"center center","background-size":"auto","background-attachment":"scroll","background-type":"","background-media":"","overlay-type":"","overlay-color":"","overlay-opacity":"","overlay-gradient":""}},"ast-content-background-meta":{"desktop":{"background-color":"var(--ast-global-color-4)","background-image":"","background-repeat":"repeat","background-position":"center center","background-size":"auto","background-attachment":"scroll","background-type":"","background-media":"","overlay-type":"","overlay-color":"","overlay-opacity":"","overlay-gradient":""},"tablet":{"background-color":"var(--ast-global-color-4)","background-image":"","background-repeat":"repeat","background-position":"center center","background-size":"auto","background-attachment":"scroll","background-type":"","background-media":"","overlay-type":"","overlay-color":"","overlay-opacity":"","overlay-gradient":""},"mobile":{"background-color":"var(--ast-global-color-4)","background-image":"","background-repeat":"repeat","background-position":"center center","background-size":"auto","background-attachment":"scroll","background-type":"","background-media":"","overlay-type":"","overlay-color":"","overlay-opacity":"","overlay-gradient":""}}},"product_brand":[],"product_cat":[47,106,392],"product_tag":[],"class_list":{"0":"post-6095","1":"product","2":"type-product","3":"status-publish","4":"has-post-thumbnail","6":"product_cat-discharge-lamps","7":"product_cat-o","8":"product_cat-tesla-series-discharge-lamps","9":"desktop-align-left","10":"tablet-align-left","11":"mobile-align-left","12":"ast-product-gallery-layout-horizontal-slider","13":"ast-product-gallery-with-no-image","14":"ast-product-single-variable","15":"ast-product-tabs-layout-horizontal","16":"ast-qv-on-image","18":"first","19":"instock","20":"taxable","21":"shipping-taxable","22":"purchasable","23":"product-type-variable"},"acf":[],"_links":{"self":[{"href":"https:\/\/smart-elements.com\/de\/wp-json\/wp\/v2\/product\/6095","targetHints":{"allow":["GET"]}}],"collection":[{"href":"https:\/\/smart-elements.com\/de\/wp-json\/wp\/v2\/product"}],"about":[{"href":"https:\/\/smart-elements.com\/de\/wp-json\/wp\/v2\/types\/product"}],"version-history":[{"count":0,"href":"https:\/\/smart-elements.com\/de\/wp-json\/wp\/v2\/product\/6095\/revisions"}],"wp:featuredmedia":[{"embeddable":true,"href":"https:\/\/smart-elements.com\/de\/wp-json\/wp\/v2\/media\/49296"}],"wp:attachment":[{"href":"https:\/\/smart-elements.com\/de\/wp-json\/wp\/v2\/media?parent=6095"}],"wp:term":[{"taxonomy":"product_brand","embeddable":true,"href":"https:\/\/smart-elements.com\/de\/wp-json\/wp\/v2\/product_brand?post=6095"},{"taxonomy":"product_cat","embeddable":true,"href":"https:\/\/smart-elements.com\/de\/wp-json\/wp\/v2\/product_cat?post=6095"},{"taxonomy":"product_tag","embeddable":true,"href":"https:\/\/smart-elements.com\/de\/wp-json\/wp\/v2\/product_tag?post=6095"}],"curies":[{"name":"wp","href":"https:\/\/api.w.org\/{rel}","templated":true}]}}