{"id":6024,"date":"2024-02-25T16:45:49","date_gmt":"2024-02-25T15:45:49","guid":{"rendered":"http:\/\/88.99.60.177\/shop\/acrylic-element-cube-h2-hydrogen-50mm-with-mini-tesla-coil\/"},"modified":"2026-01-14T11:11:38","modified_gmt":"2026-01-14T10:11:38","slug":"acrylelement-wurfel-h2-wasserstoff-50mm-mit-mini-tesla-spule","status":"publish","type":"product","link":"https:\/\/smart-elements.com\/de\/shop\/acrylic-element-cube-h2-hydrogen-50mm-with-mini-tesla-coil\/","title":{"rendered":"Acryl Elemente W\u00fcrfel - H2 Wasserstoff - 50mm mit Mini Tesla Spule"},"content":{"rendered":"<p>Die Sensation! Acryl-Elementbl\u00f6cke NEU!<br \/>\nArgon \u2013 eine Ampulle, gef\u00fcllt mit reinem Argongas, die leuchtet, wenn sie in die N\u00e4he einer Tesla-Spule gebracht wird.<\/p>\n<p>Ein Mini-Tesla-Transformator zur Beleuchtung des W\u00fcrfels ist enthalten. Sie k\u00f6nnen ihn an 15 \u2013 24 V Gleichspannung (20 V sind aus Sicherheitsgr\u00fcnden ratsam) anschlie\u00dfen. Er funktioniert auch mit unseren Glasampullen oder anderen Acryl-W\u00fcrfeln, die Gase enthalten!<\/p>\n<p><img fetchpriority=\"high\" decoding=\"async\" class=\"size-medium wp-image-21171 alignleft\" src=\"https:\/\/www.smart-elements.com\/wp-content\/uploads\/2021\/08\/Tesla2-300x300.webp\" alt=\"\" width=\"300\" height=\"300\" \/>Ein Audiokabel ist im Lieferumfang enthalten, darf aber nicht mit unseren Acryl-W\u00fcrfeln verwendet werden<\/p>\n<p>&nbsp;<\/p>\n<p>&nbsp;<\/p>\n<p>&nbsp;<\/p>\n<p>&nbsp;<\/p>\n<p>&nbsp;<\/p>","protected":false},"excerpt":{"rendered":"<p>Acrylw\u00fcrfel Wasserstoff \u2013 Ampulle gef\u00fcllt mit reinem Wasserstoffgas mit Mini-Tesla-Spule zur Beleuchtung.<\/p>","protected":false},"featured_media":49271,"template":"","meta":{"_acf_changed":false,"site-sidebar-layout":"default","site-content-layout":"","ast-site-content-layout":"default","site-content-style":"default","site-sidebar-style":"default","ast-global-header-display":"","ast-banner-title-visibility":"","ast-main-header-display":"","ast-hfb-above-header-display":"","ast-hfb-below-header-display":"","ast-hfb-mobile-header-display":"","site-post-title":"","ast-breadcrumbs-content":"","ast-featured-img":"","footer-sml-layout":"","ast-disable-related-posts":"","theme-transparent-header-meta":"","adv-header-id-meta":"","stick-header-meta":"","header-above-stick-meta":"","header-main-stick-meta":"","header-below-stick-meta":"","astra-migrate-meta-layouts":"default","ast-page-background-enabled":"default","ast-page-background-meta":{"desktop":{"background-color":"var(--ast-global-color-5)","background-image":"","background-repeat":"repeat","background-position":"center center","background-size":"auto","background-attachment":"scroll","background-type":"","background-media":"","overlay-type":"","overlay-color":"","overlay-opacity":"","overlay-gradient":""},"tablet":{"background-color":"","background-image":"","background-repeat":"repeat","background-position":"center center","background-size":"auto","background-attachment":"scroll","background-type":"","background-media":"","overlay-type":"","overlay-color":"","overlay-opacity":"","overlay-gradient":""},"mobile":{"background-color":"","background-image":"","background-repeat":"repeat","background-position":"center center","background-size":"auto","background-attachment":"scroll","background-type":"","background-media":"","overlay-type":"","overlay-color":"","overlay-opacity":"","overlay-gradient":""}},"ast-content-background-meta":{"desktop":{"background-color":"var(--ast-global-color-4)","background-image":"","background-repeat":"repeat","background-position":"center center","background-size":"auto","background-attachment":"scroll","background-type":"","background-media":"","overlay-type":"","overlay-color":"","overlay-opacity":"","overlay-gradient":""},"tablet":{"background-color":"var(--ast-global-color-4)","background-image":"","background-repeat":"repeat","background-position":"center center","background-size":"auto","background-attachment":"scroll","background-type":"","background-media":"","overlay-type":"","overlay-color":"","overlay-opacity":"","overlay-gradient":""},"mobile":{"background-color":"var(--ast-global-color-4)","background-image":"","background-repeat":"repeat","background-position":"center center","background-size":"auto","background-attachment":"scroll","background-type":"","background-media":"","overlay-type":"","overlay-color":"","overlay-opacity":"","overlay-gradient":""}}},"product_brand":[],"product_cat":[87,103],"product_tag":[],"class_list":{"0":"post-6024","1":"product","2":"type-product","3":"status-publish","4":"has-post-thumbnail","6":"product_cat-elements-in-acrylic-cubes","7":"product_cat-h","8":"desktop-align-left","9":"tablet-align-left","10":"mobile-align-left","11":"ast-product-gallery-layout-horizontal-slider","12":"ast-product-gallery-with-no-image","13":"ast-product-tabs-layout-horizontal","14":"ast-qv-on-image","16":"first","17":"outofstock","18":"taxable","19":"shipping-taxable","20":"purchasable","21":"product-type-simple"},"acf":[],"_links":{"self":[{"href":"https:\/\/smart-elements.com\/de\/wp-json\/wp\/v2\/product\/6024","targetHints":{"allow":["GET"]}}],"collection":[{"href":"https:\/\/smart-elements.com\/de\/wp-json\/wp\/v2\/product"}],"about":[{"href":"https:\/\/smart-elements.com\/de\/wp-json\/wp\/v2\/types\/product"}],"version-history":[{"count":0,"href":"https:\/\/smart-elements.com\/de\/wp-json\/wp\/v2\/product\/6024\/revisions"}],"wp:featuredmedia":[{"embeddable":true,"href":"https:\/\/smart-elements.com\/de\/wp-json\/wp\/v2\/media\/49271"}],"wp:attachment":[{"href":"https:\/\/smart-elements.com\/de\/wp-json\/wp\/v2\/media?parent=6024"}],"wp:term":[{"taxonomy":"product_brand","embeddable":true,"href":"https:\/\/smart-elements.com\/de\/wp-json\/wp\/v2\/product_brand?post=6024"},{"taxonomy":"product_cat","embeddable":true,"href":"https:\/\/smart-elements.com\/de\/wp-json\/wp\/v2\/product_cat?post=6024"},{"taxonomy":"product_tag","embeddable":true,"href":"https:\/\/smart-elements.com\/de\/wp-json\/wp\/v2\/product_tag?post=6024"}],"curies":[{"name":"wp","href":"https:\/\/api.w.org\/{rel}","templated":true}]}}