{"id":5959,"date":"2021-04-14T18:22:24","date_gmt":"2021-04-14T16:22:24","guid":{"rendered":"http:\/\/88.99.60.177\/product\/high-purity-selenium-discharge-tube-o12mm\/"},"modified":"2026-01-14T11:06:21","modified_gmt":"2026-01-14T10:06:21","slug":"hoch-reine-selenentladungsrohre-o12mm","status":"publish","type":"product","link":"https:\/\/smart-elements.com\/de\/shop\/high-purity-selenium-discharge-tube-o12mm\/","title":{"rendered":"Hochreine Selen-Gasentladungsr\u00f6hre \u00d812mm"},"content":{"rendered":"<p><img decoding=\"async\" src=\"Angebote\/Ne_120.jpg\" alt=\"\" align=\"baseline\" border=\"0\" hspace=\"0\" \/>Diese Ampulle wurde speziell f\u00fcr Hochspannungsexperimente hergestellt.<\/p>\n<p>Diese R\u00f6hre enth\u00e4lt keine anderen \u201cStartergase\u201d, nur reines Selen. Sie ben\u00f6tigt eine bestimmte Temperatur, um \u201czu z\u00fcnden\u201d. Legen Sie die Ampulle unter kochendes Wasser, um den Innendruck zu erh\u00f6hen (Selen ben\u00f6tigt sogar etwas mehr W\u00e4rme als andere). Sobald sie mit geeigneten Elektroden beleuchtet wird, h\u00e4lt die Ampulle die ideale Temperatur f\u00fcr eine kontinuierliche Beleuchtung. Sie funktioniert mit einer Tesla-R\u00f6hre nur, wenn diese vor und w\u00e4hrend des Betriebs ausreichend erhitzt wird.<\/p>\n<p>Auf dem Hauptbild sehen Sie die beleuchtete Ampulle. Verbunden mit einem 5000V\/35kHz Transformator \u00fcber zwei Metallschleifen. Die Transformatoren finden sich <a href=\"https:\/\/smart-elements.com\/de\/shop\/5kv-high-voltage-transformer-for-our-tubes-and-ampoules\/\">Hier.<\/a><\/p>\n<p><img fetchpriority=\"high\" decoding=\"async\" class=\"alignnone wp-image-20466\" src=\"https:\/\/www.smart-elements.com\/wp-content\/uploads\/2021\/04\/Se_tube11000x750-300x225.jpg\" alt=\"\" width=\"568\" height=\"426\" \/><\/p>\n<p>Die R\u00f6hre enth\u00e4lt sublimiertes Selen, das w\u00e4hrend des Betriebs verdampft und den n\u00f6tigen Druck zur Beleuchtung aufrechterh\u00e4lt.<\/p>","protected":false},"excerpt":{"rendered":"<p>Hochreine Selenentladungsr\u00f6hre.<\/p>\n<p>in einer Borosilikat-Ampulle unter Vakuum versiegelt.<\/p>\n<p>Gr\u00f6\u00dfe: L\u00e4nge ca. 80 \u2013 120mm, Durchmesser 12mm \u2013 Frei von Blei und Quecksilber<\/p>","protected":false},"featured_media":49240,"template":"","meta":{"_acf_changed":false,"site-sidebar-layout":"default","site-content-layout":"","ast-site-content-layout":"default","site-content-style":"default","site-sidebar-style":"default","ast-global-header-display":"","ast-banner-title-visibility":"","ast-main-header-display":"","ast-hfb-above-header-display":"","ast-hfb-below-header-display":"","ast-hfb-mobile-header-display":"","site-post-title":"","ast-breadcrumbs-content":"","ast-featured-img":"","footer-sml-layout":"","ast-disable-related-posts":"","theme-transparent-header-meta":"","adv-header-id-meta":"","stick-header-meta":"","header-above-stick-meta":"","header-main-stick-meta":"","header-below-stick-meta":"","astra-migrate-meta-layouts":"default","ast-page-background-enabled":"default","ast-page-background-meta":{"desktop":{"background-color":"var(--ast-global-color-5)","background-image":"","background-repeat":"repeat","background-position":"center center","background-size":"auto","background-attachment":"scroll","background-type":"","background-media":"","overlay-type":"","overlay-color":"","overlay-opacity":"","overlay-gradient":""},"tablet":{"background-color":"","background-image":"","background-repeat":"repeat","background-position":"center center","background-size":"auto","background-attachment":"scroll","background-type":"","background-media":"","overlay-type":"","overlay-color":"","overlay-opacity":"","overlay-gradient":""},"mobile":{"background-color":"","background-image":"","background-repeat":"repeat","background-position":"center center","background-size":"auto","background-attachment":"scroll","background-type":"","background-media":"","overlay-type":"","overlay-color":"","overlay-opacity":"","overlay-gradient":""}},"ast-content-background-meta":{"desktop":{"background-color":"var(--ast-global-color-4)","background-image":"","background-repeat":"repeat","background-position":"center center","background-size":"auto","background-attachment":"scroll","background-type":"","background-media":"","overlay-type":"","overlay-color":"","overlay-opacity":"","overlay-gradient":""},"tablet":{"background-color":"var(--ast-global-color-4)","background-image":"","background-repeat":"repeat","background-position":"center center","background-size":"auto","background-attachment":"scroll","background-type":"","background-media":"","overlay-type":"","overlay-color":"","overlay-opacity":"","overlay-gradient":""},"mobile":{"background-color":"var(--ast-global-color-4)","background-image":"","background-repeat":"repeat","background-position":"center center","background-size":"auto","background-attachment":"scroll","background-type":"","background-media":"","overlay-type":"","overlay-color":"","overlay-opacity":"","overlay-gradient":""}}},"product_brand":[],"product_cat":[47,139],"product_tag":[],"class_list":{"0":"post-5959","1":"product","2":"type-product","3":"status-publish","4":"has-post-thumbnail","6":"product_cat-discharge-lamps","7":"product_cat-se","8":"desktop-align-left","9":"tablet-align-left","10":"mobile-align-left","11":"ast-product-gallery-layout-horizontal-slider","12":"ast-product-single-variable","13":"ast-product-tabs-layout-horizontal","14":"ast-qv-on-image","16":"first","17":"onbackorder","18":"taxable","19":"shipping-taxable","20":"purchasable","21":"product-type-variable"},"acf":[],"_links":{"self":[{"href":"https:\/\/smart-elements.com\/de\/wp-json\/wp\/v2\/product\/5959","targetHints":{"allow":["GET"]}}],"collection":[{"href":"https:\/\/smart-elements.com\/de\/wp-json\/wp\/v2\/product"}],"about":[{"href":"https:\/\/smart-elements.com\/de\/wp-json\/wp\/v2\/types\/product"}],"version-history":[{"count":0,"href":"https:\/\/smart-elements.com\/de\/wp-json\/wp\/v2\/product\/5959\/revisions"}],"wp:featuredmedia":[{"embeddable":true,"href":"https:\/\/smart-elements.com\/de\/wp-json\/wp\/v2\/media\/49240"}],"wp:attachment":[{"href":"https:\/\/smart-elements.com\/de\/wp-json\/wp\/v2\/media?parent=5959"}],"wp:term":[{"taxonomy":"product_brand","embeddable":true,"href":"https:\/\/smart-elements.com\/de\/wp-json\/wp\/v2\/product_brand?post=5959"},{"taxonomy":"product_cat","embeddable":true,"href":"https:\/\/smart-elements.com\/de\/wp-json\/wp\/v2\/product_cat?post=5959"},{"taxonomy":"product_tag","embeddable":true,"href":"https:\/\/smart-elements.com\/de\/wp-json\/wp\/v2\/product_tag?post=5959"}],"curies":[{"name":"wp","href":"https:\/\/api.w.org\/{rel}","templated":true}]}}