{"id":5937,"date":"2021-03-30T18:19:16","date_gmt":"2021-03-30T16:19:16","guid":{"rendered":"http:\/\/88.99.60.177\/product\/high-purity-tiniv-iodide-discharge-tube-o12mm\/"},"modified":"2026-01-14T11:05:34","modified_gmt":"2026-01-14T10:05:34","slug":"hochreine-zinndiodid-entladungsrohre-o12mm","status":"publish","type":"product","link":"https:\/\/smart-elements.com\/de\/shop\/high-purity-tiniv-iodide-discharge-tube-o12mm\/","title":{"rendered":"Hochreines Zinn(IV)-iodid-Entladungsr\u00f6hre \u00d812 mm"},"content":{"rendered":"<p><img decoding=\"async\" src=\"Angebote\/Ne_120.jpg\" alt=\"\" align=\"baseline\" border=\"0\" hspace=\"0\" \/>Diese Ampulle wurde speziell f\u00fcr Hochspannungsexperimente hergestellt.<\/p>\n<p>Diese Ampulle enth\u00e4lt keine anderen \u201cStart\u201d-Gase, nur reines SnI4. Sie ben\u00f6tigt eine bestimmte Temperatur zum \u201cZ\u00fcnden\u201d. Legen Sie die Ampulle unter kochendes Wasser, um den Druck im Inneren zu erh\u00f6hen. Nach dem Erleuchten h\u00e4lt die Ampulle die ideale Temperatur f\u00fcr eine kontinuierliche Beleuchtung.<\/p>\n<p>Auf dem Bild sehen Sie die beleuchtete Ampulle. Angeschlossen an einen 5000V\/35kHz-Transformator \u00fcber zwei Metallschleifen. Die Transformatoren finden sich <a href=\"https:\/\/smart-elements.com\/de\/shop\/5kv-high-voltage-transformer-for-our-tubes-and-ampoules\/\">Hier.<\/a><\/p>","protected":false},"excerpt":{"rendered":"<p>Entladungsr\u00f6hre mit hochreinem Zinn(IV)-iodid.<\/p>\n<p>in einer Borosilikat-Ampulle unter Vakuum versiegelt.<\/p>\n<p>Gr\u00f6\u00dfe: L\u00e4nge ca. 80 \u2013 120mm, Durchmesser 12mm \u2013 Frei von Blei und Quecksilber<\/p>","protected":false},"featured_media":49234,"template":"","meta":{"_acf_changed":false,"site-sidebar-layout":"default","site-content-layout":"","ast-site-content-layout":"default","site-content-style":"default","site-sidebar-style":"default","ast-global-header-display":"","ast-banner-title-visibility":"","ast-main-header-display":"","ast-hfb-above-header-display":"","ast-hfb-below-header-display":"","ast-hfb-mobile-header-display":"","site-post-title":"","ast-breadcrumbs-content":"","ast-featured-img":"","footer-sml-layout":"","ast-disable-related-posts":"","theme-transparent-header-meta":"","adv-header-id-meta":"","stick-header-meta":"","header-above-stick-meta":"","header-main-stick-meta":"","header-below-stick-meta":"","astra-migrate-meta-layouts":"default","ast-page-background-enabled":"default","ast-page-background-meta":{"desktop":{"background-color":"var(--ast-global-color-5)","background-image":"","background-repeat":"repeat","background-position":"center center","background-size":"auto","background-attachment":"scroll","background-type":"","background-media":"","overlay-type":"","overlay-color":"","overlay-opacity":"","overlay-gradient":""},"tablet":{"background-color":"","background-image":"","background-repeat":"repeat","background-position":"center center","background-size":"auto","background-attachment":"scroll","background-type":"","background-media":"","overlay-type":"","overlay-color":"","overlay-opacity":"","overlay-gradient":""},"mobile":{"background-color":"","background-image":"","background-repeat":"repeat","background-position":"center center","background-size":"auto","background-attachment":"scroll","background-type":"","background-media":"","overlay-type":"","overlay-color":"","overlay-opacity":"","overlay-gradient":""}},"ast-content-background-meta":{"desktop":{"background-color":"var(--ast-global-color-4)","background-image":"","background-repeat":"repeat","background-position":"center center","background-size":"auto","background-attachment":"scroll","background-type":"","background-media":"","overlay-type":"","overlay-color":"","overlay-opacity":"","overlay-gradient":""},"tablet":{"background-color":"var(--ast-global-color-4)","background-image":"","background-repeat":"repeat","background-position":"center center","background-size":"auto","background-attachment":"scroll","background-type":"","background-media":"","overlay-type":"","overlay-color":"","overlay-opacity":"","overlay-gradient":""},"mobile":{"background-color":"var(--ast-global-color-4)","background-image":"","background-repeat":"repeat","background-position":"center center","background-size":"auto","background-attachment":"scroll","background-type":"","background-media":"","overlay-type":"","overlay-color":"","overlay-opacity":"","overlay-gradient":""}}},"product_brand":[],"product_cat":[49,47,373,250],"product_tag":[],"class_list":{"0":"post-5937","1":"product","2":"type-product","3":"status-publish","4":"has-post-thumbnail","6":"product_cat-compounds","7":"product_cat-discharge-lamps","8":"product_cat-iodides-compounds","9":"product_cat-s","10":"desktop-align-left","11":"tablet-align-left","12":"mobile-align-left","13":"ast-product-gallery-layout-horizontal-slider","14":"ast-product-gallery-with-no-image","15":"ast-product-single-variable","16":"ast-product-tabs-layout-horizontal","17":"ast-qv-on-image","19":"first","20":"onbackorder","21":"taxable","22":"shipping-taxable","23":"purchasable","24":"product-type-variable"},"acf":[],"_links":{"self":[{"href":"https:\/\/smart-elements.com\/de\/wp-json\/wp\/v2\/product\/5937","targetHints":{"allow":["GET"]}}],"collection":[{"href":"https:\/\/smart-elements.com\/de\/wp-json\/wp\/v2\/product"}],"about":[{"href":"https:\/\/smart-elements.com\/de\/wp-json\/wp\/v2\/types\/product"}],"version-history":[{"count":0,"href":"https:\/\/smart-elements.com\/de\/wp-json\/wp\/v2\/product\/5937\/revisions"}],"wp:featuredmedia":[{"embeddable":true,"href":"https:\/\/smart-elements.com\/de\/wp-json\/wp\/v2\/media\/49234"}],"wp:attachment":[{"href":"https:\/\/smart-elements.com\/de\/wp-json\/wp\/v2\/media?parent=5937"}],"wp:term":[{"taxonomy":"product_brand","embeddable":true,"href":"https:\/\/smart-elements.com\/de\/wp-json\/wp\/v2\/product_brand?post=5937"},{"taxonomy":"product_cat","embeddable":true,"href":"https:\/\/smart-elements.com\/de\/wp-json\/wp\/v2\/product_cat?post=5937"},{"taxonomy":"product_tag","embeddable":true,"href":"https:\/\/smart-elements.com\/de\/wp-json\/wp\/v2\/product_tag?post=5937"}],"curies":[{"name":"wp","href":"https:\/\/api.w.org\/{rel}","templated":true}]}}