{"id":5858,"date":"2020-12-07T18:19:39","date_gmt":"2020-12-07T17:19:39","guid":{"rendered":"http:\/\/88.99.60.177\/product\/high-purity-black-phosphorus-super-saturated-solution-250ml\/"},"modified":"2026-01-14T11:01:46","modified_gmt":"2026-01-14T10:01:46","slug":"hochreine-schwarze-phosphor-gesattigte-losung-250ml","status":"publish","type":"product","link":"https:\/\/smart-elements.com\/de\/shop\/high-purity-black-phosphorus-super-saturated-solution-250ml\/","title":{"rendered":"Hochreiner schwarzer Phosphor, superges\u00e4ttigte L\u00f6sung 250ml"},"content":{"rendered":"<p><strong>Hochreiner schwarzer Phosphor Mono-\/wenige Lagen-L\u00f6sung<\/strong><\/p>\n<p>Konzentration: ~ 200 mg \/ l \u2013<\/p>\n<p>L\u00f6sungsmittel: Isopropanol (Andere L\u00f6sungsmittel auf Anfrage)<\/p>\n<p>Seitenl\u00e4nge: 100 nm-5 \u03bcm<\/p>\n<p>St\u00e4rke: 1-10 Schichten<\/p>\n<p>Reinheit 99,998%<\/p>\n<p>Kristallstruktur: orthorhombisch<\/p>\n<p>Schwarz-Phosphor (BP)-Kristalle in Ethanol, ein- und mehrschichtig. Die BP-L\u00f6sung wurde durch Sonifizierung von hochqualitativen BP-Kristallen hergestellt, die mittels CVT synthetisiert wurden. Da das Ausgangsmaterial BP hochgradig kristallin ist, werden hochgradig kristalline BP-Schichten durch Sonifizierung in Ethanol-L\u00f6sung suspendiert, um die BP-Schichten zu delaminieren. Die lateralen Gr\u00f6\u00dfen der auf verschiedenen Substraten abgeschiedenen BP-Flocken reichen von ca. 25 nm bis ca. 10 \u00b5m, w\u00e4hrend die Schichtdicken von 1 bis 10 s reichen. F\u00fcr analytische Daten (XRD, Raman, TEM, TGA) senden Sie bitte eine Anfrage.<\/p>","protected":false},"excerpt":{"rendered":"<p>Hochreiner schwarzer Phosphor, superges\u00e4ttigte L\u00f6sung 250ml<\/p>","protected":false},"featured_media":49204,"template":"","meta":{"_acf_changed":false,"site-sidebar-layout":"default","site-content-layout":"","ast-site-content-layout":"default","site-content-style":"default","site-sidebar-style":"default","ast-global-header-display":"","ast-banner-title-visibility":"","ast-main-header-display":"","ast-hfb-above-header-display":"","ast-hfb-below-header-display":"","ast-hfb-mobile-header-display":"","site-post-title":"","ast-breadcrumbs-content":"","ast-featured-img":"","footer-sml-layout":"","ast-disable-related-posts":"","theme-transparent-header-meta":"","adv-header-id-meta":"","stick-header-meta":"","header-above-stick-meta":"","header-main-stick-meta":"","header-below-stick-meta":"","astra-migrate-meta-layouts":"default","ast-page-background-enabled":"default","ast-page-background-meta":{"desktop":{"background-color":"var(--ast-global-color-5)","background-image":"","background-repeat":"repeat","background-position":"center center","background-size":"auto","background-attachment":"scroll","background-type":"","background-media":"","overlay-type":"","overlay-color":"","overlay-opacity":"","overlay-gradient":""},"tablet":{"background-color":"","background-image":"","background-repeat":"repeat","background-position":"center center","background-size":"auto","background-attachment":"scroll","background-type":"","background-media":"","overlay-type":"","overlay-color":"","overlay-opacity":"","overlay-gradient":""},"mobile":{"background-color":"","background-image":"","background-repeat":"repeat","background-position":"center center","background-size":"auto","background-attachment":"scroll","background-type":"","background-media":"","overlay-type":"","overlay-color":"","overlay-opacity":"","overlay-gradient":""}},"ast-content-background-meta":{"desktop":{"background-color":"var(--ast-global-color-4)","background-image":"","background-repeat":"repeat","background-position":"center center","background-size":"auto","background-attachment":"scroll","background-type":"","background-media":"","overlay-type":"","overlay-color":"","overlay-opacity":"","overlay-gradient":""},"tablet":{"background-color":"var(--ast-global-color-4)","background-image":"","background-repeat":"repeat","background-position":"center center","background-size":"auto","background-attachment":"scroll","background-type":"","background-media":"","overlay-type":"","overlay-color":"","overlay-opacity":"","overlay-gradient":""},"mobile":{"background-color":"var(--ast-global-color-4)","background-image":"","background-repeat":"repeat","background-position":"center center","background-size":"auto","background-attachment":"scroll","background-type":"","background-media":"","overlay-type":"","overlay-color":"","overlay-opacity":"","overlay-gradient":""}}},"product_brand":[],"product_cat":[94,97,199],"product_tag":[],"class_list":{"0":"post-5858","1":"product","2":"type-product","3":"status-publish","4":"has-post-thumbnail","6":"product_cat-2d-material","7":"product_cat-p","8":"product_cat-pure-elements","9":"desktop-align-left","10":"tablet-align-left","11":"mobile-align-left","12":"ast-product-gallery-layout-horizontal-slider","13":"ast-product-gallery-with-no-image","14":"ast-product-tabs-layout-horizontal","15":"ast-qv-on-image","17":"first","18":"instock","19":"taxable","20":"shipping-taxable","21":"purchasable","22":"product-type-simple"},"acf":[],"_links":{"self":[{"href":"https:\/\/smart-elements.com\/de\/wp-json\/wp\/v2\/product\/5858","targetHints":{"allow":["GET"]}}],"collection":[{"href":"https:\/\/smart-elements.com\/de\/wp-json\/wp\/v2\/product"}],"about":[{"href":"https:\/\/smart-elements.com\/de\/wp-json\/wp\/v2\/types\/product"}],"version-history":[{"count":0,"href":"https:\/\/smart-elements.com\/de\/wp-json\/wp\/v2\/product\/5858\/revisions"}],"wp:featuredmedia":[{"embeddable":true,"href":"https:\/\/smart-elements.com\/de\/wp-json\/wp\/v2\/media\/49204"}],"wp:attachment":[{"href":"https:\/\/smart-elements.com\/de\/wp-json\/wp\/v2\/media?parent=5858"}],"wp:term":[{"taxonomy":"product_brand","embeddable":true,"href":"https:\/\/smart-elements.com\/de\/wp-json\/wp\/v2\/product_brand?post=5858"},{"taxonomy":"product_cat","embeddable":true,"href":"https:\/\/smart-elements.com\/de\/wp-json\/wp\/v2\/product_cat?post=5858"},{"taxonomy":"product_tag","embeddable":true,"href":"https:\/\/smart-elements.com\/de\/wp-json\/wp\/v2\/product_tag?post=5858"}],"curies":[{"name":"wp","href":"https:\/\/api.w.org\/{rel}","templated":true}]}}