{"id":5815,"date":"2020-11-01T21:11:49","date_gmt":"2020-11-01T20:11:49","guid":{"rendered":"http:\/\/88.99.60.177\/product\/big-rhenium-density-cube-10-cm3-extremely-heavy-new\/"},"modified":"2026-01-14T10:58:04","modified_gmt":"2026-01-14T09:58:04","slug":"groser-rhenium-dichte-wurfel-10-cm%c2%b3-extrem-schwer-neu","status":"publish","type":"product","link":"https:\/\/smart-elements.com\/de\/shop\/big-rhenium-density-cube-10-cm3-extremely-heavy-new\/","title":{"rendered":"Gro\u00dfer Rhenium-Dichtew\u00fcrfel 10 cm3 \u2013 extrem schwer \u2013 NEU!"},"content":{"rendered":"<h2>Gro\u00dfer Rhenium-Dichtew\u00fcrfel 10 cm\u00b3 \u2013 ca. 190 Gramm \u2013 NEU!<\/h2>\n<p>21,5\u00d721,5\u00d721,5mm = 10cm\u00b3<\/p>\n<p>Verglichen mit unserer 10-mm-Version (die volle Dichte hat) betr\u00e4gt die Dichte des gro\u00dfen W\u00fcrfels etwa 90% der Theorie (190 Gramm statt 210 Gramm). Dies liegt daran, dass das Sintern gr\u00f6\u00dferer Teile schwieriger ist und viel mehr Druck ben\u00f6tigt.<\/p>\n<p>Der W\u00fcrfel wird per Lasergravur mit der individuellen Sprache oder dem Design des Benutzers versehen. Andernfalls wird das Standarddesign verwendet.<\/p>\n<p><strong>Die W\u00fcrfel werden nach Bestelleingang produziert! Die Produktionszeit betr\u00e4gt ca. 2 \u2013 3 Wochen.<\/strong><\/p>","protected":false},"excerpt":{"rendered":"<p>Gro\u00dfer Rhenium-Dichtew\u00fcrfel 10 cm3 \u2013 extrem schwer \u2013 NEU!<\/p>\n<p>21,5\u00d721,5\u00d721,5mm = 10cm\u00b3<\/p>\n<p>Der W\u00fcrfel wird per Lasergravur mit der individuellen Sprache oder dem Design des Benutzers versehen. Andernfalls wird das Standarddesign verwendet.<\/p>\n<p><strong>Die W\u00fcrfel werden nach Bestelleingang produziert! Die Produktionszeit betr\u00e4gt ca. 2 \u2013 3 Wochen.<\/strong><\/p>","protected":false},"featured_media":49169,"template":"","meta":{"_acf_changed":false,"site-sidebar-layout":"default","site-content-layout":"","ast-site-content-layout":"default","site-content-style":"default","site-sidebar-style":"default","ast-global-header-display":"","ast-banner-title-visibility":"","ast-main-header-display":"","ast-hfb-above-header-display":"","ast-hfb-below-header-display":"","ast-hfb-mobile-header-display":"","site-post-title":"","ast-breadcrumbs-content":"","ast-featured-img":"","footer-sml-layout":"","ast-disable-related-posts":"","theme-transparent-header-meta":"","adv-header-id-meta":"","stick-header-meta":"","header-above-stick-meta":"","header-main-stick-meta":"","header-below-stick-meta":"","astra-migrate-meta-layouts":"default","ast-page-background-enabled":"default","ast-page-background-meta":{"desktop":{"background-color":"var(--ast-global-color-5)","background-image":"","background-repeat":"repeat","background-position":"center center","background-size":"auto","background-attachment":"scroll","background-type":"","background-media":"","overlay-type":"","overlay-color":"","overlay-opacity":"","overlay-gradient":""},"tablet":{"background-color":"","background-image":"","background-repeat":"repeat","background-position":"center center","background-size":"auto","background-attachment":"scroll","background-type":"","background-media":"","overlay-type":"","overlay-color":"","overlay-opacity":"","overlay-gradient":""},"mobile":{"background-color":"","background-image":"","background-repeat":"repeat","background-position":"center center","background-size":"auto","background-attachment":"scroll","background-type":"","background-media":"","overlay-type":"","overlay-color":"","overlay-opacity":"","overlay-gradient":""}},"ast-content-background-meta":{"desktop":{"background-color":"var(--ast-global-color-4)","background-image":"","background-repeat":"repeat","background-position":"center center","background-size":"auto","background-attachment":"scroll","background-type":"","background-media":"","overlay-type":"","overlay-color":"","overlay-opacity":"","overlay-gradient":""},"tablet":{"background-color":"var(--ast-global-color-4)","background-image":"","background-repeat":"repeat","background-position":"center center","background-size":"auto","background-attachment":"scroll","background-type":"","background-media":"","overlay-type":"","overlay-color":"","overlay-opacity":"","overlay-gradient":""},"mobile":{"background-color":"var(--ast-global-color-4)","background-image":"","background-repeat":"repeat","background-position":"center center","background-size":"auto","background-attachment":"scroll","background-type":"","background-media":"","overlay-type":"","overlay-color":"","overlay-opacity":"","overlay-gradient":""}}},"product_brand":[],"product_cat":[215,133],"product_tag":[],"class_list":{"0":"post-5815","1":"product","2":"type-product","3":"status-publish","4":"has-post-thumbnail","6":"product_cat-element-density-cubes","7":"product_cat-re","8":"product_shipping_class-high-value-no-bulk","9":"desktop-align-left","10":"tablet-align-left","11":"mobile-align-left","12":"ast-product-gallery-layout-horizontal-slider","13":"ast-product-gallery-with-no-image","14":"ast-product-tabs-layout-horizontal","15":"ast-qv-on-image","17":"first","18":"instock","19":"taxable","20":"shipping-taxable","21":"purchasable","22":"product-type-simple"},"acf":[],"_links":{"self":[{"href":"https:\/\/smart-elements.com\/de\/wp-json\/wp\/v2\/product\/5815","targetHints":{"allow":["GET"]}}],"collection":[{"href":"https:\/\/smart-elements.com\/de\/wp-json\/wp\/v2\/product"}],"about":[{"href":"https:\/\/smart-elements.com\/de\/wp-json\/wp\/v2\/types\/product"}],"version-history":[{"count":0,"href":"https:\/\/smart-elements.com\/de\/wp-json\/wp\/v2\/product\/5815\/revisions"}],"wp:featuredmedia":[{"embeddable":true,"href":"https:\/\/smart-elements.com\/de\/wp-json\/wp\/v2\/media\/49169"}],"wp:attachment":[{"href":"https:\/\/smart-elements.com\/de\/wp-json\/wp\/v2\/media?parent=5815"}],"wp:term":[{"taxonomy":"product_brand","embeddable":true,"href":"https:\/\/smart-elements.com\/de\/wp-json\/wp\/v2\/product_brand?post=5815"},{"taxonomy":"product_cat","embeddable":true,"href":"https:\/\/smart-elements.com\/de\/wp-json\/wp\/v2\/product_cat?post=5815"},{"taxonomy":"product_tag","embeddable":true,"href":"https:\/\/smart-elements.com\/de\/wp-json\/wp\/v2\/product_tag?post=5815"}],"curies":[{"name":"wp","href":"https:\/\/api.w.org\/{rel}","templated":true}]}}