{"id":5798,"date":"2020-06-10T21:01:13","date_gmt":"2020-06-10T19:01:13","guid":{"rendered":"http:\/\/88.99.60.177\/product\/bulk-o-sip-orthorhombic-silicon-phosphide-single-crystals\/"},"modified":"2026-01-14T10:56:06","modified_gmt":"2026-01-14T09:56:06","slug":"bulk-o-sip-orthorhombic-silicon-phosphide-single-crystals","status":"publish","type":"product","link":"https:\/\/smart-elements.com\/de\/shop\/bulk-o-sip-orthorhombic-silicon-phosphide-single-crystals\/","title":{"rendered":"Masse o-SiP orthorhombische Siliziumphosphid-Einkristalle"},"content":{"rendered":"<p><strong>o-SiP bulk orthorhombic Silicon phosphide single crystals<\/strong><\/p>\n<p><strong>Eigenschaften: Kupfergl\u00e4nzende, rot durchscheinende Kristallpl\u00e4ttchen. Luftstabil, stabil in konz. nicht oxidierenden S\u00e4uren. Schmelzpunkt\u00a0<strong>~ 1110-1130 \u00b0C\u00a0<\/strong><\/strong><\/p>\n<p>Orthorhombisches SiP (o-SiP) ist ein 2D-Schichtkristall und k\u00f6nnte einen bedeutenden Einfluss auf optoelektronische Technologien haben.<\/p>\n<p>Differentialscanning-Kalorimetrie (DSC) und Thermogravimetrie<br \/>\nAnalysekurven (TGA) zeigen, dass o-SiP auch bei hohen Temperaturen stabil ist.<br \/>\nbei einer Temperatur von 1045 \u00b0C. Dies ist sehr wichtig f\u00fcr das Ger\u00e4t<br \/>\nHerstellung und praktische Anwendungen. Anders als Graphen, o-SiP<br \/>\nhat eine geeignete Bandl\u00fccke, die auf 1,7 eV festgelegt ist.<br \/>\nBulk-o-SiP ist ein p-Typ-Halbleiter mit einer Ladungstr\u00e4gerbeweglichkeit<br \/>\nvon 2,034 \u00d7 103 cm2 V-1 s-1, das ist das Zehnfache von MoS2. Die<br \/>\nPhotoreaktionseigenschaften von o-SiP wurden durch Anregung untersucht<br \/>\nmit einem 671-nm-Laser mit unterschiedlichen Leistungen von 20, 40 und 60,<br \/>\n80, 100 bzw. 120 mW. Seine geeignete Bandl\u00fccke<br \/>\nund eine ausreichend hohe Tr\u00e4germobilit\u00e4t, zusammen mit einer eindeutigen Photoumschaltung<br \/>\nVerhalten und relativ schnelle Reaktion, erm\u00f6glichen es<br \/>\ndass o-SiP ein elektronisches und optoelektronisches 2D-System ist<br \/>\nMaterial.<\/p>\n<p>&nbsp;<\/p>\n<p>&nbsp;<\/p>","protected":false},"excerpt":{"rendered":"<p><strong>o-SiP bulk orthorhombic Silicon phosphide single crystals<\/strong><\/p>\n<p><strong>Properties: Copper-shining, red translucent crystal platelets. Air stable, stable in conc. non-oxidizing acids. Melting point\u00a0~\u00a01110\u20131130 \u00b0C\u00a0<\/strong><\/p>","protected":false},"featured_media":49148,"template":"","meta":{"_acf_changed":false,"site-sidebar-layout":"default","site-content-layout":"","ast-site-content-layout":"default","site-content-style":"default","site-sidebar-style":"default","ast-global-header-display":"","ast-banner-title-visibility":"","ast-main-header-display":"","ast-hfb-above-header-display":"","ast-hfb-below-header-display":"","ast-hfb-mobile-header-display":"","site-post-title":"","ast-breadcrumbs-content":"","ast-featured-img":"","footer-sml-layout":"","ast-disable-related-posts":"","theme-transparent-header-meta":"","adv-header-id-meta":"","stick-header-meta":"","header-above-stick-meta":"","header-main-stick-meta":"","header-below-stick-meta":"","astra-migrate-meta-layouts":"default","ast-page-background-enabled":"default","ast-page-background-meta":{"desktop":{"background-color":"var(--ast-global-color-5)","background-image":"","background-repeat":"repeat","background-position":"center center","background-size":"auto","background-attachment":"scroll","background-type":"","background-media":"","overlay-type":"","overlay-color":"","overlay-opacity":"","overlay-gradient":""},"tablet":{"background-color":"","background-image":"","background-repeat":"repeat","background-position":"center center","background-size":"auto","background-attachment":"scroll","background-type":"","background-media":"","overlay-type":"","overlay-color":"","overlay-opacity":"","overlay-gradient":""},"mobile":{"background-color":"","background-image":"","background-repeat":"repeat","background-position":"center center","background-size":"auto","background-attachment":"scroll","background-type":"","background-media":"","overlay-type":"","overlay-color":"","overlay-opacity":"","overlay-gradient":""}},"ast-content-background-meta":{"desktop":{"background-color":"var(--ast-global-color-4)","background-image":"","background-repeat":"repeat","background-position":"center center","background-size":"auto","background-attachment":"scroll","background-type":"","background-media":"","overlay-type":"","overlay-color":"","overlay-opacity":"","overlay-gradient":""},"tablet":{"background-color":"var(--ast-global-color-4)","background-image":"","background-repeat":"repeat","background-position":"center center","background-size":"auto","background-attachment":"scroll","background-type":"","background-media":"","overlay-type":"","overlay-color":"","overlay-opacity":"","overlay-gradient":""},"mobile":{"background-color":"var(--ast-global-color-4)","background-image":"","background-repeat":"repeat","background-position":"center center","background-size":"auto","background-attachment":"scroll","background-type":"","background-media":"","overlay-type":"","overlay-color":"","overlay-opacity":"","overlay-gradient":""}}},"product_brand":[],"product_cat":[94,49,364,97,51],"product_tag":[],"class_list":{"0":"post-5798","1":"product","2":"type-product","3":"status-publish","4":"has-post-thumbnail","6":"product_cat-2d-material","7":"product_cat-compounds","8":"product_cat-other-compounds","9":"product_cat-p","10":"product_cat-si","11":"product_shipping_class-black-p","12":"desktop-align-left","13":"tablet-align-left","14":"mobile-align-left","15":"ast-product-gallery-layout-horizontal-slider","16":"ast-product-gallery-with-no-image","17":"ast-product-tabs-layout-horizontal","18":"ast-qv-on-image","20":"first","21":"instock","22":"featured","23":"taxable","24":"shipping-taxable","25":"product-type-simple"},"acf":[],"_links":{"self":[{"href":"https:\/\/smart-elements.com\/de\/wp-json\/wp\/v2\/product\/5798","targetHints":{"allow":["GET"]}}],"collection":[{"href":"https:\/\/smart-elements.com\/de\/wp-json\/wp\/v2\/product"}],"about":[{"href":"https:\/\/smart-elements.com\/de\/wp-json\/wp\/v2\/types\/product"}],"version-history":[{"count":0,"href":"https:\/\/smart-elements.com\/de\/wp-json\/wp\/v2\/product\/5798\/revisions"}],"wp:featuredmedia":[{"embeddable":true,"href":"https:\/\/smart-elements.com\/de\/wp-json\/wp\/v2\/media\/49148"}],"wp:attachment":[{"href":"https:\/\/smart-elements.com\/de\/wp-json\/wp\/v2\/media?parent=5798"}],"wp:term":[{"taxonomy":"product_brand","embeddable":true,"href":"https:\/\/smart-elements.com\/de\/wp-json\/wp\/v2\/product_brand?post=5798"},{"taxonomy":"product_cat","embeddable":true,"href":"https:\/\/smart-elements.com\/de\/wp-json\/wp\/v2\/product_cat?post=5798"},{"taxonomy":"product_tag","embeddable":true,"href":"https:\/\/smart-elements.com\/de\/wp-json\/wp\/v2\/product_tag?post=5798"}],"curies":[{"name":"wp","href":"https:\/\/api.w.org\/{rel}","templated":true}]}}