{"id":5771,"date":"2020-03-13T18:07:13","date_gmt":"2020-03-13T17:07:13","guid":{"rendered":"http:\/\/88.99.60.177\/product\/acrylic-element-cube-113-nihonium-50mm\/"},"modified":"2026-04-21T13:32:49","modified_gmt":"2026-04-21T11:32:49","slug":"acrylelement-wurfel-113-nihonium-50-mm","status":"publish","type":"product","link":"https:\/\/smart-elements.com\/de\/shop\/acrylic-element-cube-113-nihonium-50mm\/","title":{"rendered":"Acryl Elemente W\u00fcrfel 113-Nihonium - 50mm"},"content":{"rendered":"<h1>Die Sensation! Acryl-Elementbl\u00f6cke NEU!<\/h1>\n<h1>113-Nihonium- Platzhalter \u2013 NUR radioaktives Symbol \u2013 Enth\u00e4lt KEIN physisches Material!<\/h1>\n<p>Nihonium ist ein synthetisches chemisches Element mit dem Symbol Nh und der Ordnungszahl 113. Es ist extrem radioaktiv; sein stabilstes bekanntes Isotop, Nihonium-286, hat eine Halbwertszeit von etwa 10 Sekunden. Im Periodensystem ist Nihonium ein Transactinoid-Element im p-Block. Es ist ein Mitglied der Periode 7 und der Gruppe 13 (Borgruppe).<\/p>\n<p>Nihonium wurde erstmals 2003 von einer russisch-amerikanischen Kollaboration am Vereinigten Institut f\u00fcr Kernforschung (JINR) in Dubna, Russland, und 2004 von einem Team japanischer Wissenschaftler bei Riken in Wak\u014d, Japan, als geschaffen gemeldet. Die Best\u00e4tigung ihrer Anspr\u00fcche in den folgenden Jahren umfasste unabh\u00e4ngige Wissenschaftlerteams in den Vereinigten Staaten, Deutschland, Schweden und China sowie die urspr\u00fcnglichen Anspruchsteller in Russland und Japan. Im Jahr 2015 erkannte die IUPAC\/IUPAP Joint Working Party das Element an und wies Riken die Priorit\u00e4t der Entdeckung und die Namensrechte f\u00fcr das Element zu, da sie der Meinung war, dass Riken beobachtet hatte das Element 113 vor dem JINR-Team. Das Riken-Team schlug 2016 den Namen Nihonium vor, der im selben Jahr genehmigt wurde. Der Name leitet sich vom gebr\u00e4uchlichen japanischen Namen f\u00fcr Japan ab (\u65e5\u672c, Nihon).<\/p>\n<p>\u00dcber Nihonium ist nur sehr wenig bekannt, da es nur in sehr geringen Mengen hergestellt wurde, die innerhalb von Sekunden zerfallen. Die anomal lange Lebensdauer einiger superschwerer Nuklide, darunter einige Nihonium-Isotope, wird durch die Theorie der \u201cStabilit\u00e4tsinsel\u201d erkl\u00e4rt. Experimente st\u00fctzen diese Theorie, wobei die Halbwertszeiten der best\u00e4tigten Nihonium-Isotope von Millisekunden auf Sekunden ansteigen, wenn Neutronen hinzugef\u00fcgt werden und man sich der Insel n\u00e4hert. Es wurde berechnet, dass Nihonium \u00e4hnliche Eigenschaften wie seine Homologen Bor, Aluminium, Gallium, Indium und Thallium aufweist. Mit Ausnahme von Bor handelt es sich bei allen um Metalle nach dem \u00dcbergang, und es wird erwartet, dass Nihonium ebenfalls ein Metall nach dem \u00dcbergang ist. Nihonium sollte sich auch in mehreren Punkten von diesen Metallen unterscheiden. So sollte Nihonium in der Oxidationsstufe +1 stabiler sein als in der Oxidationsstufe +3, wie Thallium, aber in der Oxidationsstufe +1 sollte sich Nihonium eher wie Silber und Astat verhalten als Thallium. Vorl\u00e4ufige Experimente im Jahr 2017 zeigten, dass elementares Nihonium nicht sehr fl\u00fcchtig ist; seine Chemie ist noch weitgehend unerforscht.<\/p>","protected":false},"excerpt":{"rendered":"<p>113-Nihonium \u2013 Platzhalter \u2013 radioaktives Symbol<\/p>","protected":false},"featured_media":49130,"template":"","meta":{"_acf_changed":false,"site-sidebar-layout":"default","site-content-layout":"","ast-site-content-layout":"default","site-content-style":"default","site-sidebar-style":"default","ast-global-header-display":"","ast-banner-title-visibility":"","ast-main-header-display":"","ast-hfb-above-header-display":"","ast-hfb-below-header-display":"","ast-hfb-mobile-header-display":"","site-post-title":"","ast-breadcrumbs-content":"","ast-featured-img":"","footer-sml-layout":"","ast-disable-related-posts":"","theme-transparent-header-meta":"default","adv-header-id-meta":"","stick-header-meta":"","header-above-stick-meta":"","header-main-stick-meta":"","header-below-stick-meta":"","astra-migrate-meta-layouts":"set","ast-page-background-enabled":"default","ast-page-background-meta":{"desktop":{"background-color":"var(--ast-global-color-5)","background-image":"","background-repeat":"repeat","background-position":"center center","background-size":"auto","background-attachment":"scroll","background-type":"","background-media":"","overlay-type":"","overlay-color":"","overlay-opacity":"","overlay-gradient":""},"tablet":{"background-color":"","background-image":"","background-repeat":"repeat","background-position":"center center","background-size":"auto","background-attachment":"scroll","background-type":"","background-media":"","overlay-type":"","overlay-color":"","overlay-opacity":"","overlay-gradient":""},"mobile":{"background-color":"","background-image":"","background-repeat":"repeat","background-position":"center center","background-size":"auto","background-attachment":"scroll","background-type":"","background-media":"","overlay-type":"","overlay-color":"","overlay-opacity":"","overlay-gradient":""}},"ast-content-background-meta":{"desktop":{"background-color":"var(--ast-global-color-4)","background-image":"","background-repeat":"repeat","background-position":"center center","background-size":"auto","background-attachment":"scroll","background-type":"","background-media":"","overlay-type":"","overlay-color":"","overlay-opacity":"","overlay-gradient":""},"tablet":{"background-color":"var(--ast-global-color-4)","background-image":"","background-repeat":"repeat","background-position":"center center","background-size":"auto","background-attachment":"scroll","background-type":"","background-media":"","overlay-type":"","overlay-color":"","overlay-opacity":"","overlay-gradient":""},"mobile":{"background-color":"var(--ast-global-color-4)","background-image":"","background-repeat":"repeat","background-position":"center center","background-size":"auto","background-attachment":"scroll","background-type":"","background-media":"","overlay-type":"","overlay-color":"","overlay-opacity":"","overlay-gradient":""}}},"product_brand":[],"product_cat":[87,290],"product_tag":[],"class_list":{"0":"post-5771","1":"product","2":"type-product","3":"status-publish","4":"has-post-thumbnail","6":"product_cat-elements-in-acrylic-cubes","7":"product_cat-nh","8":"desktop-align-left","9":"tablet-align-left","10":"mobile-align-left","11":"ast-product-gallery-layout-horizontal-slider","12":"ast-product-tabs-layout-horizontal","13":"ast-qv-on-image","15":"first","16":"instock","17":"taxable","18":"shipping-taxable","19":"purchasable","20":"product-type-simple"},"acf":[],"_links":{"self":[{"href":"https:\/\/smart-elements.com\/de\/wp-json\/wp\/v2\/product\/5771","targetHints":{"allow":["GET"]}}],"collection":[{"href":"https:\/\/smart-elements.com\/de\/wp-json\/wp\/v2\/product"}],"about":[{"href":"https:\/\/smart-elements.com\/de\/wp-json\/wp\/v2\/types\/product"}],"version-history":[{"count":1,"href":"https:\/\/smart-elements.com\/de\/wp-json\/wp\/v2\/product\/5771\/revisions"}],"predecessor-version":[{"id":50771,"href":"https:\/\/smart-elements.com\/de\/wp-json\/wp\/v2\/product\/5771\/revisions\/50771"}],"wp:featuredmedia":[{"embeddable":true,"href":"https:\/\/smart-elements.com\/de\/wp-json\/wp\/v2\/media\/49130"}],"wp:attachment":[{"href":"https:\/\/smart-elements.com\/de\/wp-json\/wp\/v2\/media?parent=5771"}],"wp:term":[{"taxonomy":"product_brand","embeddable":true,"href":"https:\/\/smart-elements.com\/de\/wp-json\/wp\/v2\/product_brand?post=5771"},{"taxonomy":"product_cat","embeddable":true,"href":"https:\/\/smart-elements.com\/de\/wp-json\/wp\/v2\/product_cat?post=5771"},{"taxonomy":"product_tag","embeddable":true,"href":"https:\/\/smart-elements.com\/de\/wp-json\/wp\/v2\/product_tag?post=5771"}],"curies":[{"name":"wp","href":"https:\/\/api.w.org\/{rel}","templated":true}]}}