{"id":5729,"date":"2023-09-01T21:00:05","date_gmt":"2023-09-01T19:00:05","guid":{"rendered":"http:\/\/88.99.60.177\/product\/terbium-high-precision-density-standard-cube-10x10x10mm-8-22g\/"},"modified":"2026-04-10T20:24:15","modified_gmt":"2026-04-10T18:24:15","slug":"terbium-hochprazisions-dichtestandardwurfel-10x10x10mm-822g","status":"publish","type":"product","link":"https:\/\/smart-elements.com\/de\/shop\/terbium-high-precision-density-standard-cube-10x10x10mm-8-22g\/","title":{"rendered":"Terbium Hochpr\u00e4zisionsdichte-Standardw\u00fcrfel 10mm mit Kalibrierungsoption"},"content":{"rendered":"<p>Terbium \u2013 hochpr\u00e4ziser Dichtestandardw\u00fcrfel 10x10x10mm NEU!<br \/>\nHandgefertigt in \u00d6sterreich \u2013 gl\u00e4nzende und oxidfreie Oberfl\u00e4che.<\/p>\n<p>Im Netz gibt es viele billige F\u00e4lschungen, bei denen man Metallw\u00fcrfel f\u00fcr ein paar Euro bekommen kann. Da stellt sich die Frage, ob man nur ein St\u00fcck Metall in W\u00fcrfelform oder einen Dichtestandard f\u00fcr wissenschaftliche oder p\u00e4dagogische Zwecke erh\u00e4lt. Deshalb bieten wir 3 Varianten an:<\/p>\n<ul>\n<li>Standard (g\u00fcnstiger, aber nicht auf Gewicht oder Gr\u00f6\u00dfe kalibriert +- 0,15 mm) oder<\/li>\n<li>kalibriert auf Gewicht (+- 0,05 g + Pr\u00fcfzertifikat)<\/li>\n<li>kalibriert auf Gr\u00f6\u00dfe (+- 0,05 mm + gedrucktes Zertifikat).<\/li>\n<\/ul>\n<p>Bitte w\u00e4hlen Sie die ben\u00f6tigte Version. Beachten Sie, dass die Kalibrierung nach Gewicht bedeutet, dass der W\u00fcrfel bis zu 0,15 mm gr\u00f6\u00dfer sein kann, da die theoretische Dichte technisch nicht erreichbar ist.<\/p>","protected":false},"excerpt":{"rendered":"<p>Terbium \u2013 Hochpr\u00e4ziser Dichtestandardw\u00fcrfel 1cm\u00b3 NEU!<br \/>\nHandgemacht in \u00d6sterreich<\/p>\n<p>wir bieten 3 Versionen an:<\/p>\n<ul>\n<li>Standard (pr\u00e4zise, aber g\u00fcnstiger, nicht auf Gewicht oder Gr\u00f6\u00dfe kalibriert +- 0,15 mm)<\/li>\n<li>kalibriert auf Gewicht (+- 0,05 g + Pr\u00fcfzertifikat)<\/li>\n<li>kalibriert auf Gr\u00f6\u00dfe (+- 0,05 mm + gedrucktes Zertifikat).<\/li>\n<\/ul>","protected":false},"featured_media":46098,"template":"","meta":{"_acf_changed":false,"site-sidebar-layout":"default","site-content-layout":"","ast-site-content-layout":"default","site-content-style":"default","site-sidebar-style":"default","ast-global-header-display":"","ast-banner-title-visibility":"","ast-main-header-display":"","ast-hfb-above-header-display":"","ast-hfb-below-header-display":"","ast-hfb-mobile-header-display":"","site-post-title":"","ast-breadcrumbs-content":"","ast-featured-img":"","footer-sml-layout":"","ast-disable-related-posts":"","theme-transparent-header-meta":"","adv-header-id-meta":"","stick-header-meta":"","header-above-stick-meta":"","header-main-stick-meta":"","header-below-stick-meta":"","astra-migrate-meta-layouts":"default","ast-page-background-enabled":"default","ast-page-background-meta":{"desktop":{"background-color":"var(--ast-global-color-5)","background-image":"","background-repeat":"repeat","background-position":"center center","background-size":"auto","background-attachment":"scroll","background-type":"","background-media":"","overlay-type":"","overlay-color":"","overlay-opacity":"","overlay-gradient":""},"tablet":{"background-color":"","background-image":"","background-repeat":"repeat","background-position":"center center","background-size":"auto","background-attachment":"scroll","background-type":"","background-media":"","overlay-type":"","overlay-color":"","overlay-opacity":"","overlay-gradient":""},"mobile":{"background-color":"","background-image":"","background-repeat":"repeat","background-position":"center center","background-size":"auto","background-attachment":"scroll","background-type":"","background-media":"","overlay-type":"","overlay-color":"","overlay-opacity":"","overlay-gradient":""}},"ast-content-background-meta":{"desktop":{"background-color":"var(--ast-global-color-4)","background-image":"","background-repeat":"repeat","background-position":"center center","background-size":"auto","background-attachment":"scroll","background-type":"","background-media":"","overlay-type":"","overlay-color":"","overlay-opacity":"","overlay-gradient":""},"tablet":{"background-color":"var(--ast-global-color-4)","background-image":"","background-repeat":"repeat","background-position":"center center","background-size":"auto","background-attachment":"scroll","background-type":"","background-media":"","overlay-type":"","overlay-color":"","overlay-opacity":"","overlay-gradient":""},"mobile":{"background-color":"var(--ast-global-color-4)","background-image":"","background-repeat":"repeat","background-position":"center center","background-size":"auto","background-attachment":"scroll","background-type":"","background-media":"","overlay-type":"","overlay-color":"","overlay-opacity":"","overlay-gradient":""}}},"product_brand":[],"product_cat":[215,42],"product_tag":[],"class_list":{"0":"post-5729","1":"product","2":"type-product","3":"status-publish","4":"has-post-thumbnail","6":"product_cat-element-density-cubes","7":"product_cat-tb","8":"desktop-align-left","9":"tablet-align-left","10":"mobile-align-left","11":"ast-product-gallery-layout-horizontal-slider","12":"ast-product-single-variable","13":"ast-product-tabs-layout-horizontal","14":"ast-qv-on-image","16":"first","17":"instock","18":"taxable","19":"shipping-taxable","20":"purchasable","21":"product-type-variable"},"acf":[],"_links":{"self":[{"href":"https:\/\/smart-elements.com\/de\/wp-json\/wp\/v2\/product\/5729","targetHints":{"allow":["GET"]}}],"collection":[{"href":"https:\/\/smart-elements.com\/de\/wp-json\/wp\/v2\/product"}],"about":[{"href":"https:\/\/smart-elements.com\/de\/wp-json\/wp\/v2\/types\/product"}],"version-history":[{"count":0,"href":"https:\/\/smart-elements.com\/de\/wp-json\/wp\/v2\/product\/5729\/revisions"}],"wp:featuredmedia":[{"embeddable":true,"href":"https:\/\/smart-elements.com\/de\/wp-json\/wp\/v2\/media\/46098"}],"wp:attachment":[{"href":"https:\/\/smart-elements.com\/de\/wp-json\/wp\/v2\/media?parent=5729"}],"wp:term":[{"taxonomy":"product_brand","embeddable":true,"href":"https:\/\/smart-elements.com\/de\/wp-json\/wp\/v2\/product_brand?post=5729"},{"taxonomy":"product_cat","embeddable":true,"href":"https:\/\/smart-elements.com\/de\/wp-json\/wp\/v2\/product_cat?post=5729"},{"taxonomy":"product_tag","embeddable":true,"href":"https:\/\/smart-elements.com\/de\/wp-json\/wp\/v2\/product_tag?post=5729"}],"curies":[{"name":"wp","href":"https:\/\/api.w.org\/{rel}","templated":true}]}}