{"id":5725,"date":"2020-01-14T11:46:21","date_gmt":"2020-01-14T10:46:21","guid":{"rendered":"http:\/\/88.99.60.177\/product\/led-365nm-395nm-uv-flashlight-ultraviolet-torch-zoomable-focus\/"},"modified":"2026-01-14T10:51:52","modified_gmt":"2026-01-14T09:51:52","slug":"led-365nm-395nm-uv-taschenlampe-ultraviolett-taschenlampe-zoombarer-fokus","status":"publish","type":"product","link":"https:\/\/smart-elements.com\/de\/shop\/led-365nm-395nm-uv-flashlight-ultraviolet-torch-zoomable-focus\/","title":{"rendered":"LED-365nm-395nm-UV-Flashlight-Ultraviolett-Torch-Zoomable-Focus-Mini-UV-Schwarzlicht"},"content":{"rendered":"<p><strong>LED-365nm-395nm-UV-Flashlight-Ultraviolett-Torch-Zoomable-Focus-Mini-UV-Schwarzlicht<\/strong><\/p>\n<p>Merkmale: Super Mini-Gr\u00f6\u00dfe, UV-Taschenlampe. Rutschfestes Design und wasserdichtes Design. Verstellbarer Fokusbereich f\u00fcr verschiedene Anwendungen, durch Ausziehen des Fokus einzustellen. Clip f\u00fcr bequemes Tragen. Die Betriebsspannung ist breit und kann Batterien optimal nutzen. Verwendungszwecke: Gelddetektor, Nachtfischen, nach Treibgut, nach Gebetsketten, nach Spuren in der forensischen Klasse f\u00fcr spezielle industrielle Zwecke.<\/p>\n<p>Spezifikationen: Farbe: Schwarz Lichtfarbe: Violett Reflektor: Konvexe Linse Material: Aluminiumlegierung Modell der LED: UV 395 nm LED Schalter: Ein\/Aus Batterie: 1 * AA \/ 1 * 14500 Batterie (Batterie nicht enthalten) Gr\u00f6\u00dfe: 9,4 * 2,6 * 2,6 cm<\/p>","protected":false},"excerpt":{"rendered":"<p>Super-Mini-Gr\u00f6\u00dfe, UV-Taschenlampe. Rutschfestes Design und wasserdichtes Design. Einstellbarer Fokusbereich f\u00fcr unterschiedliche Anwendungen, ausziehbar zur Fokuseinstellung. Clip f\u00fcr bequemes Tragen. Die Betriebsspannung ist breit und erm\u00f6glicht die optimale Nutzung der Batterien. Verwendungszwecke: Gelddetektor, Nachtfischerei, Angeln nach Treibgut, Angeln nach Gebetsperlen, Spurensicherung im forensischen Bereich, Verwendung in Spezialbranchen.<\/p>","protected":false},"featured_media":49112,"template":"","meta":{"_acf_changed":false},"product_brand":[],"product_cat":[205],"product_tag":[],"class_list":{"0":"post-5725","1":"product","2":"type-product","3":"status-publish","4":"has-post-thumbnail","6":"product_cat-lab-supplies","8":"first","9":"outofstock","10":"taxable","11":"shipping-taxable","12":"purchasable","13":"product-type-variable"},"acf":[],"_links":{"self":[{"href":"https:\/\/smart-elements.com\/de\/wp-json\/wp\/v2\/product\/5725","targetHints":{"allow":["GET"]}}],"collection":[{"href":"https:\/\/smart-elements.com\/de\/wp-json\/wp\/v2\/product"}],"about":[{"href":"https:\/\/smart-elements.com\/de\/wp-json\/wp\/v2\/types\/product"}],"version-history":[{"count":0,"href":"https:\/\/smart-elements.com\/de\/wp-json\/wp\/v2\/product\/5725\/revisions"}],"wp:featuredmedia":[{"embeddable":true,"href":"https:\/\/smart-elements.com\/de\/wp-json\/wp\/v2\/media\/49112"}],"wp:attachment":[{"href":"https:\/\/smart-elements.com\/de\/wp-json\/wp\/v2\/media?parent=5725"}],"wp:term":[{"taxonomy":"product_brand","embeddable":true,"href":"https:\/\/smart-elements.com\/de\/wp-json\/wp\/v2\/product_brand?post=5725"},{"taxonomy":"product_cat","embeddable":true,"href":"https:\/\/smart-elements.com\/de\/wp-json\/wp\/v2\/product_cat?post=5725"},{"taxonomy":"product_tag","embeddable":true,"href":"https:\/\/smart-elements.com\/de\/wp-json\/wp\/v2\/product_tag?post=5725"}],"curies":[{"name":"wp","href":"https:\/\/api.w.org\/{rel}","templated":true}]}}