{"id":5720,"date":"2023-07-06T16:54:19","date_gmt":"2023-07-06T14:54:19","guid":{"rendered":"http:\/\/88.99.60.177\/product\/large-manganese-2-doped-fluorescent-glass-bead-5-grams\/"},"modified":"2026-01-14T10:50:58","modified_gmt":"2026-01-14T09:50:58","slug":"groser-mangan-2-dotierter-fluoreszierender-glasperle-5-gramm","status":"publish","type":"product","link":"https:\/\/smart-elements.com\/de\/shop\/large-manganese-2-doped-fluorescent-glass-bead-5-grams\/","title":{"rendered":"Gro\u00dfer Mangan 2+ dotierter fluoreszierender Glasperle \u2013 &gt;5 Gramm"},"content":{"rendered":"<p>Glasperle dotiert mit 10% Mangan 2+ Ionen \u2013 NEU! rote Fluoreszenz!<br \/>\nGr\u00f6\u00dfe ca. 20 mm \u2013 Gewicht ~ \u00fcber 5 Gramm<br \/>\nMaterial: ZnBaP:10Mn2+<br \/>\nSch\u00f6ner Glasperle. Jede handgefertigt in unserem Labor.<\/p>\n<p>Wei\u00df bei normalem Licht<br \/>\nRot (starker Peak bei 635 nm) unter 395 nm UV-Anregung<\/p>\n<p>Bitte verwenden Sie keine \u00fcblichen UV-LEDs, diese erzeugen Wellenl\u00e4ngen \u00fcber 400 nm und sind nicht geeignet! Schwarzlichtr\u00f6hren funktionieren am besten! Die f\u00fcr die Fotos verwendete UV-Lampe hat eine Wellenl\u00e4nge von 365 nm<\/p>\n<p>Bei Tageslicht sind sie glasklar und farblos.<\/p>","protected":false},"excerpt":{"rendered":"<p>Glasperle dotiert mit 10% Mangan 2+ Ionen \u2013 NEU! rote Fluoreszenz!<br \/>\nGr\u00f6\u00dfe ca. 20 mm \u2013 Gewicht ~ \u00fcber 5 Gramm<br \/>\nMaterial: ZnBaP:10Mn2+<br \/>\nSch\u00f6ner Glasperle. Jede handgefertigt in unserem Labor.<\/p>\n<p>Wei\u00df bei normalem Licht<br \/>\nRot (starker Peak bei 635 nm) unter UV-Anregung<\/p>","protected":false},"featured_media":49104,"template":"","meta":{"_acf_changed":false,"site-sidebar-layout":"default","site-content-layout":"","ast-site-content-layout":"default","site-content-style":"default","site-sidebar-style":"default","ast-global-header-display":"","ast-banner-title-visibility":"","ast-main-header-display":"","ast-hfb-above-header-display":"","ast-hfb-below-header-display":"","ast-hfb-mobile-header-display":"","site-post-title":"","ast-breadcrumbs-content":"","ast-featured-img":"","footer-sml-layout":"","ast-disable-related-posts":"","theme-transparent-header-meta":"","adv-header-id-meta":"","stick-header-meta":"","header-above-stick-meta":"","header-main-stick-meta":"","header-below-stick-meta":"","astra-migrate-meta-layouts":"default","ast-page-background-enabled":"default","ast-page-background-meta":{"desktop":{"background-color":"var(--ast-global-color-5)","background-image":"","background-repeat":"repeat","background-position":"center center","background-size":"auto","background-attachment":"scroll","background-type":"","background-media":"","overlay-type":"","overlay-color":"","overlay-opacity":"","overlay-gradient":""},"tablet":{"background-color":"","background-image":"","background-repeat":"repeat","background-position":"center center","background-size":"auto","background-attachment":"scroll","background-type":"","background-media":"","overlay-type":"","overlay-color":"","overlay-opacity":"","overlay-gradient":""},"mobile":{"background-color":"","background-image":"","background-repeat":"repeat","background-position":"center center","background-size":"auto","background-attachment":"scroll","background-type":"","background-media":"","overlay-type":"","overlay-color":"","overlay-opacity":"","overlay-gradient":""}},"ast-content-background-meta":{"desktop":{"background-color":"var(--ast-global-color-4)","background-image":"","background-repeat":"repeat","background-position":"center center","background-size":"auto","background-attachment":"scroll","background-type":"","background-media":"","overlay-type":"","overlay-color":"","overlay-opacity":"","overlay-gradient":""},"tablet":{"background-color":"var(--ast-global-color-4)","background-image":"","background-repeat":"repeat","background-position":"center center","background-size":"auto","background-attachment":"scroll","background-type":"","background-media":"","overlay-type":"","overlay-color":"","overlay-opacity":"","overlay-gradient":""},"mobile":{"background-color":"var(--ast-global-color-4)","background-image":"","background-repeat":"repeat","background-position":"center center","background-size":"auto","background-attachment":"scroll","background-type":"","background-media":"","overlay-type":"","overlay-color":"","overlay-opacity":"","overlay-gradient":""}}},"product_brand":[],"product_cat":[23,54,365],"product_tag":[],"class_list":{"0":"post-5720","1":"product","2":"type-product","3":"status-publish","4":"has-post-thumbnail","6":"product_cat-doped-optical-crystals-glass","7":"product_cat-mn","8":"product_cat-phosphate-glass-doped-optical-crystals-glass","9":"desktop-align-left","10":"tablet-align-left","11":"mobile-align-left","12":"ast-product-gallery-layout-horizontal-slider","13":"ast-product-tabs-layout-horizontal","14":"ast-qv-on-image","16":"first","17":"instock","18":"taxable","19":"shipping-taxable","20":"purchasable","21":"product-type-simple"},"acf":[],"_links":{"self":[{"href":"https:\/\/smart-elements.com\/de\/wp-json\/wp\/v2\/product\/5720","targetHints":{"allow":["GET"]}}],"collection":[{"href":"https:\/\/smart-elements.com\/de\/wp-json\/wp\/v2\/product"}],"about":[{"href":"https:\/\/smart-elements.com\/de\/wp-json\/wp\/v2\/types\/product"}],"version-history":[{"count":0,"href":"https:\/\/smart-elements.com\/de\/wp-json\/wp\/v2\/product\/5720\/revisions"}],"wp:featuredmedia":[{"embeddable":true,"href":"https:\/\/smart-elements.com\/de\/wp-json\/wp\/v2\/media\/49104"}],"wp:attachment":[{"href":"https:\/\/smart-elements.com\/de\/wp-json\/wp\/v2\/media?parent=5720"}],"wp:term":[{"taxonomy":"product_brand","embeddable":true,"href":"https:\/\/smart-elements.com\/de\/wp-json\/wp\/v2\/product_brand?post=5720"},{"taxonomy":"product_cat","embeddable":true,"href":"https:\/\/smart-elements.com\/de\/wp-json\/wp\/v2\/product_cat?post=5720"},{"taxonomy":"product_tag","embeddable":true,"href":"https:\/\/smart-elements.com\/de\/wp-json\/wp\/v2\/product_tag?post=5720"}],"curies":[{"name":"wp","href":"https:\/\/api.w.org\/{rel}","templated":true}]}}