{"id":5670,"date":"2019-10-21T19:00:32","date_gmt":"2019-10-21T17:00:32","guid":{"rendered":"http:\/\/88.99.60.177\/product\/xenon-capillary-spectrum-quartz-discharge-tube-o3-x-50mm-new\/"},"modified":"2026-01-14T10:45:15","modified_gmt":"2026-01-14T09:45:15","slug":"xenon-kapillarspektrum-quarzentladungslampe-o3-x-50mm-neu","status":"publish","type":"product","link":"https:\/\/smart-elements.com\/de\/shop\/xenon-capillary-spectrum-quartz-discharge-tube-o3-x-50mm-new\/","title":{"rendered":"Xenon Kapillarspektrum Quarzentladungsr\u00f6hre \u00d83 x 50mm \u2013 NEU"},"content":{"rendered":"<p>NEU! Xenon-Kapillarspektralentladungsr\u00f6hre \u00d83mm x 50mm \u2013 NEU<br \/>\nDiese neue Spektralentladungsr\u00f6hre ist die kleinste unserer Gasampullen mit all ihren Vorteilen, da sie keine Metallteile aufweist, aber die Leuchtkraft einer Standard-Spektralr\u00f6hre besitzt. Diese R\u00f6hre kann im Dauerbetrieb eingesetzt werden!<br \/>\nHergestellt aus hochwertigem und reinem Quarzglas.<\/p>\n<p>Man kann es mit einem Tesla-Generator leicht zum Leuchten bringen.<\/p>\n<p>Betriebsspannung 1500\u20135000 V bei 20 mA \u2013 hier in unserem Shop erh\u00e4ltlich<br \/>\nDies ist ein ganz besonderes St\u00fcck f\u00fcr eine vollst\u00e4ndige Elementsammlung!!!<\/p>","protected":false},"excerpt":{"rendered":"<p>NEU! Neonkapillar-Spektralentladungsr\u00f6hre \u00d83mm x 50mm \u2013 NEU<br \/>\nDiese neue Spektralentladungsr\u00f6hre ist die kleinste unserer Gasampullen mit all ihren Vorteilen, da sie keine Metallteile aufweist, aber die Leuchtkraft einer Standard-Spektralr\u00f6hre besitzt. Diese R\u00f6hre kann im Dauerbetrieb eingesetzt werden!<br \/>\nHergestellt aus hochwertigem und reinem Quarzglas.<\/p>","protected":false},"featured_media":49080,"template":"","meta":{"_acf_changed":false,"site-sidebar-layout":"default","site-content-layout":"","ast-site-content-layout":"default","site-content-style":"default","site-sidebar-style":"default","ast-global-header-display":"","ast-banner-title-visibility":"","ast-main-header-display":"","ast-hfb-above-header-display":"","ast-hfb-below-header-display":"","ast-hfb-mobile-header-display":"","site-post-title":"","ast-breadcrumbs-content":"","ast-featured-img":"","footer-sml-layout":"","ast-disable-related-posts":"","theme-transparent-header-meta":"","adv-header-id-meta":"","stick-header-meta":"","header-above-stick-meta":"","header-main-stick-meta":"","header-below-stick-meta":"","astra-migrate-meta-layouts":"default","ast-page-background-enabled":"default","ast-page-background-meta":{"desktop":{"background-color":"var(--ast-global-color-5)","background-image":"","background-repeat":"repeat","background-position":"center center","background-size":"auto","background-attachment":"scroll","background-type":"","background-media":"","overlay-type":"","overlay-color":"","overlay-opacity":"","overlay-gradient":""},"tablet":{"background-color":"","background-image":"","background-repeat":"repeat","background-position":"center center","background-size":"auto","background-attachment":"scroll","background-type":"","background-media":"","overlay-type":"","overlay-color":"","overlay-opacity":"","overlay-gradient":""},"mobile":{"background-color":"","background-image":"","background-repeat":"repeat","background-position":"center center","background-size":"auto","background-attachment":"scroll","background-type":"","background-media":"","overlay-type":"","overlay-color":"","overlay-opacity":"","overlay-gradient":""}},"ast-content-background-meta":{"desktop":{"background-color":"var(--ast-global-color-4)","background-image":"","background-repeat":"repeat","background-position":"center center","background-size":"auto","background-attachment":"scroll","background-type":"","background-media":"","overlay-type":"","overlay-color":"","overlay-opacity":"","overlay-gradient":""},"tablet":{"background-color":"var(--ast-global-color-4)","background-image":"","background-repeat":"repeat","background-position":"center center","background-size":"auto","background-attachment":"scroll","background-type":"","background-media":"","overlay-type":"","overlay-color":"","overlay-opacity":"","overlay-gradient":""},"mobile":{"background-color":"var(--ast-global-color-4)","background-image":"","background-repeat":"repeat","background-position":"center center","background-size":"auto","background-attachment":"scroll","background-type":"","background-media":"","overlay-type":"","overlay-color":"","overlay-opacity":"","overlay-gradient":""}}},"product_brand":[],"product_cat":[47,370,102],"product_tag":[],"class_list":{"0":"post-5670","1":"product","2":"type-product","3":"status-publish","4":"has-post-thumbnail","6":"product_cat-discharge-lamps","7":"product_cat-other-discharge-lamps","8":"product_cat-xe","9":"desktop-align-left","10":"tablet-align-left","11":"mobile-align-left","12":"ast-product-gallery-layout-horizontal-slider","13":"ast-product-gallery-with-no-image","14":"ast-product-tabs-layout-horizontal","15":"ast-qv-on-image","17":"first","18":"instock","19":"taxable","20":"shipping-taxable","21":"purchasable","22":"product-type-simple"},"acf":[],"_links":{"self":[{"href":"https:\/\/smart-elements.com\/de\/wp-json\/wp\/v2\/product\/5670","targetHints":{"allow":["GET"]}}],"collection":[{"href":"https:\/\/smart-elements.com\/de\/wp-json\/wp\/v2\/product"}],"about":[{"href":"https:\/\/smart-elements.com\/de\/wp-json\/wp\/v2\/types\/product"}],"version-history":[{"count":0,"href":"https:\/\/smart-elements.com\/de\/wp-json\/wp\/v2\/product\/5670\/revisions"}],"wp:featuredmedia":[{"embeddable":true,"href":"https:\/\/smart-elements.com\/de\/wp-json\/wp\/v2\/media\/49080"}],"wp:attachment":[{"href":"https:\/\/smart-elements.com\/de\/wp-json\/wp\/v2\/media?parent=5670"}],"wp:term":[{"taxonomy":"product_brand","embeddable":true,"href":"https:\/\/smart-elements.com\/de\/wp-json\/wp\/v2\/product_brand?post=5670"},{"taxonomy":"product_cat","embeddable":true,"href":"https:\/\/smart-elements.com\/de\/wp-json\/wp\/v2\/product_cat?post=5670"},{"taxonomy":"product_tag","embeddable":true,"href":"https:\/\/smart-elements.com\/de\/wp-json\/wp\/v2\/product_tag?post=5670"}],"curies":[{"name":"wp","href":"https:\/\/api.w.org\/{rel}","templated":true}]}}