{"id":5648,"date":"2024-11-29T13:55:46","date_gmt":"2024-11-29T12:55:46","guid":{"rendered":"http:\/\/88.99.60.177\/product\/ceyag\/"},"modified":"2026-03-23T00:54:18","modified_gmt":"2026-03-22T23:54:18","slug":"ceyag","status":"publish","type":"product","link":"https:\/\/smart-elements.com\/de\/shop\/ceyag\/","title":{"rendered":"Ce:YAG synthetischer Edelstein - UV-aktiv - 8mm - Y3Al5O12"},"content":{"rendered":"<p><b>Ce:YAG synthetischer Edelstein - UV-aktiv - 8mm - Y3Al5O12<\/b><\/p>\n<p><b>Hergestellt in der EU<\/b><\/p>\n<p>Ce:YAG Synthetischer Edelstein \u2013 UV aktiv \u2013 8mm Durchmesser \u2013<br \/>\nCe : YAG \u2013 Yttrium Aluminium Granat mit 1% Ce3+ , Y3Al5O12:Ce<br \/>\nYAG (gemmologisch korrekt: Granatoid) ist ein beliebter Edelstein aufgrund seiner Mohsh\u00e4rte von 8 bis 8,5 und seiner hohen Dispersion und seines Brechungsindexes (zusammen ergeben sie das sogenannte Feuer). Farblos und unter den Handelsnamen Zirkon-Imitat (auch Diamonair oder Cirolit) diente er als Diamantersatz, bis er durch die besser geeignete Zirkonia abgel\u00f6st wurde. Hier die gelbe Variante, die sich durch ihre starke gelbe Lumineszenz im UV-Licht auszeichnet.<br \/>\nDiese Edelsteine werden in der EU von einem bekannten Hersteller von Laserlaserkristallen produziert.<\/p>\n<p>Du bekommst EIN Kristall!<\/p>\n<p>Die optional erh\u00e4ltliche 10-W-UV-Lampe mit einer Wellenl\u00e4nge von 365 nm eignet sich perfekt f\u00fcr eine starke Fluoreszenz des Kristalls.<\/p>\n<p><img fetchpriority=\"high\" decoding=\"async\" class=\"alignnone size-full wp-image-34016\" src=\"https:\/\/www.smart-elements.com\/wp\/wp-content\/uploads\/2024\/11\/Hcf039194f62c49ea81e388d86aff3c41w.jpg_720x720q50.avif\" alt=\"\" width=\"720\" height=\"608\" \/><\/p>","protected":false},"excerpt":{"rendered":"<p>Ce:YAG synthetical gemstone &#8211; UV active &#8211; 8mm &#8211; Y3Al5O12 Made in the EU Ce:YAG synthetical gemstone \u2013 UV active [&hellip;]<\/p>\n","protected":false},"featured_media":49064,"template":"","meta":{"_acf_changed":false,"site-sidebar-layout":"default","site-content-layout":"","ast-site-content-layout":"default","site-content-style":"default","site-sidebar-style":"default","ast-global-header-display":"","ast-banner-title-visibility":"","ast-main-header-display":"","ast-hfb-above-header-display":"","ast-hfb-below-header-display":"","ast-hfb-mobile-header-display":"","site-post-title":"","ast-breadcrumbs-content":"","ast-featured-img":"","footer-sml-layout":"","ast-disable-related-posts":"","theme-transparent-header-meta":"","adv-header-id-meta":"","stick-header-meta":"","header-above-stick-meta":"","header-main-stick-meta":"","header-below-stick-meta":"","astra-migrate-meta-layouts":"default","ast-page-background-enabled":"default","ast-page-background-meta":{"desktop":{"background-color":"var(--ast-global-color-5)","background-image":"","background-repeat":"repeat","background-position":"center center","background-size":"auto","background-attachment":"scroll","background-type":"","background-media":"","overlay-type":"","overlay-color":"","overlay-opacity":"","overlay-gradient":""},"tablet":{"background-color":"","background-image":"","background-repeat":"repeat","background-position":"center center","background-size":"auto","background-attachment":"scroll","background-type":"","background-media":"","overlay-type":"","overlay-color":"","overlay-opacity":"","overlay-gradient":""},"mobile":{"background-color":"","background-image":"","background-repeat":"repeat","background-position":"center center","background-size":"auto","background-attachment":"scroll","background-type":"","background-media":"","overlay-type":"","overlay-color":"","overlay-opacity":"","overlay-gradient":""}},"ast-content-background-meta":{"desktop":{"background-color":"var(--ast-global-color-4)","background-image":"","background-repeat":"repeat","background-position":"center center","background-size":"auto","background-attachment":"scroll","background-type":"","background-media":"","overlay-type":"","overlay-color":"","overlay-opacity":"","overlay-gradient":""},"tablet":{"background-color":"var(--ast-global-color-4)","background-image":"","background-repeat":"repeat","background-position":"center center","background-size":"auto","background-attachment":"scroll","background-type":"","background-media":"","overlay-type":"","overlay-color":"","overlay-opacity":"","overlay-gradient":""},"mobile":{"background-color":"var(--ast-global-color-4)","background-image":"","background-repeat":"repeat","background-position":"center center","background-size":"auto","background-attachment":"scroll","background-type":"","background-media":"","overlay-type":"","overlay-color":"","overlay-opacity":"","overlay-gradient":""}}},"product_brand":[],"product_cat":[382,23],"product_tag":[],"class_list":{"0":"post-5648","1":"product","2":"type-product","3":"status-publish","4":"has-post-thumbnail","6":"product_cat-crystals-doped-optical-crystals-glass","7":"product_cat-doped-optical-crystals-glass","8":"desktop-align-left","9":"tablet-align-left","10":"mobile-align-left","11":"ast-product-gallery-layout-horizontal-slider","12":"ast-product-single-variable","13":"ast-product-tabs-layout-horizontal","14":"ast-qv-on-image","16":"first","17":"instock","18":"taxable","19":"shipping-taxable","20":"purchasable","21":"product-type-variable"},"acf":[],"_links":{"self":[{"href":"https:\/\/smart-elements.com\/de\/wp-json\/wp\/v2\/product\/5648","targetHints":{"allow":["GET"]}}],"collection":[{"href":"https:\/\/smart-elements.com\/de\/wp-json\/wp\/v2\/product"}],"about":[{"href":"https:\/\/smart-elements.com\/de\/wp-json\/wp\/v2\/types\/product"}],"version-history":[{"count":0,"href":"https:\/\/smart-elements.com\/de\/wp-json\/wp\/v2\/product\/5648\/revisions"}],"wp:featuredmedia":[{"embeddable":true,"href":"https:\/\/smart-elements.com\/de\/wp-json\/wp\/v2\/media\/49064"}],"wp:attachment":[{"href":"https:\/\/smart-elements.com\/de\/wp-json\/wp\/v2\/media?parent=5648"}],"wp:term":[{"taxonomy":"product_brand","embeddable":true,"href":"https:\/\/smart-elements.com\/de\/wp-json\/wp\/v2\/product_brand?post=5648"},{"taxonomy":"product_cat","embeddable":true,"href":"https:\/\/smart-elements.com\/de\/wp-json\/wp\/v2\/product_cat?post=5648"},{"taxonomy":"product_tag","embeddable":true,"href":"https:\/\/smart-elements.com\/de\/wp-json\/wp\/v2\/product_tag?post=5648"}],"curies":[{"name":"wp","href":"https:\/\/api.w.org\/{rel}","templated":true}]}}