{"id":5569,"date":"2026-04-17T19:59:10","date_gmt":"2026-04-17T17:59:10","guid":{"rendered":"http:\/\/88.99.60.177\/product\/dysprosium-high-precision-density-standard-cube-1cm3\/"},"modified":"2026-04-17T21:00:01","modified_gmt":"2026-04-17T19:00:01","slug":"dysprosium-hochprazisions-dichtestandardwurfel-1cm%c2%b3","status":"publish","type":"product","link":"https:\/\/smart-elements.com\/de\/shop\/dysprosium-high-precision-density-standard-cube-1cm3\/","title":{"rendered":"Dysprosium Hochpr\u00e4zisions-Dichtestandardw\u00fcrfel 10mm \u2013 8.55 g"},"content":{"rendered":"<p>Dysprosium \u2013 hochpr\u00e4ziser Dichte-Standardw\u00fcrfel 1 cm\u00b3 NEU!<\/p>\n<p>Wir sind f\u00fchrender Hersteller von Metall-Dichtew\u00fcrfeln h\u00f6chster Qualit\u00e4t. Unsere W\u00fcrfel sind ber\u00fchmt f\u00fcr ihre perfekte Oberfl\u00e4cheng\u00fcte, scharfen Kanten und exakte Gr\u00f6\u00dfe. Alles wird von Meisterhand mit Liebe zum Detail in unserer eigenen Werkstatt in \u00d6sterreich gefertigt.<\/p>\n<p>Unter ausschlie\u00dflicher Verwendung ausgew\u00e4hlter und hochreiner Materialien wurden die Dichtew\u00fcrfel in unserem Labor auf 10x10x10 mm (kleine 1cm3-W\u00fcrfel) und 21,5x21,5x21,5 mm (gro\u00dfe 10cm3-W\u00fcrfel) mit einer Genauigkeit von 0,01 Millimetern geschliffen. Jeder einzelne wurde in einem mehrst\u00fcndigen Prozess geschliffen und poliert. Die W\u00fcrfel stellen durch ihr Gewicht die theoretische Dichte des jeweiligen Elements dar.<\/p>\n<p>\u00dcberall auf dem Markt gibt es viele billige Kopien. Die Preise sind verlockend, aber vergleichen Sie sie mit unseren Dichtew\u00fcrfeln und entscheiden Sie selbst\u2026<\/p>","protected":false},"excerpt":{"rendered":"<p>Dysprosium \u2013 hochpr\u00e4ziser Dichte-Standardw\u00fcrfel 1 cm\u00b3 NEU!<\/p>","protected":false},"featured_media":45347,"template":"","meta":{"_acf_changed":false,"site-sidebar-layout":"default","site-content-layout":"","ast-site-content-layout":"default","site-content-style":"default","site-sidebar-style":"default","ast-global-header-display":"","ast-banner-title-visibility":"","ast-main-header-display":"","ast-hfb-above-header-display":"","ast-hfb-below-header-display":"","ast-hfb-mobile-header-display":"","site-post-title":"","ast-breadcrumbs-content":"","ast-featured-img":"","footer-sml-layout":"","ast-disable-related-posts":"","theme-transparent-header-meta":"default","adv-header-id-meta":"","stick-header-meta":"","header-above-stick-meta":"","header-main-stick-meta":"","header-below-stick-meta":"","astra-migrate-meta-layouts":"set","ast-page-background-enabled":"default","ast-page-background-meta":{"desktop":{"background-color":"var(--ast-global-color-5)","background-image":"","background-repeat":"repeat","background-position":"center center","background-size":"auto","background-attachment":"scroll","background-type":"","background-media":"","overlay-type":"","overlay-color":"","overlay-opacity":"","overlay-gradient":""},"tablet":{"background-color":"","background-image":"","background-repeat":"repeat","background-position":"center center","background-size":"auto","background-attachment":"scroll","background-type":"","background-media":"","overlay-type":"","overlay-color":"","overlay-opacity":"","overlay-gradient":""},"mobile":{"background-color":"","background-image":"","background-repeat":"repeat","background-position":"center center","background-size":"auto","background-attachment":"scroll","background-type":"","background-media":"","overlay-type":"","overlay-color":"","overlay-opacity":"","overlay-gradient":""}},"ast-content-background-meta":{"desktop":{"background-color":"var(--ast-global-color-4)","background-image":"","background-repeat":"repeat","background-position":"center center","background-size":"auto","background-attachment":"scroll","background-type":"","background-media":"","overlay-type":"","overlay-color":"","overlay-opacity":"","overlay-gradient":""},"tablet":{"background-color":"var(--ast-global-color-4)","background-image":"","background-repeat":"repeat","background-position":"center center","background-size":"auto","background-attachment":"scroll","background-type":"","background-media":"","overlay-type":"","overlay-color":"","overlay-opacity":"","overlay-gradient":""},"mobile":{"background-color":"var(--ast-global-color-4)","background-image":"","background-repeat":"repeat","background-position":"center center","background-size":"auto","background-attachment":"scroll","background-type":"","background-media":"","overlay-type":"","overlay-color":"","overlay-opacity":"","overlay-gradient":""}}},"product_brand":[],"product_cat":[29,215],"product_tag":[],"class_list":{"0":"post-5569","1":"product","2":"type-product","3":"status-publish","4":"has-post-thumbnail","6":"product_cat-dy","7":"product_cat-element-density-cubes","8":"desktop-align-left","9":"tablet-align-left","10":"mobile-align-left","11":"ast-product-gallery-layout-horizontal-slider","12":"ast-product-gallery-with-no-image","13":"ast-product-tabs-layout-horizontal","14":"ast-qv-on-image","16":"first","17":"instock","18":"taxable","19":"shipping-taxable","20":"purchasable","21":"product-type-simple"},"acf":[],"_links":{"self":[{"href":"https:\/\/smart-elements.com\/de\/wp-json\/wp\/v2\/product\/5569","targetHints":{"allow":["GET"]}}],"collection":[{"href":"https:\/\/smart-elements.com\/de\/wp-json\/wp\/v2\/product"}],"about":[{"href":"https:\/\/smart-elements.com\/de\/wp-json\/wp\/v2\/types\/product"}],"version-history":[{"count":2,"href":"https:\/\/smart-elements.com\/de\/wp-json\/wp\/v2\/product\/5569\/revisions"}],"predecessor-version":[{"id":50698,"href":"https:\/\/smart-elements.com\/de\/wp-json\/wp\/v2\/product\/5569\/revisions\/50698"}],"wp:featuredmedia":[{"embeddable":true,"href":"https:\/\/smart-elements.com\/de\/wp-json\/wp\/v2\/media\/45347"}],"wp:attachment":[{"href":"https:\/\/smart-elements.com\/de\/wp-json\/wp\/v2\/media?parent=5569"}],"wp:term":[{"taxonomy":"product_brand","embeddable":true,"href":"https:\/\/smart-elements.com\/de\/wp-json\/wp\/v2\/product_brand?post=5569"},{"taxonomy":"product_cat","embeddable":true,"href":"https:\/\/smart-elements.com\/de\/wp-json\/wp\/v2\/product_cat?post=5569"},{"taxonomy":"product_tag","embeddable":true,"href":"https:\/\/smart-elements.com\/de\/wp-json\/wp\/v2\/product_tag?post=5569"}],"curies":[{"name":"wp","href":"https:\/\/api.w.org\/{rel}","templated":true}]}}