{"id":5540,"date":"2019-08-27T16:27:18","date_gmt":"2019-08-27T14:27:18","guid":{"rendered":"http:\/\/88.99.60.177\/product\/ultra-purity-vacuum-melted-rhenium-3-26-grams\/"},"modified":"2026-01-14T10:35:17","modified_gmt":"2026-01-14T09:35:17","slug":"ultrareines-vakuum-geschmolzenes-rhenium-3-26-gramm","status":"publish","type":"product","link":"https:\/\/smart-elements.com\/de\/shop\/ultra-purity-vacuum-melted-rhenium-3-26-grams\/","title":{"rendered":"Ulta-reines Vakuumschmelz-Rhenium 3,26 Gramm"},"content":{"rendered":"<p>Hochreines Rheniummetall 99,95%<br \/>\nLichtbogen geschmolzen! Diese einzigartigen St\u00fccke Vakuum geschmolzenen Rheniummetalls sind sehr selten. Die Oberfl\u00e4che ist hochgl\u00e4nzend und oxidfrei.<br \/>\nF\u00fcr Ihre Elementesammlung oder Ihr Labor.<\/p>","protected":false},"excerpt":{"rendered":"<p>High Pure Rhenium Metal 99.95% Arc melted! These unique pieces of vacuum melted Rhenium metal\u00a0are very rare. The surface is highly shiny and oxide free. For your elements collection or lab.<\/p>","protected":false},"featured_media":49005,"template":"","meta":{"_acf_changed":false},"product_brand":[],"product_cat":[199,133],"product_tag":[],"class_list":{"0":"post-5540","1":"product","2":"type-product","3":"status-publish","4":"has-post-thumbnail","6":"product_cat-pure-elements","7":"product_cat-re","9":"first","10":"outofstock","11":"taxable","12":"shipping-taxable","13":"purchasable","14":"product-type-simple"},"acf":[],"_links":{"self":[{"href":"https:\/\/smart-elements.com\/de\/wp-json\/wp\/v2\/product\/5540","targetHints":{"allow":["GET"]}}],"collection":[{"href":"https:\/\/smart-elements.com\/de\/wp-json\/wp\/v2\/product"}],"about":[{"href":"https:\/\/smart-elements.com\/de\/wp-json\/wp\/v2\/types\/product"}],"version-history":[{"count":0,"href":"https:\/\/smart-elements.com\/de\/wp-json\/wp\/v2\/product\/5540\/revisions"}],"wp:featuredmedia":[{"embeddable":true,"href":"https:\/\/smart-elements.com\/de\/wp-json\/wp\/v2\/media\/49005"}],"wp:attachment":[{"href":"https:\/\/smart-elements.com\/de\/wp-json\/wp\/v2\/media?parent=5540"}],"wp:term":[{"taxonomy":"product_brand","embeddable":true,"href":"https:\/\/smart-elements.com\/de\/wp-json\/wp\/v2\/product_brand?post=5540"},{"taxonomy":"product_cat","embeddable":true,"href":"https:\/\/smart-elements.com\/de\/wp-json\/wp\/v2\/product_cat?post=5540"},{"taxonomy":"product_tag","embeddable":true,"href":"https:\/\/smart-elements.com\/de\/wp-json\/wp\/v2\/product_tag?post=5540"}],"curies":[{"name":"wp","href":"https:\/\/api.w.org\/{rel}","templated":true}]}}