{"id":5477,"date":"2023-09-27T11:46:17","date_gmt":"2023-09-27T09:46:17","guid":{"rendered":"http:\/\/88.99.60.177\/product\/gallium-indium-tin-eutectic-liquid-metal-100-grams\/"},"modified":"2026-01-14T10:28:59","modified_gmt":"2026-01-14T09:28:59","slug":"gallium-indium-tin-eutectic-liquid-metal-100-grams","status":"publish","type":"product","link":"https:\/\/smart-elements.com\/de\/shop\/gallium-indium-tin-eutectic-liquid-metal-100-grams\/","title":{"rendered":"Gallium-Indium-Zinn-Eutektikum, Fl\u00fcssigmetall 100 Gramm"},"content":{"rendered":"<p align=\"left\">Gallium Indium Tin eutectic, 99.99% &#8211; liquid Metal 100 grams<\/p>\n<p align=\"left\">Ga:In:Sn; 69:22:9 wt%<\/p>\n<p align=\"left\"><span class=\"style4\">Bei dieser Fl\u00fcssigkeit handelt es sich um eine Familie eutektischer Legierungen aus Gallium, Indium und Zinn, die bei Raumtemperatur fl\u00fcssig sind und in der Regel bei -19 \u00b0C (-2,2 \u00b0F) einfrieren. Aufgrund der geringen Toxizit\u00e4t und der geringen Reaktivit\u00e4t der darin enthaltenen Metalle wird sie als Ersatz f\u00fcr viele Anwendungen eingesetzt, bei denen zuvor giftiges fl\u00fcssiges Quecksilber oder reaktives NaK (Natrium-Kalium-Legierung) verwendet wurde. <\/span><\/p>\n<p align=\"left\"><span class=\"style4\">Es neigt dazu, viele Materialien zu benetzen und an ihnen zu haften, darunter auch Glas, was seine Verwendung im Vergleich zu Quecksilber einschr\u00e4nkt. Ga-In-Sn-Fl\u00fcssigkeit wird aufgrund seiner ungiftigen Eigenschaften kommerziell als Quecksilberersatz in Thermometern verwendet, aber das Innenrohr muss mit Galliumoxid beschichtet werden, um zu verhindern, dass die Legierung die Glasoberfl\u00e4che benetzt.<\/span><\/p>\n<p align=\"left\"><span class=\"style4\">Es hat ein h\u00f6heres Reflexionsverm\u00f6gen und eine geringere Dichte als Quecksilber; es wird als Ersatz f\u00fcr Quecksilber in Fl\u00fcssigspiegelteleskopen f\u00fcr die Astronomie untersucht. Es ist auch ein vielversprechendes K\u00fchlmittel, obwohl seine Kosten und seine Aggressivit\u00e4t (es korrodiert viele andere Metalle, indem es sie aufl\u00f6st) gro\u00dfe Hindernisse f\u00fcr seine Verwendung darstellen. Kleine Mengen werden inzwischen als W\u00e4rmeleitpaste an Computerenthusiasten verkauft; sie hat eine viel bessere W\u00e4rmeleitf\u00e4higkeit als herk\u00f6mmliche W\u00e4rmeleitpasten (wodurch hei\u00dfe Chips wie CPUs und GPUs um mehrere Grad k\u00fchler laufen k\u00f6nnen), muss aber sorgf\u00e4ltiger aufgetragen werden als die elektrisch isolierenden Standardfette, da Versch\u00fcttungen Kurzschl\u00fcsse verursachen k\u00f6nnen.<\/span><\/p>\n<p align=\"left\"><span class=\"style4\">\u00a0<\/span><\/p>","protected":false},"excerpt":{"rendered":"<p>Gallium Indium Tin eutectic, 99.99% &#8211; liquid Metal 100 grams Ga:In:Sn; 69:22:9 wt% This liquid is a family of eutectic [&hellip;]<\/p>\n","protected":false},"featured_media":48953,"template":"","meta":{"_acf_changed":false,"site-sidebar-layout":"default","site-content-layout":"","ast-site-content-layout":"default","site-content-style":"default","site-sidebar-style":"default","ast-global-header-display":"","ast-banner-title-visibility":"","ast-main-header-display":"","ast-hfb-above-header-display":"","ast-hfb-below-header-display":"","ast-hfb-mobile-header-display":"","site-post-title":"","ast-breadcrumbs-content":"","ast-featured-img":"","footer-sml-layout":"","ast-disable-related-posts":"","theme-transparent-header-meta":"","adv-header-id-meta":"","stick-header-meta":"","header-above-stick-meta":"","header-main-stick-meta":"","header-below-stick-meta":"","astra-migrate-meta-layouts":"default","ast-page-background-enabled":"default","ast-page-background-meta":{"desktop":{"background-color":"var(--ast-global-color-5)","background-image":"","background-repeat":"repeat","background-position":"center center","background-size":"auto","background-attachment":"scroll","background-type":"","background-media":"","overlay-type":"","overlay-color":"","overlay-opacity":"","overlay-gradient":""},"tablet":{"background-color":"","background-image":"","background-repeat":"repeat","background-position":"center center","background-size":"auto","background-attachment":"scroll","background-type":"","background-media":"","overlay-type":"","overlay-color":"","overlay-opacity":"","overlay-gradient":""},"mobile":{"background-color":"","background-image":"","background-repeat":"repeat","background-position":"center center","background-size":"auto","background-attachment":"scroll","background-type":"","background-media":"","overlay-type":"","overlay-color":"","overlay-opacity":"","overlay-gradient":""}},"ast-content-background-meta":{"desktop":{"background-color":"var(--ast-global-color-4)","background-image":"","background-repeat":"repeat","background-position":"center center","background-size":"auto","background-attachment":"scroll","background-type":"","background-media":"","overlay-type":"","overlay-color":"","overlay-opacity":"","overlay-gradient":""},"tablet":{"background-color":"var(--ast-global-color-4)","background-image":"","background-repeat":"repeat","background-position":"center center","background-size":"auto","background-attachment":"scroll","background-type":"","background-media":"","overlay-type":"","overlay-color":"","overlay-opacity":"","overlay-gradient":""},"mobile":{"background-color":"var(--ast-global-color-4)","background-image":"","background-repeat":"repeat","background-position":"center center","background-size":"auto","background-attachment":"scroll","background-type":"","background-media":"","overlay-type":"","overlay-color":"","overlay-opacity":"","overlay-gradient":""}}},"product_brand":[],"product_cat":[157,199],"product_tag":[],"class_list":{"0":"post-5477","1":"product","2":"type-product","3":"status-publish","4":"has-post-thumbnail","6":"product_cat-ga","7":"product_cat-pure-elements","8":"desktop-align-left","9":"tablet-align-left","10":"mobile-align-left","11":"ast-product-gallery-layout-horizontal-slider","12":"ast-product-tabs-layout-horizontal","13":"ast-qv-on-image","15":"first","16":"instock","17":"taxable","18":"shipping-taxable","19":"purchasable","20":"product-type-simple"},"acf":[],"_links":{"self":[{"href":"https:\/\/smart-elements.com\/de\/wp-json\/wp\/v2\/product\/5477","targetHints":{"allow":["GET"]}}],"collection":[{"href":"https:\/\/smart-elements.com\/de\/wp-json\/wp\/v2\/product"}],"about":[{"href":"https:\/\/smart-elements.com\/de\/wp-json\/wp\/v2\/types\/product"}],"version-history":[{"count":0,"href":"https:\/\/smart-elements.com\/de\/wp-json\/wp\/v2\/product\/5477\/revisions"}],"wp:featuredmedia":[{"embeddable":true,"href":"https:\/\/smart-elements.com\/de\/wp-json\/wp\/v2\/media\/48953"}],"wp:attachment":[{"href":"https:\/\/smart-elements.com\/de\/wp-json\/wp\/v2\/media?parent=5477"}],"wp:term":[{"taxonomy":"product_brand","embeddable":true,"href":"https:\/\/smart-elements.com\/de\/wp-json\/wp\/v2\/product_brand?post=5477"},{"taxonomy":"product_cat","embeddable":true,"href":"https:\/\/smart-elements.com\/de\/wp-json\/wp\/v2\/product_cat?post=5477"},{"taxonomy":"product_tag","embeddable":true,"href":"https:\/\/smart-elements.com\/de\/wp-json\/wp\/v2\/product_tag?post=5477"}],"curies":[{"name":"wp","href":"https:\/\/api.w.org\/{rel}","templated":true}]}}