{"id":5459,"date":"2019-08-18T18:46:14","date_gmt":"2019-08-18T16:46:14","guid":{"rendered":"http:\/\/88.99.60.177\/product\/silver-heart-100-g-99-99-pure-silver\/"},"modified":"2026-01-14T10:27:04","modified_gmt":"2026-01-14T09:27:04","slug":"herz-aus-silber-100-g-9999-reines-silber","status":"publish","type":"product","link":"https:\/\/smart-elements.com\/de\/shop\/silver-heart-100-g-99-99-pure-silver\/","title":{"rendered":"Silberherz 100 g. 99,99% reines Silber"},"content":{"rendered":"<h1><strong>Silberherz 100 g. 99.99% reines Silber Sch\u00f6n und besonders<\/strong><\/h1>\n<p>Diese einzigartigen Herzen aus Feinsilber 999.9 werden Sie inspirieren. Sowohl der symbolische Charakter der formvollendeten Herzen als auch die Wertbest\u00e4ndigkeit als Anlageprodukt \u00fcberzeugen gleicherma\u00dfen. Eine Wertanlage aus bestem Silber \u2013 auch als Geschenk der ganz besonderen Art f\u00fcr Menschen, die Ihnen am Herzen liegen.<\/p>\n<table class=\"product--properties-table\">\n<tbody>\n<tr class=\"product--properties-row\">\n<td class=\"product--properties-label\">Material:<\/td>\n<td class=\"product--properties-value text\">Silber<\/td>\n<\/tr>\n<tr class=\"product--properties-row\">\n<td class=\"product--properties-label\">Gewicht:<\/td>\n<td class=\"product--properties-value text\">100 g<\/td>\n<\/tr>\n<tr class=\"product--properties-row\">\n<td class=\"product--properties-label\">Zeugnis<\/td>\n<td class=\"product--properties-value text\">No<\/td>\n<\/tr>\n<tr class=\"product--properties-row\">\n<td class=\"product--properties-label\">Packen:<\/td>\n<td class=\"product--properties-value text\">Alufolie<\/td>\n<\/tr>\n<tr class=\"product--properties-row\">\n<td class=\"product--properties-label\">Feinheit:<\/td>\n<td class=\"product--properties-value text\">999,9<\/td>\n<\/tr>\n<tr class=\"product--properties-row\">\n<td class=\"product--properties-label\">Typ:<\/td>\n<td class=\"product--properties-value text\">Herzform<\/td>\n<\/tr>\n<tr class=\"product--properties-row\">\n<td class=\"product--properties-label\">L\u00e4nge:<\/td>\n<td class=\"product--properties-value text\">9 mm<\/td>\n<\/tr>\n<tr class=\"product--properties-row\">\n<td class=\"product--properties-label\">Breite<\/td>\n<td class=\"product--properties-value text\">41,3 mm<\/td>\n<\/tr>\n<tr class=\"product--properties-row\">\n<td class=\"product--properties-label\">H\u00f6he:<\/td>\n<td class=\"product--properties-value text\">39,7 mm<\/td>\n<\/tr>\n<\/tbody>\n<\/table>","protected":false},"excerpt":{"rendered":"<p>Silver heart 100 g. 99.99% pure silverBeautiful and special These unique hearts of 999.9 fine silver will inspire you. Both [&hellip;]<\/p>\n","protected":false},"featured_media":48935,"template":"","meta":{"_acf_changed":false,"site-sidebar-layout":"default","site-content-layout":"","ast-site-content-layout":"default","site-content-style":"default","site-sidebar-style":"default","ast-global-header-display":"","ast-banner-title-visibility":"","ast-main-header-display":"","ast-hfb-above-header-display":"","ast-hfb-below-header-display":"","ast-hfb-mobile-header-display":"","site-post-title":"","ast-breadcrumbs-content":"","ast-featured-img":"","footer-sml-layout":"","ast-disable-related-posts":"","theme-transparent-header-meta":"","adv-header-id-meta":"","stick-header-meta":"","header-above-stick-meta":"","header-main-stick-meta":"","header-below-stick-meta":"","astra-migrate-meta-layouts":"default","ast-page-background-enabled":"default","ast-page-background-meta":{"desktop":{"background-color":"var(--ast-global-color-5)","background-image":"","background-repeat":"repeat","background-position":"center center","background-size":"auto","background-attachment":"scroll","background-type":"","background-media":"","overlay-type":"","overlay-color":"","overlay-opacity":"","overlay-gradient":""},"tablet":{"background-color":"","background-image":"","background-repeat":"repeat","background-position":"center center","background-size":"auto","background-attachment":"scroll","background-type":"","background-media":"","overlay-type":"","overlay-color":"","overlay-opacity":"","overlay-gradient":""},"mobile":{"background-color":"","background-image":"","background-repeat":"repeat","background-position":"center center","background-size":"auto","background-attachment":"scroll","background-type":"","background-media":"","overlay-type":"","overlay-color":"","overlay-opacity":"","overlay-gradient":""}},"ast-content-background-meta":{"desktop":{"background-color":"var(--ast-global-color-4)","background-image":"","background-repeat":"repeat","background-position":"center center","background-size":"auto","background-attachment":"scroll","background-type":"","background-media":"","overlay-type":"","overlay-color":"","overlay-opacity":"","overlay-gradient":""},"tablet":{"background-color":"var(--ast-global-color-4)","background-image":"","background-repeat":"repeat","background-position":"center center","background-size":"auto","background-attachment":"scroll","background-type":"","background-media":"","overlay-type":"","overlay-color":"","overlay-opacity":"","overlay-gradient":""},"mobile":{"background-color":"var(--ast-global-color-4)","background-image":"","background-repeat":"repeat","background-position":"center center","background-size":"auto","background-attachment":"scroll","background-type":"","background-media":"","overlay-type":"","overlay-color":"","overlay-opacity":"","overlay-gradient":""}}},"product_brand":[],"product_cat":[20,199],"product_tag":[],"class_list":{"0":"post-5459","1":"product","2":"type-product","3":"status-publish","4":"has-post-thumbnail","6":"product_cat-ag","7":"product_cat-pure-elements","8":"desktop-align-left","9":"tablet-align-left","10":"mobile-align-left","11":"ast-product-gallery-layout-horizontal-slider","12":"ast-product-gallery-with-no-image","13":"ast-product-tabs-layout-horizontal","14":"ast-qv-on-image","16":"first","17":"outofstock","18":"taxable","19":"shipping-taxable","20":"purchasable","21":"product-type-simple"},"acf":[],"_links":{"self":[{"href":"https:\/\/smart-elements.com\/de\/wp-json\/wp\/v2\/product\/5459","targetHints":{"allow":["GET"]}}],"collection":[{"href":"https:\/\/smart-elements.com\/de\/wp-json\/wp\/v2\/product"}],"about":[{"href":"https:\/\/smart-elements.com\/de\/wp-json\/wp\/v2\/types\/product"}],"version-history":[{"count":0,"href":"https:\/\/smart-elements.com\/de\/wp-json\/wp\/v2\/product\/5459\/revisions"}],"wp:featuredmedia":[{"embeddable":true,"href":"https:\/\/smart-elements.com\/de\/wp-json\/wp\/v2\/media\/48935"}],"wp:attachment":[{"href":"https:\/\/smart-elements.com\/de\/wp-json\/wp\/v2\/media?parent=5459"}],"wp:term":[{"taxonomy":"product_brand","embeddable":true,"href":"https:\/\/smart-elements.com\/de\/wp-json\/wp\/v2\/product_brand?post=5459"},{"taxonomy":"product_cat","embeddable":true,"href":"https:\/\/smart-elements.com\/de\/wp-json\/wp\/v2\/product_cat?post=5459"},{"taxonomy":"product_tag","embeddable":true,"href":"https:\/\/smart-elements.com\/de\/wp-json\/wp\/v2\/product_tag?post=5459"}],"curies":[{"name":"wp","href":"https:\/\/api.w.org\/{rel}","templated":true}]}}