{"id":5409,"date":"2019-08-18T18:46:08","date_gmt":"2019-08-18T16:46:08","guid":{"rendered":"http:\/\/88.99.60.177\/product\/high-purity-argon-gas-fused-silica-ampoule-purity-99-999\/"},"modified":"2026-01-14T10:21:14","modified_gmt":"2026-01-14T09:21:14","slug":"high-purity-argon-gas-fused-silica-ampoule-purity-99-999","status":"publish","type":"product","link":"https:\/\/smart-elements.com\/de\/shop\/high-purity-argon-gas-fused-silica-ampoule-purity-99-999\/","title":{"rendered":"High purity Argon gas fused silica ampoule, purity 99.999%"},"content":{"rendered":"<p><p>Hochreines Argongas, eingeschlossen <u><font color=\"#0000ff\">Quarzglas<\/u> Ampulle, Reinheit 99,999%<\/FONT><\/p><br \/>\n<p>L\u00e4nge ~ 100 mm x 10mm Durchm. <font color=\"#0000ff\">Ampullen aus Quarzglas k\u00f6nnen f\u00fcr h\u00f6here Temperaturen bis zu 800 Grad Celsius verwendet werden.<\/font><\/p><br \/>\n<p align=\"left\">Diese Ampulle wurde speziell f\u00fcr Experimente mit Mikrosafe und Hochspannung entwickelt.&nbsp;<\/p><br \/>\n<p align=\"left\">Auf dem Bild links sehen Sie die beleuchtete Ampulle. Sie ist \u00fcber zwei Metallschleifen mit einem 5000V\/35kHz-Transformator verbunden. Die Transformatoren k\u00f6nnen bezogen werden <a href=\"\/de\/lab\/\">hier<\/a><\/p><br \/>\n<p align=\"left\">Here a video of an ampoule in the microwave oven: After about 5 &#8211; 6 seconds the oven should be turned off to avoid damage of the glass.<\/p><br \/>\n<object width=\"560\" height=\"315\"><param name=\"movie\" value=\"http:\/\/www.youtube.com\/v\/d9Wfzo-s8m0?version=3&amp;hl=de_DE&amp;rel=0\"><param name=\"allowFullScreen\" value=\"true\"><param name=\"allowscriptaccess\" value=\"always\"><br \/>\n<embed src=\"http:\/\/www.youtube.com\/v\/d9Wfzo-s8m0?version=3&#038;hl=de_DE&#038;rel=0\" \ntype=\"application\/x-shockwave-flash\" width=\"560\" height=\"315\" \nallowscriptaccess=\"always\" allowfullscreen=\"true\"><\/embed><\/object><\/p>","protected":false},"excerpt":{"rendered":"<p>High&nbsp;purity&nbsp;argon gas sealed in fused silica ampoule, purity 99.999% Length ~ 100 mm x 10mm dia. Fused silica ampoules can [&hellip;]<\/p>\n","protected":false},"featured_media":48873,"template":"","meta":{"_acf_changed":false,"site-sidebar-layout":"default","site-content-layout":"","ast-site-content-layout":"default","site-content-style":"default","site-sidebar-style":"default","ast-global-header-display":"","ast-banner-title-visibility":"","ast-main-header-display":"","ast-hfb-above-header-display":"","ast-hfb-below-header-display":"","ast-hfb-mobile-header-display":"","site-post-title":"","ast-breadcrumbs-content":"","ast-featured-img":"","footer-sml-layout":"","ast-disable-related-posts":"","theme-transparent-header-meta":"","adv-header-id-meta":"","stick-header-meta":"","header-above-stick-meta":"","header-main-stick-meta":"","header-below-stick-meta":"","astra-migrate-meta-layouts":"default","ast-page-background-enabled":"default","ast-page-background-meta":{"desktop":{"background-color":"var(--ast-global-color-5)","background-image":"","background-repeat":"repeat","background-position":"center center","background-size":"auto","background-attachment":"scroll","background-type":"","background-media":"","overlay-type":"","overlay-color":"","overlay-opacity":"","overlay-gradient":""},"tablet":{"background-color":"","background-image":"","background-repeat":"repeat","background-position":"center center","background-size":"auto","background-attachment":"scroll","background-type":"","background-media":"","overlay-type":"","overlay-color":"","overlay-opacity":"","overlay-gradient":""},"mobile":{"background-color":"","background-image":"","background-repeat":"repeat","background-position":"center center","background-size":"auto","background-attachment":"scroll","background-type":"","background-media":"","overlay-type":"","overlay-color":"","overlay-opacity":"","overlay-gradient":""}},"ast-content-background-meta":{"desktop":{"background-color":"var(--ast-global-color-4)","background-image":"","background-repeat":"repeat","background-position":"center center","background-size":"auto","background-attachment":"scroll","background-type":"","background-media":"","overlay-type":"","overlay-color":"","overlay-opacity":"","overlay-gradient":""},"tablet":{"background-color":"var(--ast-global-color-4)","background-image":"","background-repeat":"repeat","background-position":"center center","background-size":"auto","background-attachment":"scroll","background-type":"","background-media":"","overlay-type":"","overlay-color":"","overlay-opacity":"","overlay-gradient":""},"mobile":{"background-color":"var(--ast-global-color-4)","background-image":"","background-repeat":"repeat","background-position":"center center","background-size":"auto","background-attachment":"scroll","background-type":"","background-media":"","overlay-type":"","overlay-color":"","overlay-opacity":"","overlay-gradient":""}}},"product_brand":[],"product_cat":[200,199],"product_tag":[],"class_list":{"0":"post-5409","1":"product","2":"type-product","3":"status-publish","4":"has-post-thumbnail","6":"product_cat-ar","7":"product_cat-pure-elements","8":"desktop-align-left","9":"tablet-align-left","10":"mobile-align-left","11":"ast-product-gallery-layout-horizontal-slider","12":"ast-product-gallery-with-no-image","13":"ast-product-tabs-layout-horizontal","14":"ast-qv-on-image","16":"first","17":"instock","18":"taxable","19":"shipping-taxable","20":"purchasable","21":"product-type-simple"},"acf":[],"_links":{"self":[{"href":"https:\/\/smart-elements.com\/de\/wp-json\/wp\/v2\/product\/5409","targetHints":{"allow":["GET"]}}],"collection":[{"href":"https:\/\/smart-elements.com\/de\/wp-json\/wp\/v2\/product"}],"about":[{"href":"https:\/\/smart-elements.com\/de\/wp-json\/wp\/v2\/types\/product"}],"version-history":[{"count":0,"href":"https:\/\/smart-elements.com\/de\/wp-json\/wp\/v2\/product\/5409\/revisions"}],"wp:featuredmedia":[{"embeddable":true,"href":"https:\/\/smart-elements.com\/de\/wp-json\/wp\/v2\/media\/48873"}],"wp:attachment":[{"href":"https:\/\/smart-elements.com\/de\/wp-json\/wp\/v2\/media?parent=5409"}],"wp:term":[{"taxonomy":"product_brand","embeddable":true,"href":"https:\/\/smart-elements.com\/de\/wp-json\/wp\/v2\/product_brand?post=5409"},{"taxonomy":"product_cat","embeddable":true,"href":"https:\/\/smart-elements.com\/de\/wp-json\/wp\/v2\/product_cat?post=5409"},{"taxonomy":"product_tag","embeddable":true,"href":"https:\/\/smart-elements.com\/de\/wp-json\/wp\/v2\/product_tag?post=5409"}],"curies":[{"name":"wp","href":"https:\/\/api.w.org\/{rel}","templated":true}]}}