{"id":5394,"date":"2019-08-18T18:46:06","date_gmt":"2019-08-18T16:46:06","guid":{"rendered":"http:\/\/88.99.60.177\/product\/niobium-curb-chain-50cm-polished-new\/"},"modified":"2026-01-14T10:19:30","modified_gmt":"2026-01-14T09:19:30","slug":"niob-panzerkette-50cm-poliert-neu","status":"publish","type":"product","link":"https:\/\/smart-elements.com\/de\/shop\/niobium-curb-chain-50cm-polished-new\/","title":{"rendered":"Niobium Panzerkette, 45cm, poliert - NEW"},"content":{"rendered":"<p>Kette aus reinem Niob, 50cm \u2013 Breite ca. 4mm, anodisiert<\/p>\n<p>L\u00e4nge 50cm, Breite ~4mm, Gewicht ~13,93 Gramm \u2013 Reinheit 99,95%<\/p>\n<p>NEU! Niobn-Halskette anodisiert. Genie\u00dfen Sie die Farben!<br \/>\nNatur-Niobmetall ist silbern. Durch anodische Oxidation in einer speziellen S\u00e4uremischung und mit Strom erzeugen wir diese sch\u00f6nen und haltbaren Farben!<br \/>\nDiese exklusiven Halsketten sind nur hier erh\u00e4ltlich und k\u00f6nnen von M\u00e4nnern und Frauen getragen werden. Zwei verschiedene Gr\u00f6\u00dfen (45 cm &amp; 50 cm) sind verf\u00fcgbar. Jede Halskette wird in einer edlen Schmuck-Geschenkbox versendet.<br \/>\nNiob ist hypoallergen und strapazierf\u00e4hig. Es wird sehr empfohlen f\u00fcr Menschen, die unter Nickel-, Silber- oder Goldallergien leiden.<br \/>\nJede Halskette wird mit einem aufwendig lasergeschnittenen und hochglanzpolierten Anh\u00e4nger geliefert, auf dem der Name und die Reinheit des verwendeten Materials eingraviert sind. Die R\u00fcckseite des Anh\u00e4ngers tr\u00e4gt die registrierte, einzigartige Seriennummer.<\/p>","protected":false},"excerpt":{"rendered":"<p>Pure\u00a0Niobium curb chain, 50cm &#8211; width ~4mm, anodised Length 50cm, width ~4mm, weight ~\u00a013.93 grams\u00a0&#8211;\u00a0Purity 99.95% NEW! Niobium necklace anodised. [&hellip;]<\/p>\n","protected":false},"featured_media":48857,"template":"","meta":{"_acf_changed":false,"site-sidebar-layout":"default","site-content-layout":"","ast-site-content-layout":"default","site-content-style":"default","site-sidebar-style":"default","ast-global-header-display":"","ast-banner-title-visibility":"","ast-main-header-display":"","ast-hfb-above-header-display":"","ast-hfb-below-header-display":"","ast-hfb-mobile-header-display":"","site-post-title":"","ast-breadcrumbs-content":"","ast-featured-img":"","footer-sml-layout":"","ast-disable-related-posts":"","theme-transparent-header-meta":"","adv-header-id-meta":"","stick-header-meta":"","header-above-stick-meta":"","header-main-stick-meta":"","header-below-stick-meta":"","astra-migrate-meta-layouts":"default","ast-page-background-enabled":"default","ast-page-background-meta":{"desktop":{"background-color":"var(--ast-global-color-5)","background-image":"","background-repeat":"repeat","background-position":"center center","background-size":"auto","background-attachment":"scroll","background-type":"","background-media":"","overlay-type":"","overlay-color":"","overlay-opacity":"","overlay-gradient":""},"tablet":{"background-color":"","background-image":"","background-repeat":"repeat","background-position":"center center","background-size":"auto","background-attachment":"scroll","background-type":"","background-media":"","overlay-type":"","overlay-color":"","overlay-opacity":"","overlay-gradient":""},"mobile":{"background-color":"","background-image":"","background-repeat":"repeat","background-position":"center center","background-size":"auto","background-attachment":"scroll","background-type":"","background-media":"","overlay-type":"","overlay-color":"","overlay-opacity":"","overlay-gradient":""}},"ast-content-background-meta":{"desktop":{"background-color":"var(--ast-global-color-4)","background-image":"","background-repeat":"repeat","background-position":"center center","background-size":"auto","background-attachment":"scroll","background-type":"","background-media":"","overlay-type":"","overlay-color":"","overlay-opacity":"","overlay-gradient":""},"tablet":{"background-color":"var(--ast-global-color-4)","background-image":"","background-repeat":"repeat","background-position":"center center","background-size":"auto","background-attachment":"scroll","background-type":"","background-media":"","overlay-type":"","overlay-color":"","overlay-opacity":"","overlay-gradient":""},"mobile":{"background-color":"var(--ast-global-color-4)","background-image":"","background-repeat":"repeat","background-position":"center center","background-size":"auto","background-attachment":"scroll","background-type":"","background-media":"","overlay-type":"","overlay-color":"","overlay-opacity":"","overlay-gradient":""}}},"product_brand":[],"product_cat":[253],"product_tag":[],"class_list":{"0":"post-5394","1":"product","2":"type-product","3":"status-publish","4":"has-post-thumbnail","6":"product_cat-elements2wear","7":"desktop-align-left","8":"tablet-align-left","9":"mobile-align-left","10":"ast-product-gallery-layout-horizontal-slider","11":"ast-product-gallery-with-no-image","12":"ast-product-tabs-layout-horizontal","13":"ast-qv-on-image","15":"first","16":"outofstock","17":"taxable","18":"shipping-taxable","19":"purchasable","20":"product-type-simple"},"acf":[],"_links":{"self":[{"href":"https:\/\/smart-elements.com\/de\/wp-json\/wp\/v2\/product\/5394","targetHints":{"allow":["GET"]}}],"collection":[{"href":"https:\/\/smart-elements.com\/de\/wp-json\/wp\/v2\/product"}],"about":[{"href":"https:\/\/smart-elements.com\/de\/wp-json\/wp\/v2\/types\/product"}],"version-history":[{"count":0,"href":"https:\/\/smart-elements.com\/de\/wp-json\/wp\/v2\/product\/5394\/revisions"}],"wp:featuredmedia":[{"embeddable":true,"href":"https:\/\/smart-elements.com\/de\/wp-json\/wp\/v2\/media\/48857"}],"wp:attachment":[{"href":"https:\/\/smart-elements.com\/de\/wp-json\/wp\/v2\/media?parent=5394"}],"wp:term":[{"taxonomy":"product_brand","embeddable":true,"href":"https:\/\/smart-elements.com\/de\/wp-json\/wp\/v2\/product_brand?post=5394"},{"taxonomy":"product_cat","embeddable":true,"href":"https:\/\/smart-elements.com\/de\/wp-json\/wp\/v2\/product_cat?post=5394"},{"taxonomy":"product_tag","embeddable":true,"href":"https:\/\/smart-elements.com\/de\/wp-json\/wp\/v2\/product_tag?post=5394"}],"curies":[{"name":"wp","href":"https:\/\/api.w.org\/{rel}","templated":true}]}}