{"id":5379,"date":"2022-10-05T14:46:05","date_gmt":"2022-10-05T12:46:05","guid":{"rendered":"http:\/\/88.99.60.177\/product\/liquid-gallium-metal-under-vacuum-does-not-stick\/"},"modified":"2026-04-03T10:21:29","modified_gmt":"2026-04-03T08:21:29","slug":"flussiges-galliummetall-unter-vakuum-klebt-nicht","status":"publish","type":"product","link":"https:\/\/smart-elements.com\/de\/shop\/liquid-gallium-metal-under-vacuum-does-not-stick\/","title":{"rendered":"Fl\u00fcssiges Galliummetall unter Vakuum - Klebt nicht!"},"content":{"rendered":"<p align=\"left\">NEU - Gallium in Ampulle unter Vakuum versiegelt<\/p>\n<p>Gallium und Glas sind keine guten Freunde; unter normalen Bedingungen ist Gallium extrem klebrig und benetzt das Glas sofort und unwiederbringlich.<\/p>\n<p align=\"left\">Unter Hochvakuum und speziell grundiertem Glas verh\u00e4lt sich geschmolzenes Gallium wie Quecksilber und bildet kleine K\u00fcgelchen, die schnell miteinander verschmelzen, sobald sie einander ber\u00fchren. Die Herstellung des Bildes war also ziemlich knifflig...<\/p>\n<p align=\"left\"><iframe src=\"https:\/\/www.youtube-nocookie.com\/embed\/12SFKUd32Ng\" width=\"560\" height=\"315\" frameborder=\"0\" allowfullscreen=\"allowfullscreen\"><\/iframe><\/p>\n<p align=\"left\">Ideal f\u00fcr Sammler, Lehrer und Wissenschaftler.<\/p>\n<p align=\"left\"><span class=\"style4\">Im festen Zustand ist Gallium hart und spr\u00f6de wie Glas. Aber erst durch die W\u00e4rme Ihrer Hand schmilzt es! <\/span>Gallium ist ein sehr seltenes Metall und spielt eine wichtige Rolle bei der Herstellung von Flachbildschirmen, Mobiltelefonen, LEDs und anderen Halbleiteranwendungen. Seine nat\u00fcrlich vorkommenden Vorkommen sind bereits ersch\u00f6pft, so dass die Preise in die H\u00f6he gehen.<\/p>\n<p align=\"left\">In dieser Form kann es sicher gehandhabt werden. Sie k\u00f6nnen es schmelzen und unbegrenzt erstarren lassen, ohne dass sich die Qualit\u00e4t oder das Aussehen \u00e4ndern!<\/p>","protected":false},"excerpt":{"rendered":"<p>NEW &#8211; Gallium sealed in ampoule under Vacuum Gallium and glass are not good friends; under normal conditions gallium is [&hellip;]<\/p>\n","protected":false},"featured_media":48840,"template":"","meta":{"_acf_changed":false,"site-sidebar-layout":"default","site-content-layout":"","ast-site-content-layout":"default","site-content-style":"default","site-sidebar-style":"default","ast-global-header-display":"","ast-banner-title-visibility":"","ast-main-header-display":"","ast-hfb-above-header-display":"","ast-hfb-below-header-display":"","ast-hfb-mobile-header-display":"","site-post-title":"","ast-breadcrumbs-content":"","ast-featured-img":"","footer-sml-layout":"","ast-disable-related-posts":"","theme-transparent-header-meta":"","adv-header-id-meta":"","stick-header-meta":"","header-above-stick-meta":"","header-main-stick-meta":"","header-below-stick-meta":"","astra-migrate-meta-layouts":"default","ast-page-background-enabled":"default","ast-page-background-meta":{"desktop":{"background-color":"var(--ast-global-color-5)","background-image":"","background-repeat":"repeat","background-position":"center center","background-size":"auto","background-attachment":"scroll","background-type":"","background-media":"","overlay-type":"","overlay-color":"","overlay-opacity":"","overlay-gradient":""},"tablet":{"background-color":"","background-image":"","background-repeat":"repeat","background-position":"center center","background-size":"auto","background-attachment":"scroll","background-type":"","background-media":"","overlay-type":"","overlay-color":"","overlay-opacity":"","overlay-gradient":""},"mobile":{"background-color":"","background-image":"","background-repeat":"repeat","background-position":"center center","background-size":"auto","background-attachment":"scroll","background-type":"","background-media":"","overlay-type":"","overlay-color":"","overlay-opacity":"","overlay-gradient":""}},"ast-content-background-meta":{"desktop":{"background-color":"var(--ast-global-color-4)","background-image":"","background-repeat":"repeat","background-position":"center center","background-size":"auto","background-attachment":"scroll","background-type":"","background-media":"","overlay-type":"","overlay-color":"","overlay-opacity":"","overlay-gradient":""},"tablet":{"background-color":"var(--ast-global-color-4)","background-image":"","background-repeat":"repeat","background-position":"center center","background-size":"auto","background-attachment":"scroll","background-type":"","background-media":"","overlay-type":"","overlay-color":"","overlay-opacity":"","overlay-gradient":""},"mobile":{"background-color":"var(--ast-global-color-4)","background-image":"","background-repeat":"repeat","background-position":"center center","background-size":"auto","background-attachment":"scroll","background-type":"","background-media":"","overlay-type":"","overlay-color":"","overlay-opacity":"","overlay-gradient":""}}},"product_brand":[],"product_cat":[375,157,199],"product_tag":[],"class_list":{"0":"post-5379","1":"product","2":"type-product","3":"status-publish","4":"has-post-thumbnail","6":"product_cat-ampoules-pure-elements","7":"product_cat-ga","8":"product_cat-pure-elements","9":"desktop-align-left","10":"tablet-align-left","11":"mobile-align-left","12":"ast-product-gallery-layout-horizontal-slider","13":"ast-product-gallery-with-no-image","14":"ast-product-tabs-layout-horizontal","15":"ast-qv-on-image","17":"first","18":"instock","19":"taxable","20":"shipping-taxable","21":"purchasable","22":"product-type-simple"},"acf":[],"_links":{"self":[{"href":"https:\/\/smart-elements.com\/de\/wp-json\/wp\/v2\/product\/5379","targetHints":{"allow":["GET"]}}],"collection":[{"href":"https:\/\/smart-elements.com\/de\/wp-json\/wp\/v2\/product"}],"about":[{"href":"https:\/\/smart-elements.com\/de\/wp-json\/wp\/v2\/types\/product"}],"version-history":[{"count":0,"href":"https:\/\/smart-elements.com\/de\/wp-json\/wp\/v2\/product\/5379\/revisions"}],"wp:featuredmedia":[{"embeddable":true,"href":"https:\/\/smart-elements.com\/de\/wp-json\/wp\/v2\/media\/48840"}],"wp:attachment":[{"href":"https:\/\/smart-elements.com\/de\/wp-json\/wp\/v2\/media?parent=5379"}],"wp:term":[{"taxonomy":"product_brand","embeddable":true,"href":"https:\/\/smart-elements.com\/de\/wp-json\/wp\/v2\/product_brand?post=5379"},{"taxonomy":"product_cat","embeddable":true,"href":"https:\/\/smart-elements.com\/de\/wp-json\/wp\/v2\/product_cat?post=5379"},{"taxonomy":"product_tag","embeddable":true,"href":"https:\/\/smart-elements.com\/de\/wp-json\/wp\/v2\/product_tag?post=5379"}],"curies":[{"name":"wp","href":"https:\/\/api.w.org\/{rel}","templated":true}]}}