{"id":5347,"date":"2019-08-18T18:46:01","date_gmt":"2019-08-18T16:46:01","guid":{"rendered":"http:\/\/88.99.60.177\/product\/tantalum-curb-chain-50cm-2-5mm-polished-new\/"},"modified":"2026-01-14T10:15:02","modified_gmt":"2026-01-14T09:15:02","slug":"tantalum-curb-chain-50cm-2-5mm-polished-new","status":"publish","type":"product","link":"https:\/\/smart-elements.com\/de\/shop\/tantalum-curb-chain-50cm-2-5mm-polished-new\/","title":{"rendered":"Tantal Panzerkette, 50cm \/ 2.5mm , poliert - NEW"},"content":{"rendered":"<p>Pure Tantalum curb chain, 50cm &#8211; width ~2.5mm, polished<\/p>\n<p>Length ~50mm, width ~2.5mm, weight ~ 17.7 grams &#8211;\u00a0Purity 99.95%<\/p>\n<p>Diese exklusiven Halsketten sind nur hier erh\u00e4ltlich und k\u00f6nnen von M\u00e4nnern und Frauen getragen werden. Anders als Silberschmuck f\u00e4rbt Tantal Ihre Haut auch bei st\u00e4ndigem Tragen nicht ab. Perfekt f\u00fcr Allergiker! Zwei verschiedene Gr\u00f6\u00dfen werden verf\u00fcgbar sein. Jede Halskette wird in einer edlen Schmuck-Geschenkbox geliefert.<br \/>\nJede Halskette wird mit einem aufwendig lasergeschnittenen und hochglanzpolierten Anh\u00e4nger geliefert, auf dem der Name und die Reinheit des verwendeten Materials eingraviert sind. Die R\u00fcckseite des Anh\u00e4ngers tr\u00e4gt die registrierte, einzigartige Seriennummer.<br \/>\nMehr Details hier<\/p>","protected":false},"excerpt":{"rendered":"<p>Pure Tantalum curb chain, 50cm &#8211; width ~2.5mm, polished Length ~50mm, width ~2.5mm, weight ~ 17.7 grams &#8211;\u00a0Purity 99.95% These [&hellip;]<\/p>\n","protected":false},"featured_media":48823,"template":"","meta":{"_acf_changed":false,"site-sidebar-layout":"default","site-content-layout":"","ast-site-content-layout":"default","site-content-style":"default","site-sidebar-style":"default","ast-global-header-display":"","ast-banner-title-visibility":"","ast-main-header-display":"","ast-hfb-above-header-display":"","ast-hfb-below-header-display":"","ast-hfb-mobile-header-display":"","site-post-title":"","ast-breadcrumbs-content":"","ast-featured-img":"","footer-sml-layout":"","ast-disable-related-posts":"","theme-transparent-header-meta":"","adv-header-id-meta":"","stick-header-meta":"","header-above-stick-meta":"","header-main-stick-meta":"","header-below-stick-meta":"","astra-migrate-meta-layouts":"default","ast-page-background-enabled":"default","ast-page-background-meta":{"desktop":{"background-color":"var(--ast-global-color-5)","background-image":"","background-repeat":"repeat","background-position":"center center","background-size":"auto","background-attachment":"scroll","background-type":"","background-media":"","overlay-type":"","overlay-color":"","overlay-opacity":"","overlay-gradient":""},"tablet":{"background-color":"","background-image":"","background-repeat":"repeat","background-position":"center center","background-size":"auto","background-attachment":"scroll","background-type":"","background-media":"","overlay-type":"","overlay-color":"","overlay-opacity":"","overlay-gradient":""},"mobile":{"background-color":"","background-image":"","background-repeat":"repeat","background-position":"center center","background-size":"auto","background-attachment":"scroll","background-type":"","background-media":"","overlay-type":"","overlay-color":"","overlay-opacity":"","overlay-gradient":""}},"ast-content-background-meta":{"desktop":{"background-color":"var(--ast-global-color-4)","background-image":"","background-repeat":"repeat","background-position":"center center","background-size":"auto","background-attachment":"scroll","background-type":"","background-media":"","overlay-type":"","overlay-color":"","overlay-opacity":"","overlay-gradient":""},"tablet":{"background-color":"var(--ast-global-color-4)","background-image":"","background-repeat":"repeat","background-position":"center center","background-size":"auto","background-attachment":"scroll","background-type":"","background-media":"","overlay-type":"","overlay-color":"","overlay-opacity":"","overlay-gradient":""},"mobile":{"background-color":"var(--ast-global-color-4)","background-image":"","background-repeat":"repeat","background-position":"center center","background-size":"auto","background-attachment":"scroll","background-type":"","background-media":"","overlay-type":"","overlay-color":"","overlay-opacity":"","overlay-gradient":""}}},"product_brand":[],"product_cat":[253,218],"product_tag":[],"class_list":{"0":"post-5347","1":"product","2":"type-product","3":"status-publish","4":"has-post-thumbnail","6":"product_cat-elements2wear","7":"product_cat-ta","8":"desktop-align-left","9":"tablet-align-left","10":"mobile-align-left","11":"ast-product-gallery-layout-horizontal-slider","12":"ast-product-gallery-with-no-image","13":"ast-product-tabs-layout-horizontal","14":"ast-qv-on-image","16":"first","17":"outofstock","18":"taxable","19":"shipping-taxable","20":"purchasable","21":"product-type-simple"},"acf":[],"_links":{"self":[{"href":"https:\/\/smart-elements.com\/de\/wp-json\/wp\/v2\/product\/5347","targetHints":{"allow":["GET"]}}],"collection":[{"href":"https:\/\/smart-elements.com\/de\/wp-json\/wp\/v2\/product"}],"about":[{"href":"https:\/\/smart-elements.com\/de\/wp-json\/wp\/v2\/types\/product"}],"version-history":[{"count":0,"href":"https:\/\/smart-elements.com\/de\/wp-json\/wp\/v2\/product\/5347\/revisions"}],"wp:featuredmedia":[{"embeddable":true,"href":"https:\/\/smart-elements.com\/de\/wp-json\/wp\/v2\/media\/48823"}],"wp:attachment":[{"href":"https:\/\/smart-elements.com\/de\/wp-json\/wp\/v2\/media?parent=5347"}],"wp:term":[{"taxonomy":"product_brand","embeddable":true,"href":"https:\/\/smart-elements.com\/de\/wp-json\/wp\/v2\/product_brand?post=5347"},{"taxonomy":"product_cat","embeddable":true,"href":"https:\/\/smart-elements.com\/de\/wp-json\/wp\/v2\/product_cat?post=5347"},{"taxonomy":"product_tag","embeddable":true,"href":"https:\/\/smart-elements.com\/de\/wp-json\/wp\/v2\/product_tag?post=5347"}],"curies":[{"name":"wp","href":"https:\/\/api.w.org\/{rel}","templated":true}]}}