{"id":5345,"date":"2019-08-18T18:46:01","date_gmt":"2019-08-18T16:46:01","guid":{"rendered":"http:\/\/88.99.60.177\/product\/niobium-curb-chain-45cm-polished-new\/"},"modified":"2026-01-14T10:14:51","modified_gmt":"2026-01-14T09:14:51","slug":"niob-panzerkette-45cm-poliert-neu","status":"publish","type":"product","link":"https:\/\/smart-elements.com\/de\/shop\/niobium-curb-chain-45cm-polished-new\/","title":{"rendered":"Niobium Panzerkette, 45cm, poliert - NEW"},"content":{"rendered":"<p>Reine Niob-Curb-Kette, 45cm \u2013 Breite ca. 4mm, poliert<\/p>\n<p>L\u00e4nge 45 cm, Breite ca. 4 mm, Gewicht ca. 12,5 Gramm \u2013 Reinheit 99,95%<\/p>\n<p>Diese exklusiven Halsketten sind nur hier erh\u00e4ltlich und k\u00f6nnen von M\u00e4nnern und Frauen getragen werden. Es wird zwei verschiedene Gr\u00f6\u00dfen geben. Jede Halskette wird in einer edlen Schmuckgeschenkbox geliefert.<br \/>\nNiob ist hypoallergen und langlebig. Es wird besonders f\u00fcr Menschen mit Nickel-, Silber- oder Goldallergien empfohlen.<br \/>\nJede Halskette wird mit einem aufwendig lasergeschnittenen und hochglanzpolierten Anh\u00e4nger geliefert, auf dem der Name und die Reinheit des verwendeten Materials eingraviert sind. Die R\u00fcckseite des Anh\u00e4ngers tr\u00e4gt die registrierte, einzigartige Seriennummer.<\/p>","protected":false},"excerpt":{"rendered":"<p>Pure\u00a0Niobium curb chain, 45cm &#8211; width ~4mm, polished Length 45cm, width ~4mm, weight ~ 12.5 grams\u00a0&#8211;\u00a0Purity 99.95% These exclusive\u00a0necklaces are [&hellip;]<\/p>\n","protected":false},"featured_media":48821,"template":"","meta":{"_acf_changed":false,"site-sidebar-layout":"default","site-content-layout":"","ast-site-content-layout":"default","site-content-style":"default","site-sidebar-style":"default","ast-global-header-display":"","ast-banner-title-visibility":"","ast-main-header-display":"","ast-hfb-above-header-display":"","ast-hfb-below-header-display":"","ast-hfb-mobile-header-display":"","site-post-title":"","ast-breadcrumbs-content":"","ast-featured-img":"","footer-sml-layout":"","ast-disable-related-posts":"","theme-transparent-header-meta":"","adv-header-id-meta":"","stick-header-meta":"","header-above-stick-meta":"","header-main-stick-meta":"","header-below-stick-meta":"","astra-migrate-meta-layouts":"default","ast-page-background-enabled":"default","ast-page-background-meta":{"desktop":{"background-color":"var(--ast-global-color-5)","background-image":"","background-repeat":"repeat","background-position":"center center","background-size":"auto","background-attachment":"scroll","background-type":"","background-media":"","overlay-type":"","overlay-color":"","overlay-opacity":"","overlay-gradient":""},"tablet":{"background-color":"","background-image":"","background-repeat":"repeat","background-position":"center center","background-size":"auto","background-attachment":"scroll","background-type":"","background-media":"","overlay-type":"","overlay-color":"","overlay-opacity":"","overlay-gradient":""},"mobile":{"background-color":"","background-image":"","background-repeat":"repeat","background-position":"center center","background-size":"auto","background-attachment":"scroll","background-type":"","background-media":"","overlay-type":"","overlay-color":"","overlay-opacity":"","overlay-gradient":""}},"ast-content-background-meta":{"desktop":{"background-color":"var(--ast-global-color-4)","background-image":"","background-repeat":"repeat","background-position":"center center","background-size":"auto","background-attachment":"scroll","background-type":"","background-media":"","overlay-type":"","overlay-color":"","overlay-opacity":"","overlay-gradient":""},"tablet":{"background-color":"var(--ast-global-color-4)","background-image":"","background-repeat":"repeat","background-position":"center center","background-size":"auto","background-attachment":"scroll","background-type":"","background-media":"","overlay-type":"","overlay-color":"","overlay-opacity":"","overlay-gradient":""},"mobile":{"background-color":"var(--ast-global-color-4)","background-image":"","background-repeat":"repeat","background-position":"center center","background-size":"auto","background-attachment":"scroll","background-type":"","background-media":"","overlay-type":"","overlay-color":"","overlay-opacity":"","overlay-gradient":""}}},"product_brand":[],"product_cat":[253],"product_tag":[],"class_list":{"0":"post-5345","1":"product","2":"type-product","3":"status-publish","4":"has-post-thumbnail","6":"product_cat-elements2wear","7":"desktop-align-left","8":"tablet-align-left","9":"mobile-align-left","10":"ast-product-gallery-layout-horizontal-slider","11":"ast-product-gallery-with-no-image","12":"ast-product-tabs-layout-horizontal","13":"ast-qv-on-image","15":"first","16":"outofstock","17":"taxable","18":"shipping-taxable","19":"purchasable","20":"product-type-simple"},"acf":[],"_links":{"self":[{"href":"https:\/\/smart-elements.com\/de\/wp-json\/wp\/v2\/product\/5345","targetHints":{"allow":["GET"]}}],"collection":[{"href":"https:\/\/smart-elements.com\/de\/wp-json\/wp\/v2\/product"}],"about":[{"href":"https:\/\/smart-elements.com\/de\/wp-json\/wp\/v2\/types\/product"}],"version-history":[{"count":0,"href":"https:\/\/smart-elements.com\/de\/wp-json\/wp\/v2\/product\/5345\/revisions"}],"wp:featuredmedia":[{"embeddable":true,"href":"https:\/\/smart-elements.com\/de\/wp-json\/wp\/v2\/media\/48821"}],"wp:attachment":[{"href":"https:\/\/smart-elements.com\/de\/wp-json\/wp\/v2\/media?parent=5345"}],"wp:term":[{"taxonomy":"product_brand","embeddable":true,"href":"https:\/\/smart-elements.com\/de\/wp-json\/wp\/v2\/product_brand?post=5345"},{"taxonomy":"product_cat","embeddable":true,"href":"https:\/\/smart-elements.com\/de\/wp-json\/wp\/v2\/product_cat?post=5345"},{"taxonomy":"product_tag","embeddable":true,"href":"https:\/\/smart-elements.com\/de\/wp-json\/wp\/v2\/product_tag?post=5345"}],"curies":[{"name":"wp","href":"https:\/\/api.w.org\/{rel}","templated":true}]}}