{"id":5307,"date":"2024-06-07T12:00:57","date_gmt":"2024-06-07T10:00:57","guid":{"rendered":"http:\/\/88.99.60.177\/product\/tantalum-anchor-necklace-45cm-polished-new\/"},"modified":"2026-01-14T10:10:49","modified_gmt":"2026-01-14T09:10:49","slug":"tantalum-anchor-necklace-45cm-polished-new","status":"publish","type":"product","link":"https:\/\/smart-elements.com\/de\/shop\/tantalum-anchor-necklace-45cm-polished-new\/","title":{"rendered":"Ankerhalskette aus Tantal, 45cm, poliert - NEW"},"content":{"rendered":"<p>Pure Tantalum\u00a0anchor necklace, 45cm (17.71&#8243;), width ~4mm, polished<\/p>\n<p>length: ~45cm, width ~4mm, weight ~ 25g &#8211;\u00a0Purity 99.95%<\/p>\n<p>These exclusive\u00a0necklaces are only available here and can be used by men and women. Unlike silver-jewellry Tantalum does not stain your skin even when wearing continuously. Perfect for allergic persons!\u00a0Two different sizes will be available. Each necklace\u00a0is shipped\u00a0in a noble jewelry gift-box.<br \/>\nJede Halskette wird mit einem aufwendig lasergeschnittenen und hochglanzpolierten Anh\u00e4nger geliefert, auf dem der Name und die Reinheit des verwendeten Materials eingraviert sind. Die R\u00fcckseite des Anh\u00e4ngers tr\u00e4gt die registrierte, einzigartige Seriennummer.<br \/>\nMehr Details hier<\/p>","protected":false},"excerpt":{"rendered":"<p>Pure Tantalum\u00a0anchor necklace, 45cm (17.71&#8243;), width ~4mm, polished length: ~45cm, width ~4mm, weight ~ 25g &#8211;\u00a0Purity 99.95% These exclusive\u00a0necklaces are [&hellip;]<\/p>\n","protected":false},"featured_media":48781,"template":"","meta":{"_acf_changed":false,"site-sidebar-layout":"default","site-content-layout":"","ast-site-content-layout":"default","site-content-style":"default","site-sidebar-style":"default","ast-global-header-display":"","ast-banner-title-visibility":"","ast-main-header-display":"","ast-hfb-above-header-display":"","ast-hfb-below-header-display":"","ast-hfb-mobile-header-display":"","site-post-title":"","ast-breadcrumbs-content":"","ast-featured-img":"","footer-sml-layout":"","ast-disable-related-posts":"","theme-transparent-header-meta":"","adv-header-id-meta":"","stick-header-meta":"","header-above-stick-meta":"","header-main-stick-meta":"","header-below-stick-meta":"","astra-migrate-meta-layouts":"default","ast-page-background-enabled":"default","ast-page-background-meta":{"desktop":{"background-color":"var(--ast-global-color-5)","background-image":"","background-repeat":"repeat","background-position":"center center","background-size":"auto","background-attachment":"scroll","background-type":"","background-media":"","overlay-type":"","overlay-color":"","overlay-opacity":"","overlay-gradient":""},"tablet":{"background-color":"","background-image":"","background-repeat":"repeat","background-position":"center center","background-size":"auto","background-attachment":"scroll","background-type":"","background-media":"","overlay-type":"","overlay-color":"","overlay-opacity":"","overlay-gradient":""},"mobile":{"background-color":"","background-image":"","background-repeat":"repeat","background-position":"center center","background-size":"auto","background-attachment":"scroll","background-type":"","background-media":"","overlay-type":"","overlay-color":"","overlay-opacity":"","overlay-gradient":""}},"ast-content-background-meta":{"desktop":{"background-color":"var(--ast-global-color-4)","background-image":"","background-repeat":"repeat","background-position":"center center","background-size":"auto","background-attachment":"scroll","background-type":"","background-media":"","overlay-type":"","overlay-color":"","overlay-opacity":"","overlay-gradient":""},"tablet":{"background-color":"var(--ast-global-color-4)","background-image":"","background-repeat":"repeat","background-position":"center center","background-size":"auto","background-attachment":"scroll","background-type":"","background-media":"","overlay-type":"","overlay-color":"","overlay-opacity":"","overlay-gradient":""},"mobile":{"background-color":"var(--ast-global-color-4)","background-image":"","background-repeat":"repeat","background-position":"center center","background-size":"auto","background-attachment":"scroll","background-type":"","background-media":"","overlay-type":"","overlay-color":"","overlay-opacity":"","overlay-gradient":""}}},"product_brand":[],"product_cat":[253],"product_tag":[],"class_list":{"0":"post-5307","1":"product","2":"type-product","3":"status-publish","4":"has-post-thumbnail","6":"product_cat-elements2wear","7":"desktop-align-left","8":"tablet-align-left","9":"mobile-align-left","10":"ast-product-gallery-layout-horizontal-slider","11":"ast-product-gallery-with-no-image","12":"ast-product-tabs-layout-horizontal","13":"ast-qv-on-image","15":"first","16":"outofstock","17":"sale","18":"taxable","19":"shipping-taxable","20":"purchasable","21":"product-type-simple"},"acf":[],"_links":{"self":[{"href":"https:\/\/smart-elements.com\/de\/wp-json\/wp\/v2\/product\/5307","targetHints":{"allow":["GET"]}}],"collection":[{"href":"https:\/\/smart-elements.com\/de\/wp-json\/wp\/v2\/product"}],"about":[{"href":"https:\/\/smart-elements.com\/de\/wp-json\/wp\/v2\/types\/product"}],"version-history":[{"count":0,"href":"https:\/\/smart-elements.com\/de\/wp-json\/wp\/v2\/product\/5307\/revisions"}],"wp:featuredmedia":[{"embeddable":true,"href":"https:\/\/smart-elements.com\/de\/wp-json\/wp\/v2\/media\/48781"}],"wp:attachment":[{"href":"https:\/\/smart-elements.com\/de\/wp-json\/wp\/v2\/media?parent=5307"}],"wp:term":[{"taxonomy":"product_brand","embeddable":true,"href":"https:\/\/smart-elements.com\/de\/wp-json\/wp\/v2\/product_brand?post=5307"},{"taxonomy":"product_cat","embeddable":true,"href":"https:\/\/smart-elements.com\/de\/wp-json\/wp\/v2\/product_cat?post=5307"},{"taxonomy":"product_tag","embeddable":true,"href":"https:\/\/smart-elements.com\/de\/wp-json\/wp\/v2\/product_tag?post=5307"}],"curies":[{"name":"wp","href":"https:\/\/api.w.org\/{rel}","templated":true}]}}