{"id":5301,"date":"2021-04-14T15:15:57","date_gmt":"2021-04-14T13:15:57","guid":{"rendered":"http:\/\/88.99.60.177\/product\/noble-gases-complete-set-in-ampoules-premium-version-mini-tesla-coil\/"},"modified":"2026-03-30T17:22:42","modified_gmt":"2026-03-30T15:22:42","slug":"noble-gases-complete-set-in-ampoules-premium-version-mini-tesla-coil","status":"publish","type":"product","link":"https:\/\/smart-elements.com\/de\/shop\/noble-gases-complete-set-in-ampoules-premium-version-mini-tesla-coil\/","title":{"rendered":"Edelgas-Komplettset in Ampullen Premium-Version + Mini-Tesla-Spule"},"content":{"rendered":"<p><strong>Noble gases complete set in ampoules He Ne Ar Kr Xe &#8211; Premium version<\/strong><\/p>\n<p><strong>100% Made in Europe + Mini Tesla coil for easy illumination!<\/strong><\/p>\n<p><img fetchpriority=\"high\" decoding=\"async\" class=\"size-medium wp-image-20437 alignright\" src=\"https:\/\/www.smart-elements.com\/wp-content\/uploads\/2019\/08\/mini_tesla_coil-300x300.jpg\" alt=\"\" width=\"300\" height=\"300\" \/><\/p>\n<p>alle 5 Edelgase in Borosilikat-Ampullen unter Vakuum versiegelt.<\/p>\n<p><span style=\"font-size: 1rem;\">Gr\u00f6\u00dfe: L\u00e4nge 45-50mm, Durchm. ~11mm<\/span><\/p>\n<p><strong>These ampoules are suitable to easily make the noble gases visible, but if you need bright and reliable tubes for optical experiments, teaching or spectroscopic applications, we recommend the <a href=\"https:\/\/smart-elements.com\/de\/shop\/edelgase-komplettset-in-ampullen-tesla-version\/\"><span style=\"color: #0000ff;\">TESLA<\/span><\/a><span style=\"color: #0000ff;\"> <a style=\"color: #0000ff;\" href=\"https:\/\/smart-elements.com\/de\/shop\/edelgase-komplettset-in-ampullen-tesla-version\/\">version.<\/a><\/span><\/strong><\/p>\n<p>The tesla coil can be connected to a simple AC\/DC Transformer with 9-12V output or to a 9V Battery.<\/p>\n<p><img decoding=\"async\" class=\"wp-image-20439 alignnone\" src=\"https:\/\/www.smart-elements.com\/wp-content\/uploads\/2019\/08\/mini_tesla_coil1-300x225.jpg\" alt=\"\" width=\"520\" height=\"390\" \/><\/p>\n<p style=\"text-align: left;\">Bringen Sie die Ampullen einfach in die N\u00e4he der Spule, um sie zu beleuchten.<\/p>\n<p><img decoding=\"async\" class=\"wp-image-20444 alignnone\" src=\"https:\/\/www.smart-elements.com\/wp-content\/uploads\/2021\/04\/ampoules1000x750-300x225.jpg\" alt=\"\" width=\"520\" height=\"390\" \/><\/p>\n<p>This is how the ampoules look like. Each one comes in a labelled polybag.<\/p>","protected":false},"excerpt":{"rendered":"<p>Noble gases complete set in ampoules premium version<\/p>\n<p>containing Helium, Neon, Argon, Krypton, Xenon<\/p>\n<p>Gr\u00f6\u00dfe: L\u00e4nge 45-50mm, Durchm. ~11mm<\/p>\n<p><strong>+ Mini Tesla coil for illumination of the tubes!<\/strong><\/p>","protected":false},"featured_media":48777,"template":"","meta":{"_acf_changed":false,"site-sidebar-layout":"default","site-content-layout":"","ast-site-content-layout":"default","site-content-style":"default","site-sidebar-style":"default","ast-global-header-display":"","ast-banner-title-visibility":"","ast-main-header-display":"","ast-hfb-above-header-display":"","ast-hfb-below-header-display":"","ast-hfb-mobile-header-display":"","site-post-title":"","ast-breadcrumbs-content":"","ast-featured-img":"","footer-sml-layout":"","ast-disable-related-posts":"","theme-transparent-header-meta":"","adv-header-id-meta":"","stick-header-meta":"","header-above-stick-meta":"","header-main-stick-meta":"","header-below-stick-meta":"","astra-migrate-meta-layouts":"default","ast-page-background-enabled":"default","ast-page-background-meta":{"desktop":{"background-color":"var(--ast-global-color-5)","background-image":"","background-repeat":"repeat","background-position":"center center","background-size":"auto","background-attachment":"scroll","background-type":"","background-media":"","overlay-type":"","overlay-color":"","overlay-opacity":"","overlay-gradient":""},"tablet":{"background-color":"","background-image":"","background-repeat":"repeat","background-position":"center center","background-size":"auto","background-attachment":"scroll","background-type":"","background-media":"","overlay-type":"","overlay-color":"","overlay-opacity":"","overlay-gradient":""},"mobile":{"background-color":"","background-image":"","background-repeat":"repeat","background-position":"center center","background-size":"auto","background-attachment":"scroll","background-type":"","background-media":"","overlay-type":"","overlay-color":"","overlay-opacity":"","overlay-gradient":""}},"ast-content-background-meta":{"desktop":{"background-color":"var(--ast-global-color-4)","background-image":"","background-repeat":"repeat","background-position":"center center","background-size":"auto","background-attachment":"scroll","background-type":"","background-media":"","overlay-type":"","overlay-color":"","overlay-opacity":"","overlay-gradient":""},"tablet":{"background-color":"var(--ast-global-color-4)","background-image":"","background-repeat":"repeat","background-position":"center center","background-size":"auto","background-attachment":"scroll","background-type":"","background-media":"","overlay-type":"","overlay-color":"","overlay-opacity":"","overlay-gradient":""},"mobile":{"background-color":"var(--ast-global-color-4)","background-image":"","background-repeat":"repeat","background-position":"center center","background-size":"auto","background-attachment":"scroll","background-type":"","background-media":"","overlay-type":"","overlay-color":"","overlay-opacity":"","overlay-gradient":""}}},"product_brand":[],"product_cat":[200,47,30,105,104,171,199,173,363,102],"product_tag":[],"class_list":{"0":"post-5301","1":"product","2":"type-product","3":"status-publish","4":"has-post-thumbnail","6":"product_cat-ar","7":"product_cat-discharge-lamps","8":"product_cat-element-collections","9":"product_cat-he","10":"product_cat-kr","11":"product_cat-ne","12":"product_cat-pure-elements","13":"product_cat-set","14":"product_cat-standard-ampoules-discharge-lamps","15":"product_cat-xe","16":"desktop-align-left","17":"tablet-align-left","18":"mobile-align-left","19":"ast-product-gallery-layout-horizontal-slider","20":"ast-product-gallery-with-no-image","21":"ast-product-tabs-layout-horizontal","22":"ast-qv-on-image","24":"first","25":"instock","26":"taxable","27":"shipping-taxable","28":"purchasable","29":"product-type-simple"},"acf":[],"_links":{"self":[{"href":"https:\/\/smart-elements.com\/de\/wp-json\/wp\/v2\/product\/5301","targetHints":{"allow":["GET"]}}],"collection":[{"href":"https:\/\/smart-elements.com\/de\/wp-json\/wp\/v2\/product"}],"about":[{"href":"https:\/\/smart-elements.com\/de\/wp-json\/wp\/v2\/types\/product"}],"version-history":[{"count":0,"href":"https:\/\/smart-elements.com\/de\/wp-json\/wp\/v2\/product\/5301\/revisions"}],"wp:featuredmedia":[{"embeddable":true,"href":"https:\/\/smart-elements.com\/de\/wp-json\/wp\/v2\/media\/48777"}],"wp:attachment":[{"href":"https:\/\/smart-elements.com\/de\/wp-json\/wp\/v2\/media?parent=5301"}],"wp:term":[{"taxonomy":"product_brand","embeddable":true,"href":"https:\/\/smart-elements.com\/de\/wp-json\/wp\/v2\/product_brand?post=5301"},{"taxonomy":"product_cat","embeddable":true,"href":"https:\/\/smart-elements.com\/de\/wp-json\/wp\/v2\/product_cat?post=5301"},{"taxonomy":"product_tag","embeddable":true,"href":"https:\/\/smart-elements.com\/de\/wp-json\/wp\/v2\/product_tag?post=5301"}],"curies":[{"name":"wp","href":"https:\/\/api.w.org\/{rel}","templated":true}]}}