{"id":5289,"date":"2019-08-18T18:45:55","date_gmt":"2019-08-18T16:45:55","guid":{"rendered":"http:\/\/88.99.60.177\/product\/high-purity-krypton-gas-ampoule-purity-99-99\/"},"modified":"2026-01-14T10:09:11","modified_gmt":"2026-01-14T09:09:11","slug":"high-purity-krypton-gas-ampoule-purity-99-99","status":"publish","type":"product","link":"https:\/\/smart-elements.com\/de\/shop\/high-purity-krypton-gas-ampoule-purity-99-99\/","title":{"rendered":"Hochreine Kryptongas-Ampulle, Reinheit 99,99%"},"content":{"rendered":"<p>High\u00a0purity Krypton gas ampoule, purity 99.99%<\/p>\n<p>in einer Borosilikat-Ampulle unter Vakuum versiegelt.<\/p>\n<p>Gr\u00f6\u00dfe: L\u00e4nge 45-50mm, Durchm. ~11mm<\/p>\n<p align=\"center\"><img decoding=\"async\" src=\"http:\/\/www.smart-elements.com\/Angebote\/Amps_neu.jpg\" alt=\"\" align=\"baseline\" border=\"0\" hspace=\"0\" \/><\/p>\n<p>This ampoule was especially made for\u00a0\u00a0experiments with high voltage. Normal Krypton ampoules do not illuminate!<\/p>\n<p>On the picture you see the illuminated ampoule.\u00a0Connected to a 5000V\/35kHz\u00a0transformer\u00a0via two metal loops. The transformers can be obtained on request.<\/p>","protected":false},"excerpt":{"rendered":"<p>High\u00a0purity Krypton gas ampoule, purity 99.99% sealed in boro silicate ampoule under vacuum. Size: length 45-50mm, dia. ~11mm This ampoule [&hellip;]<\/p>\n","protected":false},"featured_media":48765,"template":"","meta":{"_acf_changed":false,"site-sidebar-layout":"default","site-content-layout":"","ast-site-content-layout":"default","site-content-style":"default","site-sidebar-style":"default","ast-global-header-display":"","ast-banner-title-visibility":"","ast-main-header-display":"","ast-hfb-above-header-display":"","ast-hfb-below-header-display":"","ast-hfb-mobile-header-display":"","site-post-title":"","ast-breadcrumbs-content":"","ast-featured-img":"","footer-sml-layout":"","ast-disable-related-posts":"","theme-transparent-header-meta":"","adv-header-id-meta":"","stick-header-meta":"","header-above-stick-meta":"","header-main-stick-meta":"","header-below-stick-meta":"","astra-migrate-meta-layouts":"default","ast-page-background-enabled":"default","ast-page-background-meta":{"desktop":{"background-color":"var(--ast-global-color-5)","background-image":"","background-repeat":"repeat","background-position":"center center","background-size":"auto","background-attachment":"scroll","background-type":"","background-media":"","overlay-type":"","overlay-color":"","overlay-opacity":"","overlay-gradient":""},"tablet":{"background-color":"","background-image":"","background-repeat":"repeat","background-position":"center center","background-size":"auto","background-attachment":"scroll","background-type":"","background-media":"","overlay-type":"","overlay-color":"","overlay-opacity":"","overlay-gradient":""},"mobile":{"background-color":"","background-image":"","background-repeat":"repeat","background-position":"center center","background-size":"auto","background-attachment":"scroll","background-type":"","background-media":"","overlay-type":"","overlay-color":"","overlay-opacity":"","overlay-gradient":""}},"ast-content-background-meta":{"desktop":{"background-color":"var(--ast-global-color-4)","background-image":"","background-repeat":"repeat","background-position":"center center","background-size":"auto","background-attachment":"scroll","background-type":"","background-media":"","overlay-type":"","overlay-color":"","overlay-opacity":"","overlay-gradient":""},"tablet":{"background-color":"var(--ast-global-color-4)","background-image":"","background-repeat":"repeat","background-position":"center center","background-size":"auto","background-attachment":"scroll","background-type":"","background-media":"","overlay-type":"","overlay-color":"","overlay-opacity":"","overlay-gradient":""},"mobile":{"background-color":"var(--ast-global-color-4)","background-image":"","background-repeat":"repeat","background-position":"center center","background-size":"auto","background-attachment":"scroll","background-type":"","background-media":"","overlay-type":"","overlay-color":"","overlay-opacity":"","overlay-gradient":""}}},"product_brand":[],"product_cat":[375,47,104,199,363],"product_tag":[],"class_list":{"0":"post-5289","1":"product","2":"type-product","3":"status-publish","4":"has-post-thumbnail","6":"product_cat-ampoules-pure-elements","7":"product_cat-discharge-lamps","8":"product_cat-kr","9":"product_cat-pure-elements","10":"product_cat-standard-ampoules-discharge-lamps","11":"desktop-align-left","12":"tablet-align-left","13":"mobile-align-left","14":"ast-product-gallery-layout-horizontal-slider","15":"ast-product-gallery-with-no-image","16":"ast-product-tabs-layout-horizontal","17":"ast-qv-on-image","19":"first","20":"instock","21":"taxable","22":"shipping-taxable","23":"purchasable","24":"product-type-simple"},"acf":[],"_links":{"self":[{"href":"https:\/\/smart-elements.com\/de\/wp-json\/wp\/v2\/product\/5289","targetHints":{"allow":["GET"]}}],"collection":[{"href":"https:\/\/smart-elements.com\/de\/wp-json\/wp\/v2\/product"}],"about":[{"href":"https:\/\/smart-elements.com\/de\/wp-json\/wp\/v2\/types\/product"}],"version-history":[{"count":0,"href":"https:\/\/smart-elements.com\/de\/wp-json\/wp\/v2\/product\/5289\/revisions"}],"wp:featuredmedia":[{"embeddable":true,"href":"https:\/\/smart-elements.com\/de\/wp-json\/wp\/v2\/media\/48765"}],"wp:attachment":[{"href":"https:\/\/smart-elements.com\/de\/wp-json\/wp\/v2\/media?parent=5289"}],"wp:term":[{"taxonomy":"product_brand","embeddable":true,"href":"https:\/\/smart-elements.com\/de\/wp-json\/wp\/v2\/product_brand?post=5289"},{"taxonomy":"product_cat","embeddable":true,"href":"https:\/\/smart-elements.com\/de\/wp-json\/wp\/v2\/product_cat?post=5289"},{"taxonomy":"product_tag","embeddable":true,"href":"https:\/\/smart-elements.com\/de\/wp-json\/wp\/v2\/product_tag?post=5289"}],"curies":[{"name":"wp","href":"https:\/\/api.w.org\/{rel}","templated":true}]}}