{"id":5219,"date":"2024-07-01T14:45:47","date_gmt":"2024-07-01T12:45:47","guid":{"rendered":"http:\/\/88.99.60.177\/product\/element-set-basic-12-elements-50mm-ampoules\/"},"modified":"2026-01-14T10:02:50","modified_gmt":"2026-01-14T09:02:50","slug":"element-set-basic-12-elemente-50mm-ampullen","status":"publish","type":"product","link":"https:\/\/smart-elements.com\/de\/shop\/element-set-basic-12-elements-50mm-ampoules\/","title":{"rendered":"Element-Set Basic 12 Elemente 50mm Ampullen"},"content":{"rendered":"<p><strong>Element-Set Basic 12 Elemente 50mm Ampullen<\/strong><\/p>\n<p>Dieses Set ist f\u00fcr Sammler optimiert. Jede Ampulle ist mit der technisch maximal m\u00f6glichen Menge gef\u00fcllt - fragen Sie nicht nach der Menge der einzelnen Proben - wir wiegen sie nicht ab. Jede Probe wird einzeln bearbeitet, um ein perfektes Aussehen des Elements zu erreichen. Jedes Element ist wie abgebildet beschriftet (Englisch oder Deutsch)<\/p>\n<p>Ampullengr\u00f6\u00dfe ~ 50mm - Durchmesser ~ 12mm - Boro-Silikatglas \/ AR-Glas<\/p>\n<p>Die Menge enth\u00e4lt folgende Elemente<\/p>\n<p>&nbsp;<\/p>\n<table width=\"419\">\n<tbody>\n<tr>\n<td><strong>Aluminium 99,999%<\/strong><\/td>\n<td><strong>Kupfer 99,999%<\/strong><\/td>\n<td><strong>Schwefel 99,999%<\/strong><\/td>\n<\/tr>\n<tr>\n<td><strong>Chrom 99.9%<\/strong><\/td>\n<td><strong>Kohlenstoff 99.99%<\/strong><\/td>\n<td><strong>Silizium 99.9999%<\/strong><\/td>\n<\/tr>\n<tr>\n<td><strong>Kobalt 99.995%<\/strong><\/td>\n<td><strong>Mangan 99.95%<\/strong><\/td>\n<td><strong>Vanadium 99.95%<\/strong><\/td>\n<\/tr>\n<tr>\n<td><strong>Eisen 99.995%<\/strong><\/td>\n<td><strong>Magnesium 99,7%<\/strong><\/td>\n<td><strong>Zink 99.9%<\/strong><\/td>\n<\/tr>\n<\/tbody>\n<\/table>\n<p>&nbsp;<\/p>","protected":false},"excerpt":{"rendered":"<p><strong>Element-Set Basic 12 Elemente 50mm Ampullen<\/strong><\/p>\n<p>Ampullengr\u00f6\u00dfe ~ 50mm - Durchmesser ~ 12mm - Boro-Silikatglas \/ AR-Glas<\/p>","protected":false},"featured_media":48699,"template":"","meta":{"_acf_changed":false,"site-sidebar-layout":"default","site-content-layout":"","ast-site-content-layout":"default","site-content-style":"default","site-sidebar-style":"default","ast-global-header-display":"","ast-banner-title-visibility":"","ast-main-header-display":"","ast-hfb-above-header-display":"","ast-hfb-below-header-display":"","ast-hfb-mobile-header-display":"","site-post-title":"","ast-breadcrumbs-content":"","ast-featured-img":"","footer-sml-layout":"","ast-disable-related-posts":"","theme-transparent-header-meta":"","adv-header-id-meta":"","stick-header-meta":"","header-above-stick-meta":"","header-main-stick-meta":"","header-below-stick-meta":"","astra-migrate-meta-layouts":"default","ast-page-background-enabled":"default","ast-page-background-meta":{"desktop":{"background-color":"var(--ast-global-color-5)","background-image":"","background-repeat":"repeat","background-position":"center center","background-size":"auto","background-attachment":"scroll","background-type":"","background-media":"","overlay-type":"","overlay-color":"","overlay-opacity":"","overlay-gradient":""},"tablet":{"background-color":"","background-image":"","background-repeat":"repeat","background-position":"center center","background-size":"auto","background-attachment":"scroll","background-type":"","background-media":"","overlay-type":"","overlay-color":"","overlay-opacity":"","overlay-gradient":""},"mobile":{"background-color":"","background-image":"","background-repeat":"repeat","background-position":"center center","background-size":"auto","background-attachment":"scroll","background-type":"","background-media":"","overlay-type":"","overlay-color":"","overlay-opacity":"","overlay-gradient":""}},"ast-content-background-meta":{"desktop":{"background-color":"var(--ast-global-color-4)","background-image":"","background-repeat":"repeat","background-position":"center center","background-size":"auto","background-attachment":"scroll","background-type":"","background-media":"","overlay-type":"","overlay-color":"","overlay-opacity":"","overlay-gradient":""},"tablet":{"background-color":"var(--ast-global-color-4)","background-image":"","background-repeat":"repeat","background-position":"center center","background-size":"auto","background-attachment":"scroll","background-type":"","background-media":"","overlay-type":"","overlay-color":"","overlay-opacity":"","overlay-gradient":""},"mobile":{"background-color":"var(--ast-global-color-4)","background-image":"","background-repeat":"repeat","background-position":"center center","background-size":"auto","background-attachment":"scroll","background-type":"","background-media":"","overlay-type":"","overlay-color":"","overlay-opacity":"","overlay-gradient":""}}},"product_brand":[],"product_cat":[214,375,249,26,27,28,30,33,221,54,199,250,173,51,45,223],"product_tag":[],"class_list":{"0":"post-5219","1":"product","2":"type-product","3":"status-publish","4":"has-post-thumbnail","6":"product_cat-al","7":"product_cat-ampoules-pure-elements","8":"product_cat-c","9":"product_cat-co","10":"product_cat-cr","11":"product_cat-cu","12":"product_cat-element-collections","13":"product_cat-fe","14":"product_cat-mg","15":"product_cat-mn","16":"product_cat-pure-elements","17":"product_cat-s","18":"product_cat-set","19":"product_cat-si","20":"product_cat-v","21":"product_cat-zn","22":"desktop-align-left","23":"tablet-align-left","24":"mobile-align-left","25":"ast-product-gallery-layout-horizontal-slider","26":"ast-product-gallery-with-no-image","27":"ast-product-tabs-layout-horizontal","28":"ast-qv-on-image","30":"first","31":"instock","32":"taxable","33":"shipping-taxable","34":"purchasable","35":"product-type-simple"},"acf":[],"_links":{"self":[{"href":"https:\/\/smart-elements.com\/de\/wp-json\/wp\/v2\/product\/5219","targetHints":{"allow":["GET"]}}],"collection":[{"href":"https:\/\/smart-elements.com\/de\/wp-json\/wp\/v2\/product"}],"about":[{"href":"https:\/\/smart-elements.com\/de\/wp-json\/wp\/v2\/types\/product"}],"version-history":[{"count":0,"href":"https:\/\/smart-elements.com\/de\/wp-json\/wp\/v2\/product\/5219\/revisions"}],"wp:featuredmedia":[{"embeddable":true,"href":"https:\/\/smart-elements.com\/de\/wp-json\/wp\/v2\/media\/48699"}],"wp:attachment":[{"href":"https:\/\/smart-elements.com\/de\/wp-json\/wp\/v2\/media?parent=5219"}],"wp:term":[{"taxonomy":"product_brand","embeddable":true,"href":"https:\/\/smart-elements.com\/de\/wp-json\/wp\/v2\/product_brand?post=5219"},{"taxonomy":"product_cat","embeddable":true,"href":"https:\/\/smart-elements.com\/de\/wp-json\/wp\/v2\/product_cat?post=5219"},{"taxonomy":"product_tag","embeddable":true,"href":"https:\/\/smart-elements.com\/de\/wp-json\/wp\/v2\/product_tag?post=5219"}],"curies":[{"name":"wp","href":"https:\/\/api.w.org\/{rel}","templated":true}]}}