{"id":5136,"date":"2019-08-18T18:45:37","date_gmt":"2019-08-18T16:45:37","guid":{"rendered":"http:\/\/88.99.60.177\/product\/high-purity-gallium-metal-beads-10g-99995-purity\/"},"modified":"2026-04-01T08:27:23","modified_gmt":"2026-04-01T06:27:23","slug":"hochreine-gallium-metallperlen-10g-99995-reinheit","status":"publish","type":"product","link":"https:\/\/smart-elements.com\/de\/shop\/high-purity-gallium-metal-beads-10g-99995-purity\/","title":{"rendered":"Hochreines Gallium Metall Perlen 10g 99,995% Reinheit!"},"content":{"rendered":"<p align=\"left\">Hochreines Gallium Metall Perlen - Gr\u00f6\u00dfe 8 - 14mm<\/p>\n<p align=\"left\"><span class=\"style4\">Dies ist ein hochreines Material, das f\u00fcr Halbleiter und andere wissenschaftliche Anwendungen verwendet wird.<\/span><span class=\"style4\">Aufgrund seines sehr niedrigen Schmelzpunktes ist es leicht zu schmelzen und fantastische Kristalle zu z\u00fcchten!<\/span><\/p>\n<p align=\"left\"><span class=\"style4\"><span class=\"style4\">Diese sch\u00f6nen St\u00e4be haben eine perfekte und oxidfreie Oberfl\u00e4che!<\/span><\/span><\/p>\n<p align=\"left\"><span class=\"style4\"><span class=\"style4\">Sie erhalten etwa 4 - 7 Barren mit einem Gesamtgewicht von 10 Gramm.<\/span><\/span><\/p>","protected":false},"excerpt":{"rendered":"<p>High purity Gallium Metal beads &#8211; size 8 &#8211; 14mm This is high purity material used for semiconductors and other [&hellip;]<\/p>\n","protected":false},"featured_media":48626,"template":"","meta":{"_acf_changed":false,"site-sidebar-layout":"default","site-content-layout":"","ast-site-content-layout":"default","site-content-style":"default","site-sidebar-style":"default","ast-global-header-display":"","ast-banner-title-visibility":"","ast-main-header-display":"","ast-hfb-above-header-display":"","ast-hfb-below-header-display":"","ast-hfb-mobile-header-display":"","site-post-title":"","ast-breadcrumbs-content":"","ast-featured-img":"","footer-sml-layout":"","ast-disable-related-posts":"","theme-transparent-header-meta":"","adv-header-id-meta":"","stick-header-meta":"","header-above-stick-meta":"","header-main-stick-meta":"","header-below-stick-meta":"","astra-migrate-meta-layouts":"default","ast-page-background-enabled":"default","ast-page-background-meta":{"desktop":{"background-color":"var(--ast-global-color-5)","background-image":"","background-repeat":"repeat","background-position":"center center","background-size":"auto","background-attachment":"scroll","background-type":"","background-media":"","overlay-type":"","overlay-color":"","overlay-opacity":"","overlay-gradient":""},"tablet":{"background-color":"","background-image":"","background-repeat":"repeat","background-position":"center center","background-size":"auto","background-attachment":"scroll","background-type":"","background-media":"","overlay-type":"","overlay-color":"","overlay-opacity":"","overlay-gradient":""},"mobile":{"background-color":"","background-image":"","background-repeat":"repeat","background-position":"center center","background-size":"auto","background-attachment":"scroll","background-type":"","background-media":"","overlay-type":"","overlay-color":"","overlay-opacity":"","overlay-gradient":""}},"ast-content-background-meta":{"desktop":{"background-color":"var(--ast-global-color-4)","background-image":"","background-repeat":"repeat","background-position":"center center","background-size":"auto","background-attachment":"scroll","background-type":"","background-media":"","overlay-type":"","overlay-color":"","overlay-opacity":"","overlay-gradient":""},"tablet":{"background-color":"var(--ast-global-color-4)","background-image":"","background-repeat":"repeat","background-position":"center center","background-size":"auto","background-attachment":"scroll","background-type":"","background-media":"","overlay-type":"","overlay-color":"","overlay-opacity":"","overlay-gradient":""},"mobile":{"background-color":"var(--ast-global-color-4)","background-image":"","background-repeat":"repeat","background-position":"center center","background-size":"auto","background-attachment":"scroll","background-type":"","background-media":"","overlay-type":"","overlay-color":"","overlay-opacity":"","overlay-gradient":""}}},"product_brand":[],"product_cat":[376,157,199],"product_tag":[],"class_list":{"0":"post-5136","1":"product","2":"type-product","3":"status-publish","4":"has-post-thumbnail","6":"product_cat-beads-granules-pure-elements","7":"product_cat-ga","8":"product_cat-pure-elements","9":"desktop-align-left","10":"tablet-align-left","11":"mobile-align-left","12":"ast-product-gallery-layout-horizontal-slider","13":"ast-product-gallery-with-no-image","14":"ast-product-tabs-layout-horizontal","15":"ast-qv-on-image","17":"first","18":"instock","19":"taxable","20":"shipping-taxable","21":"purchasable","22":"product-type-simple"},"acf":[],"_links":{"self":[{"href":"https:\/\/smart-elements.com\/de\/wp-json\/wp\/v2\/product\/5136","targetHints":{"allow":["GET"]}}],"collection":[{"href":"https:\/\/smart-elements.com\/de\/wp-json\/wp\/v2\/product"}],"about":[{"href":"https:\/\/smart-elements.com\/de\/wp-json\/wp\/v2\/types\/product"}],"version-history":[{"count":0,"href":"https:\/\/smart-elements.com\/de\/wp-json\/wp\/v2\/product\/5136\/revisions"}],"wp:featuredmedia":[{"embeddable":true,"href":"https:\/\/smart-elements.com\/de\/wp-json\/wp\/v2\/media\/48626"}],"wp:attachment":[{"href":"https:\/\/smart-elements.com\/de\/wp-json\/wp\/v2\/media?parent=5136"}],"wp:term":[{"taxonomy":"product_brand","embeddable":true,"href":"https:\/\/smart-elements.com\/de\/wp-json\/wp\/v2\/product_brand?post=5136"},{"taxonomy":"product_cat","embeddable":true,"href":"https:\/\/smart-elements.com\/de\/wp-json\/wp\/v2\/product_cat?post=5136"},{"taxonomy":"product_tag","embeddable":true,"href":"https:\/\/smart-elements.com\/de\/wp-json\/wp\/v2\/product_tag?post=5136"}],"curies":[{"name":"wp","href":"https:\/\/api.w.org\/{rel}","templated":true}]}}