{"id":5132,"date":"2023-09-14T15:45:37","date_gmt":"2023-09-14T13:45:37","guid":{"rendered":"http:\/\/88.99.60.177\/product\/100-neodymium-powermagnets-3mm-x-2mm-chromium-plated\/"},"modified":"2026-01-14T09:55:11","modified_gmt":"2026-01-14T08:55:11","slug":"100-neodym-power-magnete-3mm-x-2mm-verchromt","status":"publish","type":"product","link":"https:\/\/smart-elements.com\/de\/shop\/100-neodymium-powermagnets-3mm-x-2mm-chromium-plated\/","title":{"rendered":"100 Neodym-Power-Magnete \u00d83mm x 2mm- verchromt"},"content":{"rendered":"<p>Neodym-Power-Magnete \u00d83mm x 2mm - Chrom-beschichtet<\/p>\n<p>Diese Magnete unterscheiden sich stark von normalen Ferritmagneten. .<\/p>\n<p>Diese kleinen Magnete sind erstaunlich stark! Ich war wirklich \u00fcberrascht!!<br \/>\nWie unser anderer Artikel haben wir nur das beste verf\u00fcgbare Material ausgew\u00e4hlt.<br \/>\nIch habe diese N45-Magnete ausgew\u00e4hlt, damit sie sich leichter voneinander trennen lassen und besser f\u00fcr Magnetschl\u00f6sser (Holzk\u00e4sten etc.), Modellbau oder Magnettherapie geeignet sind. Im Gegensatz zu anderen Magneten, die vernickelt sind, sind diese verchromt, sodass auch Menschen mit Nickelallergie sie verwenden k\u00f6nnen.<\/p>\n<p>Sie erhalten 100 St\u00fcck pro Kauf!<\/p>","protected":false},"excerpt":{"rendered":"<p>NEODYMIUM-POWERMAGNETS \u00d83mm x 2mm- chromium plated These magnets are very different in comparison with normal ferrite magnets . These little [&hellip;]<\/p>\n","protected":false},"featured_media":48622,"template":"","meta":{"_acf_changed":false,"site-sidebar-layout":"default","site-content-layout":"","ast-site-content-layout":"default","site-content-style":"default","site-sidebar-style":"default","ast-global-header-display":"","ast-banner-title-visibility":"","ast-main-header-display":"","ast-hfb-above-header-display":"","ast-hfb-below-header-display":"","ast-hfb-mobile-header-display":"","site-post-title":"","ast-breadcrumbs-content":"","ast-featured-img":"","footer-sml-layout":"","ast-disable-related-posts":"","theme-transparent-header-meta":"","adv-header-id-meta":"","stick-header-meta":"","header-above-stick-meta":"","header-main-stick-meta":"","header-below-stick-meta":"","astra-migrate-meta-layouts":"default","ast-page-background-enabled":"default","ast-page-background-meta":{"desktop":{"background-color":"var(--ast-global-color-5)","background-image":"","background-repeat":"repeat","background-position":"center center","background-size":"auto","background-attachment":"scroll","background-type":"","background-media":"","overlay-type":"","overlay-color":"","overlay-opacity":"","overlay-gradient":""},"tablet":{"background-color":"","background-image":"","background-repeat":"repeat","background-position":"center center","background-size":"auto","background-attachment":"scroll","background-type":"","background-media":"","overlay-type":"","overlay-color":"","overlay-opacity":"","overlay-gradient":""},"mobile":{"background-color":"","background-image":"","background-repeat":"repeat","background-position":"center center","background-size":"auto","background-attachment":"scroll","background-type":"","background-media":"","overlay-type":"","overlay-color":"","overlay-opacity":"","overlay-gradient":""}},"ast-content-background-meta":{"desktop":{"background-color":"var(--ast-global-color-4)","background-image":"","background-repeat":"repeat","background-position":"center center","background-size":"auto","background-attachment":"scroll","background-type":"","background-media":"","overlay-type":"","overlay-color":"","overlay-opacity":"","overlay-gradient":""},"tablet":{"background-color":"var(--ast-global-color-4)","background-image":"","background-repeat":"repeat","background-position":"center center","background-size":"auto","background-attachment":"scroll","background-type":"","background-media":"","overlay-type":"","overlay-color":"","overlay-opacity":"","overlay-gradient":""},"mobile":{"background-color":"var(--ast-global-color-4)","background-image":"","background-repeat":"repeat","background-position":"center center","background-size":"auto","background-attachment":"scroll","background-type":"","background-media":"","overlay-type":"","overlay-color":"","overlay-opacity":"","overlay-gradient":""}}},"product_brand":[],"product_cat":[243],"product_tag":[],"class_list":{"0":"post-5132","1":"product","2":"type-product","3":"status-publish","4":"has-post-thumbnail","6":"product_cat-ndf","7":"desktop-align-left","8":"tablet-align-left","9":"mobile-align-left","10":"ast-product-gallery-layout-horizontal-slider","11":"ast-product-gallery-with-no-image","12":"ast-product-tabs-layout-horizontal","13":"ast-qv-on-image","15":"first","16":"instock","17":"taxable","18":"shipping-taxable","19":"purchasable","20":"product-type-simple"},"acf":[],"_links":{"self":[{"href":"https:\/\/smart-elements.com\/de\/wp-json\/wp\/v2\/product\/5132","targetHints":{"allow":["GET"]}}],"collection":[{"href":"https:\/\/smart-elements.com\/de\/wp-json\/wp\/v2\/product"}],"about":[{"href":"https:\/\/smart-elements.com\/de\/wp-json\/wp\/v2\/types\/product"}],"version-history":[{"count":0,"href":"https:\/\/smart-elements.com\/de\/wp-json\/wp\/v2\/product\/5132\/revisions"}],"wp:featuredmedia":[{"embeddable":true,"href":"https:\/\/smart-elements.com\/de\/wp-json\/wp\/v2\/media\/48622"}],"wp:attachment":[{"href":"https:\/\/smart-elements.com\/de\/wp-json\/wp\/v2\/media?parent=5132"}],"wp:term":[{"taxonomy":"product_brand","embeddable":true,"href":"https:\/\/smart-elements.com\/de\/wp-json\/wp\/v2\/product_brand?post=5132"},{"taxonomy":"product_cat","embeddable":true,"href":"https:\/\/smart-elements.com\/de\/wp-json\/wp\/v2\/product_cat?post=5132"},{"taxonomy":"product_tag","embeddable":true,"href":"https:\/\/smart-elements.com\/de\/wp-json\/wp\/v2\/product_tag?post=5132"}],"curies":[{"name":"wp","href":"https:\/\/api.w.org\/{rel}","templated":true}]}}