{"id":5063,"date":"2024-03-20T17:45:28","date_gmt":"2024-03-20T16:45:28","guid":{"rendered":"http:\/\/88.99.60.177\/product\/complete-high-pure-rare-earth-set-in-acrylic-showcase\/"},"modified":"2026-03-26T18:03:57","modified_gmt":"2026-03-26T17:03:57","slug":"komplettes-hochreines-seltenerdmetall-set-in-acrylvitrine","status":"publish","type":"product","link":"https:\/\/smart-elements.com\/de\/shop\/complete-high-pure-rare-earth-set-in-acrylic-showcase\/","title":{"rendered":"Komplettes Set hochreiner Seltenerden in Acrylvitrine!"},"content":{"rendered":"<h1 class=\"style25\">Komplettes Seltene-Erden-Acryl-Set inkl. modernem Acryl-Koffer \u2013 Neues Design!<\/h1>\n<h2 align=\"left\">Wir sind stolz, das neue und neu gestaltete Rare Earth Set, komplett im Acryl-Design, anzubieten. Schlicht und funktional mit coolem Design, das die wertvollen Exponate in den Vordergrund stellt. Der Deckel ist mit vier Neodymmagneten befestigt, sodass er leicht abgenommen werden kann.<\/h2>\n<div align=\"left\">\n<p>Alle Seltenen Erden (Lanthan, Cer, Praseodym, Neodym, Samarium, Europium, Gadolinium, Terbium, Dysprosium, Holmium, Erbium, Thulium, Ytterbium, Lutetium, Scandium und Yttrium) eingeschmolzen in unserem Labor in attraktiven 11 mm breiten Ampullen unter Hochreinem% Argon.<\/p>\n<p class=\"style3\">Metalle wie Europium, Cerium und Lanthan werden unter speziellen und extrem trockenen Bedingungen in einer Handschuhbox abgef\u00fcllt, damit das Metall so gl\u00e4nzend wie m\u00f6glich bleibt.<\/p>\n<\/div>\n<div align=\"left\">\n<div class=\"kasten\" align=\"left\">\n<div align=\"left\">Die Reinheiten der Metalle sind:<\/div>\n<div align=\"left\">99,9% f\u00fcr La, Ce, Pr, Nd<br \/>\n99,95% f\u00fcr Dy, Tb, Gd, Er, Ho<br \/>\n99,99% f\u00fcr Sm,Eu, Y, Lu<br \/>\n99,993% f\u00fcr Tm, Yb<br \/>\n99.999% f\u00fcr Sc<\/div>\n<\/div>\n<p>&nbsp;<\/p>\n<p class=\"kasten\" align=\"left\"><img decoding=\"async\" src=\"Angebote\/SE_set_Acryl640.jpg\" alt=\"\" align=\"baseline\" border=\"0\" hspace=\"0\" \/><\/p>\n<p class=\"style21\">Gr\u00f6\u00dfe Ampullen: 10\u201311 mm Durchmesser, 45\u201348 mm L\u00e4nge.<\/p>\n<p class=\"style21\">Gr\u00f6\u00dfe des Geh\u00e4uses: 21,7 x 7,0 x 2,2 cm<\/p>\n<p class=\"style21\">Text in Schwarz und Silber gedruckt<\/p>\n<p class=\"style21\" align=\"left\"><img decoding=\"async\" src=\"Angebote\/SE-Set_Acryl1640.jpg\" alt=\"\" align=\"baseline\" border=\"1\" \/><\/p>\n<\/div>","protected":false},"excerpt":{"rendered":"<h1 class=\"style25\">Komplettes Seltene-Erden-Acryl-Set inkl. modernem Acryl-Koffer \u2013 Neues Design!<\/h1>","protected":false},"featured_media":42900,"template":"","meta":{"_acf_changed":false,"site-sidebar-layout":"default","site-content-layout":"","ast-site-content-layout":"default","site-content-style":"default","site-sidebar-style":"default","ast-global-header-display":"","ast-banner-title-visibility":"","ast-main-header-display":"","ast-hfb-above-header-display":"","ast-hfb-below-header-display":"","ast-hfb-mobile-header-display":"","site-post-title":"","ast-breadcrumbs-content":"","ast-featured-img":"","footer-sml-layout":"","ast-disable-related-posts":"","theme-transparent-header-meta":"","adv-header-id-meta":"","stick-header-meta":"","header-above-stick-meta":"","header-main-stick-meta":"","header-below-stick-meta":"","astra-migrate-meta-layouts":"default","ast-page-background-enabled":"default","ast-page-background-meta":{"desktop":{"background-color":"var(--ast-global-color-5)","background-image":"","background-repeat":"repeat","background-position":"center center","background-size":"auto","background-attachment":"scroll","background-type":"","background-media":"","overlay-type":"","overlay-color":"","overlay-opacity":"","overlay-gradient":""},"tablet":{"background-color":"","background-image":"","background-repeat":"repeat","background-position":"center center","background-size":"auto","background-attachment":"scroll","background-type":"","background-media":"","overlay-type":"","overlay-color":"","overlay-opacity":"","overlay-gradient":""},"mobile":{"background-color":"","background-image":"","background-repeat":"repeat","background-position":"center center","background-size":"auto","background-attachment":"scroll","background-type":"","background-media":"","overlay-type":"","overlay-color":"","overlay-opacity":"","overlay-gradient":""}},"ast-content-background-meta":{"desktop":{"background-color":"var(--ast-global-color-4)","background-image":"","background-repeat":"repeat","background-position":"center center","background-size":"auto","background-attachment":"scroll","background-type":"","background-media":"","overlay-type":"","overlay-color":"","overlay-opacity":"","overlay-gradient":""},"tablet":{"background-color":"var(--ast-global-color-4)","background-image":"","background-repeat":"repeat","background-position":"center center","background-size":"auto","background-attachment":"scroll","background-type":"","background-media":"","overlay-type":"","overlay-color":"","overlay-opacity":"","overlay-gradient":""},"mobile":{"background-color":"var(--ast-global-color-4)","background-image":"","background-repeat":"repeat","background-position":"center center","background-size":"auto","background-attachment":"scroll","background-type":"","background-media":"","overlay-type":"","overlay-color":"","overlay-opacity":"","overlay-gradient":""}}},"product_brand":[],"product_cat":[375,25,29,30,31,32,55,90,226,37,199,210,173,42,44,207,204],"product_tag":[],"class_list":{"0":"post-5063","1":"product","2":"type-product","3":"status-publish","4":"has-post-thumbnail","6":"product_cat-ampoules-pure-elements","7":"product_cat-ce","8":"product_cat-dy","9":"product_cat-element-collections","10":"product_cat-er","11":"product_cat-eu","12":"product_cat-gd","13":"product_cat-la","14":"product_cat-lu","15":"product_cat-nd","16":"product_cat-pure-elements","17":"product_cat-sc","18":"product_cat-set","19":"product_cat-tb","20":"product_cat-tm","21":"product_cat-y","22":"product_cat-yb","23":"desktop-align-left","24":"tablet-align-left","25":"mobile-align-left","26":"ast-product-gallery-layout-horizontal-slider","27":"ast-product-tabs-layout-horizontal","28":"ast-qv-on-image","30":"first","31":"instock","32":"taxable","33":"shipping-taxable","34":"purchasable","35":"product-type-simple"},"acf":[],"_links":{"self":[{"href":"https:\/\/smart-elements.com\/de\/wp-json\/wp\/v2\/product\/5063","targetHints":{"allow":["GET"]}}],"collection":[{"href":"https:\/\/smart-elements.com\/de\/wp-json\/wp\/v2\/product"}],"about":[{"href":"https:\/\/smart-elements.com\/de\/wp-json\/wp\/v2\/types\/product"}],"version-history":[{"count":0,"href":"https:\/\/smart-elements.com\/de\/wp-json\/wp\/v2\/product\/5063\/revisions"}],"wp:featuredmedia":[{"embeddable":true,"href":"https:\/\/smart-elements.com\/de\/wp-json\/wp\/v2\/media\/42900"}],"wp:attachment":[{"href":"https:\/\/smart-elements.com\/de\/wp-json\/wp\/v2\/media?parent=5063"}],"wp:term":[{"taxonomy":"product_brand","embeddable":true,"href":"https:\/\/smart-elements.com\/de\/wp-json\/wp\/v2\/product_brand?post=5063"},{"taxonomy":"product_cat","embeddable":true,"href":"https:\/\/smart-elements.com\/de\/wp-json\/wp\/v2\/product_cat?post=5063"},{"taxonomy":"product_tag","embeddable":true,"href":"https:\/\/smart-elements.com\/de\/wp-json\/wp\/v2\/product_tag?post=5063"}],"curies":[{"name":"wp","href":"https:\/\/api.w.org\/{rel}","templated":true}]}}