{"id":5041,"date":"2021-03-30T13:45:26","date_gmt":"2021-03-30T11:45:26","guid":{"rendered":"http:\/\/88.99.60.177\/product\/complete-rare-earth-set-in-ampoules-under-argon\/"},"modified":"2026-01-14T09:49:49","modified_gmt":"2026-01-14T08:49:49","slug":"vollstandiger-seltene-erden-satz-in-ampullen-unter-argon","status":"publish","type":"product","link":"https:\/\/smart-elements.com\/de\/shop\/complete-rare-earth-set-in-ampoules-under-argon\/","title":{"rendered":"Vollst\u00e4ndiges Seltene Erden Set in Ampullen unter Argon!"},"content":{"rendered":"<div align=\"left\">\n<p><span style=\"font-size: 1rem;\">Die Reinheiten der Metalle sind:<\/span><\/p>\n<\/div>\n<div align=\"left\">\n<div>99,9% f\u00fcr La, Ce, Pr, Nd,<br \/>\n99,95% f\u00fcr Dy, Tb, Gd, Er<br \/>\n99,99% f\u00fcr Ho, Sm, Eu, Sc, Y, Tm, Yb, Lu<\/div>\n<p>&nbsp;<\/p>\n<p class=\"kasten\" align=\"left\"><img decoding=\"async\" src=\"Angebote\/SE-Detail640x480.jpg\" alt=\"\" align=\"baseline\" border=\"0\" hspace=\"0\" \/><\/p>\n<p class=\"style21\" align=\"center\">Gr\u00f6\u00dfe der Ampullen: 11-12 mm Durchmesser, 45-48 mm L\u00e4nge.<br \/>\nHolzetui: massives Buchenholz, sicher verschlossen durch 4 Neodym-Magnete \u2013 Gr\u00f6\u00dfe: 295 x 70 x 30 mm mit eingebranntem Logo<\/p>\n<p class=\"style21\" align=\"left\"><img decoding=\"async\" src=\"Angebote\/SE-Schatulle_Druck640x480.jpg\" alt=\"\" align=\"baseline\" border=\"1\" \/><\/p>\n<\/div>","protected":false},"excerpt":{"rendered":"<h1 class=\"style25\">Luxus-Seltenerdmetall-Set im Vollholzgeh\u00e4use \u2013 jetzt im neuen Design!<\/h1>\n<div align=\"left\">\n<p>Vollst\u00e4ndiger Satz Seltene Erden (16 Elemente: La, Ce, Pr, Nd, Sm, Eu, Gd, Tb, Dy, Ho, Er, Tm, Yb, Lu, Sc, Y)<\/p>\n<p>Alle Seltenerdmetalle in einem professionellen Set, jedes Element unter Argon in einer Ampulle versiegelt! Die Gr\u00f6\u00dfe des Koffers: 295x70x30mm \u2013 Material: Buche. Die Ampullen haben einen Durchmesser von 11-12mm und sind ca. 45-48mm lang.<\/p>\n<\/div>","protected":false},"featured_media":42622,"template":"","meta":{"_acf_changed":false,"site-sidebar-layout":"default","site-content-layout":"","ast-site-content-layout":"default","site-content-style":"default","site-sidebar-style":"default","ast-global-header-display":"","ast-banner-title-visibility":"","ast-main-header-display":"","ast-hfb-above-header-display":"","ast-hfb-below-header-display":"","ast-hfb-mobile-header-display":"","site-post-title":"","ast-breadcrumbs-content":"","ast-featured-img":"","footer-sml-layout":"","ast-disable-related-posts":"","theme-transparent-header-meta":"","adv-header-id-meta":"","stick-header-meta":"","header-above-stick-meta":"","header-main-stick-meta":"","header-below-stick-meta":"","astra-migrate-meta-layouts":"default","ast-page-background-enabled":"default","ast-page-background-meta":{"desktop":{"background-color":"var(--ast-global-color-5)","background-image":"","background-repeat":"repeat","background-position":"center center","background-size":"auto","background-attachment":"scroll","background-type":"","background-media":"","overlay-type":"","overlay-color":"","overlay-opacity":"","overlay-gradient":""},"tablet":{"background-color":"","background-image":"","background-repeat":"repeat","background-position":"center center","background-size":"auto","background-attachment":"scroll","background-type":"","background-media":"","overlay-type":"","overlay-color":"","overlay-opacity":"","overlay-gradient":""},"mobile":{"background-color":"","background-image":"","background-repeat":"repeat","background-position":"center center","background-size":"auto","background-attachment":"scroll","background-type":"","background-media":"","overlay-type":"","overlay-color":"","overlay-opacity":"","overlay-gradient":""}},"ast-content-background-meta":{"desktop":{"background-color":"var(--ast-global-color-4)","background-image":"","background-repeat":"repeat","background-position":"center center","background-size":"auto","background-attachment":"scroll","background-type":"","background-media":"","overlay-type":"","overlay-color":"","overlay-opacity":"","overlay-gradient":""},"tablet":{"background-color":"var(--ast-global-color-4)","background-image":"","background-repeat":"repeat","background-position":"center center","background-size":"auto","background-attachment":"scroll","background-type":"","background-media":"","overlay-type":"","overlay-color":"","overlay-opacity":"","overlay-gradient":""},"mobile":{"background-color":"var(--ast-global-color-4)","background-image":"","background-repeat":"repeat","background-position":"center center","background-size":"auto","background-attachment":"scroll","background-type":"","background-media":"","overlay-type":"","overlay-color":"","overlay-opacity":"","overlay-gradient":""}}},"product_brand":[],"product_cat":[375,25,29,30,31,32,55,34,90,226,37,57,199,210,173,42,44,207,204],"product_tag":[],"class_list":{"0":"post-5041","1":"product","2":"type-product","3":"status-publish","4":"has-post-thumbnail","6":"product_cat-ampoules-pure-elements","7":"product_cat-ce","8":"product_cat-dy","9":"product_cat-element-collections","10":"product_cat-er","11":"product_cat-eu","12":"product_cat-gd","13":"product_cat-ho","14":"product_cat-la","15":"product_cat-lu","16":"product_cat-nd","17":"product_cat-pr","18":"product_cat-pure-elements","19":"product_cat-sc","20":"product_cat-set","21":"product_cat-tb","22":"product_cat-tm","23":"product_cat-y","24":"product_cat-yb","25":"desktop-align-left","26":"tablet-align-left","27":"mobile-align-left","28":"ast-product-gallery-layout-horizontal-slider","29":"ast-product-tabs-layout-horizontal","30":"ast-qv-on-image","32":"first","33":"outofstock","34":"taxable","35":"shipping-taxable","36":"purchasable","37":"product-type-simple"},"acf":[],"_links":{"self":[{"href":"https:\/\/smart-elements.com\/de\/wp-json\/wp\/v2\/product\/5041","targetHints":{"allow":["GET"]}}],"collection":[{"href":"https:\/\/smart-elements.com\/de\/wp-json\/wp\/v2\/product"}],"about":[{"href":"https:\/\/smart-elements.com\/de\/wp-json\/wp\/v2\/types\/product"}],"version-history":[{"count":0,"href":"https:\/\/smart-elements.com\/de\/wp-json\/wp\/v2\/product\/5041\/revisions"}],"wp:featuredmedia":[{"embeddable":true,"href":"https:\/\/smart-elements.com\/de\/wp-json\/wp\/v2\/media\/42622"}],"wp:attachment":[{"href":"https:\/\/smart-elements.com\/de\/wp-json\/wp\/v2\/media?parent=5041"}],"wp:term":[{"taxonomy":"product_brand","embeddable":true,"href":"https:\/\/smart-elements.com\/de\/wp-json\/wp\/v2\/product_brand?post=5041"},{"taxonomy":"product_cat","embeddable":true,"href":"https:\/\/smart-elements.com\/de\/wp-json\/wp\/v2\/product_cat?post=5041"},{"taxonomy":"product_tag","embeddable":true,"href":"https:\/\/smart-elements.com\/de\/wp-json\/wp\/v2\/product_tag?post=5041"}],"curies":[{"name":"wp","href":"https:\/\/api.w.org\/{rel}","templated":true}]}}