{"id":5037,"date":"2019-08-17T16:59:04","date_gmt":"2019-08-17T14:59:04","guid":{"rendered":"http:\/\/88.99.60.177\/product\/high-pure-black-phosphorus-single-crystals-3-12mm\/"},"modified":"2026-01-14T09:49:24","modified_gmt":"2026-01-14T08:49:24","slug":"hochreine-schwarze-phosphor-einkristalle-3-12mm","status":"publish","type":"product","link":"https:\/\/smart-elements.com\/de\/shop\/high-pure-black-phosphorus-single-crystals-3-12mm\/","title":{"rendered":"Hochreiner schwarzer Phosphor - Einkristalle - 3 - 12mm"},"content":{"rendered":"<p>Hochreiner schwarzer Phosphor \u2013 Einkristalle \u2013 3 \u2013 12 mm<\/p>\n<p>versiegelt in Ampulle unter Argon<\/p>\n<p><strong>JETZT AUF LAGER!<\/strong><\/p>\n<p>Kristalle aus hochreinem schwarzem Phosphor, hergestellt durch Gasphasentransport \u2013 Die hochgl\u00e4nzenden und sehr stabilen Kristalle haben einen bl\u00e4ulich-schwarzen metallischen Glanz. Sie erhalten 1 einzelnen Kristall mit einer Gr\u00f6\u00dfe von bis zu 12 mm. Geeignet f\u00fcr die Klebebandmethode oder die Fl\u00fcssigkeitsexfoliation. Diese Proben eignen sich hervorragend f\u00fcr Halbleiterexperimente.<\/p>\n<p><strong>Anders als das sonst im Handel erh\u00e4ltliche Material. Dieses Material wurde durch ein in unserem Labor entwickeltes modifiziertes Aufdampfverfahren hergestellt, das die \u00fcblichen Verunreinigungen praktisch eliminiert.<\/strong><\/p>\n<p><strong>F\u00fcr Analysedaten (XRD, Raman, TEM, TGA) senden Sie bitte eine Anfrage.<\/strong><\/p>\n<p><img fetchpriority=\"high\" decoding=\"async\" src=\"Angebote\/BlackP_near.jpg\" alt=\"\" width=\"640\" height=\"480\" \/><\/p>\n<p><img decoding=\"async\" src=\"Angebote\/Black_P2640.jpg\" alt=\"Schwarzer Phosphor\" width=\"640\" height=\"480\" \/><\/p>\n<p><iframe src=\"https:\/\/drive.google.com\/file\/d\/18kiPQRe6cMuLx9PIOhG9Qdro9yIeMyQy\/preview\" width=\"640\" height=\"480\"><\/iframe><\/p>","protected":false},"excerpt":{"rendered":"<p>High pure Black Phosphorus &#8211; single crystals &#8211; 3 &#8211; 12mm sealed in ampoule\u00a0under Argon NOW IN STOCK! High pure [&hellip;]<\/p>\n","protected":false},"featured_media":48559,"template":"","meta":{"_acf_changed":false,"site-sidebar-layout":"default","site-content-layout":"","ast-site-content-layout":"default","site-content-style":"default","site-sidebar-style":"default","ast-global-header-display":"","ast-banner-title-visibility":"","ast-main-header-display":"","ast-hfb-above-header-display":"","ast-hfb-below-header-display":"","ast-hfb-mobile-header-display":"","site-post-title":"","ast-breadcrumbs-content":"","ast-featured-img":"","footer-sml-layout":"","ast-disable-related-posts":"","theme-transparent-header-meta":"","adv-header-id-meta":"","stick-header-meta":"","header-above-stick-meta":"","header-main-stick-meta":"","header-below-stick-meta":"","astra-migrate-meta-layouts":"default","ast-page-background-enabled":"default","ast-page-background-meta":{"desktop":{"background-color":"var(--ast-global-color-5)","background-image":"","background-repeat":"repeat","background-position":"center center","background-size":"auto","background-attachment":"scroll","background-type":"","background-media":"","overlay-type":"","overlay-color":"","overlay-opacity":"","overlay-gradient":""},"tablet":{"background-color":"","background-image":"","background-repeat":"repeat","background-position":"center center","background-size":"auto","background-attachment":"scroll","background-type":"","background-media":"","overlay-type":"","overlay-color":"","overlay-opacity":"","overlay-gradient":""},"mobile":{"background-color":"","background-image":"","background-repeat":"repeat","background-position":"center center","background-size":"auto","background-attachment":"scroll","background-type":"","background-media":"","overlay-type":"","overlay-color":"","overlay-opacity":"","overlay-gradient":""}},"ast-content-background-meta":{"desktop":{"background-color":"var(--ast-global-color-4)","background-image":"","background-repeat":"repeat","background-position":"center center","background-size":"auto","background-attachment":"scroll","background-type":"","background-media":"","overlay-type":"","overlay-color":"","overlay-opacity":"","overlay-gradient":""},"tablet":{"background-color":"var(--ast-global-color-4)","background-image":"","background-repeat":"repeat","background-position":"center center","background-size":"auto","background-attachment":"scroll","background-type":"","background-media":"","overlay-type":"","overlay-color":"","overlay-opacity":"","overlay-gradient":""},"mobile":{"background-color":"var(--ast-global-color-4)","background-image":"","background-repeat":"repeat","background-position":"center center","background-size":"auto","background-attachment":"scroll","background-type":"","background-media":"","overlay-type":"","overlay-color":"","overlay-opacity":"","overlay-gradient":""}}},"product_brand":[],"product_cat":[94,375,374,97],"product_tag":[],"class_list":{"0":"post-5037","1":"product","2":"type-product","3":"status-publish","4":"has-post-thumbnail","6":"product_cat-2d-material","7":"product_cat-ampoules-pure-elements","8":"product_cat-crystals-pure-elements","9":"product_cat-p","10":"product_shipping_class-black-p","11":"desktop-align-left","12":"tablet-align-left","13":"mobile-align-left","14":"ast-product-gallery-layout-horizontal-slider","15":"ast-product-gallery-with-no-image","16":"ast-product-tabs-layout-horizontal","17":"ast-qv-on-image","19":"first","20":"outofstock","21":"taxable","22":"shipping-taxable","23":"purchasable","24":"product-type-simple"},"acf":[],"_links":{"self":[{"href":"https:\/\/smart-elements.com\/de\/wp-json\/wp\/v2\/product\/5037","targetHints":{"allow":["GET"]}}],"collection":[{"href":"https:\/\/smart-elements.com\/de\/wp-json\/wp\/v2\/product"}],"about":[{"href":"https:\/\/smart-elements.com\/de\/wp-json\/wp\/v2\/types\/product"}],"version-history":[{"count":0,"href":"https:\/\/smart-elements.com\/de\/wp-json\/wp\/v2\/product\/5037\/revisions"}],"wp:featuredmedia":[{"embeddable":true,"href":"https:\/\/smart-elements.com\/de\/wp-json\/wp\/v2\/media\/48559"}],"wp:attachment":[{"href":"https:\/\/smart-elements.com\/de\/wp-json\/wp\/v2\/media?parent=5037"}],"wp:term":[{"taxonomy":"product_brand","embeddable":true,"href":"https:\/\/smart-elements.com\/de\/wp-json\/wp\/v2\/product_brand?post=5037"},{"taxonomy":"product_cat","embeddable":true,"href":"https:\/\/smart-elements.com\/de\/wp-json\/wp\/v2\/product_cat?post=5037"},{"taxonomy":"product_tag","embeddable":true,"href":"https:\/\/smart-elements.com\/de\/wp-json\/wp\/v2\/product_tag?post=5037"}],"curies":[{"name":"wp","href":"https:\/\/api.w.org\/{rel}","templated":true}]}}