{"id":5027,"date":"2022-03-31T16:20:03","date_gmt":"2022-03-31T14:20:03","guid":{"rendered":"http:\/\/88.99.60.177\/product\/high-pure-black-phosphorus-large-crystals-1000-mg\/"},"modified":"2026-01-14T09:48:32","modified_gmt":"2026-01-14T08:48:32","slug":"hochreiner-schwarzer-phosphor-grose-kristalle-1000-mg","status":"publish","type":"product","link":"https:\/\/smart-elements.com\/de\/shop\/high-pure-black-phosphorus-large-crystals-1000-mg\/","title":{"rendered":"Hochreiner schwarzer Phosphor - gro\u00dfe Kristalle - 1000 mg"},"content":{"rendered":"<p>Hochreiner schwarzer Phosphor - gro\u00dfe Kristalle 1,0g - Reinheit 99,998%<\/p>\n<p>versiegelt in Ampulle unter Argon<\/p>\n<p><strong>JETZT AUF LAGER!<\/strong><\/p>\n<p>Hochreine schwarze Phosphorkristalle, die durch Gasphasentransport entstehen - Die hochgl\u00e4nzenden und sehr stabilen Kristalle haben einen bl\u00e4ulich-schwarzen Metallglanz. Man erh\u00e4lt 1 - 2 Kristallcluster, aus denen Einzelkristalle in der Gr\u00f6\u00dfe von bis zu 8mm isoliert werden k\u00f6nnen. Geeignet f\u00fcr Scotch-Tape-Methode oder Fl\u00fcssigexfoliation. Diese Proben sind perfekt f\u00fcr Halbleiterexperimente geeignet.<\/p>\n<p><strong>Anders als das sonst im Handel erh\u00e4ltliche Material. Dieses Material wurde durch ein in unserem Labor entwickeltes modifiziertes Aufdampfverfahren hergestellt, das die \u00fcblichen Verunreinigungen praktisch eliminiert.<\/strong><\/p>\n<p><strong>F\u00fcr Analysedaten (XRD, Raman, TEM, TGA) senden Sie bitte eine Anfrage.<\/strong><\/p>\n<p><iframe src=\"https:\/\/drive.google.com\/file\/d\/18kiPQRe6cMuLx9PIOhG9Qdro9yIeMyQy\/preview\" width=\"640\" height=\"480\"><\/iframe><\/p>","protected":false},"excerpt":{"rendered":"<p>High pure Black\u00a0Phosphorus \u00a0&#8211; large crystals 1.0g &#8211; 99.998% purity sealed in ampoule\u00a0under Argon NOW IN STOCK! High pure black [&hellip;]<\/p>\n","protected":false},"featured_media":48548,"template":"","meta":{"_acf_changed":false,"site-sidebar-layout":"default","site-content-layout":"","ast-site-content-layout":"default","site-content-style":"default","site-sidebar-style":"default","ast-global-header-display":"","ast-banner-title-visibility":"","ast-main-header-display":"","ast-hfb-above-header-display":"","ast-hfb-below-header-display":"","ast-hfb-mobile-header-display":"","site-post-title":"","ast-breadcrumbs-content":"","ast-featured-img":"","footer-sml-layout":"","ast-disable-related-posts":"","theme-transparent-header-meta":"","adv-header-id-meta":"","stick-header-meta":"","header-above-stick-meta":"","header-main-stick-meta":"","header-below-stick-meta":"","astra-migrate-meta-layouts":"default","ast-page-background-enabled":"default","ast-page-background-meta":{"desktop":{"background-color":"var(--ast-global-color-5)","background-image":"","background-repeat":"repeat","background-position":"center center","background-size":"auto","background-attachment":"scroll","background-type":"","background-media":"","overlay-type":"","overlay-color":"","overlay-opacity":"","overlay-gradient":""},"tablet":{"background-color":"","background-image":"","background-repeat":"repeat","background-position":"center center","background-size":"auto","background-attachment":"scroll","background-type":"","background-media":"","overlay-type":"","overlay-color":"","overlay-opacity":"","overlay-gradient":""},"mobile":{"background-color":"","background-image":"","background-repeat":"repeat","background-position":"center center","background-size":"auto","background-attachment":"scroll","background-type":"","background-media":"","overlay-type":"","overlay-color":"","overlay-opacity":"","overlay-gradient":""}},"ast-content-background-meta":{"desktop":{"background-color":"var(--ast-global-color-4)","background-image":"","background-repeat":"repeat","background-position":"center center","background-size":"auto","background-attachment":"scroll","background-type":"","background-media":"","overlay-type":"","overlay-color":"","overlay-opacity":"","overlay-gradient":""},"tablet":{"background-color":"var(--ast-global-color-4)","background-image":"","background-repeat":"repeat","background-position":"center center","background-size":"auto","background-attachment":"scroll","background-type":"","background-media":"","overlay-type":"","overlay-color":"","overlay-opacity":"","overlay-gradient":""},"mobile":{"background-color":"var(--ast-global-color-4)","background-image":"","background-repeat":"repeat","background-position":"center center","background-size":"auto","background-attachment":"scroll","background-type":"","background-media":"","overlay-type":"","overlay-color":"","overlay-opacity":"","overlay-gradient":""}}},"product_brand":[],"product_cat":[94,375,374,97],"product_tag":[],"class_list":{"0":"post-5027","1":"product","2":"type-product","3":"status-publish","4":"has-post-thumbnail","6":"product_cat-2d-material","7":"product_cat-ampoules-pure-elements","8":"product_cat-crystals-pure-elements","9":"product_cat-p","10":"product_shipping_class-black-p","11":"desktop-align-left","12":"tablet-align-left","13":"mobile-align-left","14":"ast-product-gallery-layout-horizontal-slider","15":"ast-product-tabs-layout-horizontal","16":"ast-qv-on-image","18":"first","19":"instock","20":"featured","21":"taxable","22":"shipping-taxable","23":"purchasable","24":"product-type-simple"},"acf":[],"_links":{"self":[{"href":"https:\/\/smart-elements.com\/de\/wp-json\/wp\/v2\/product\/5027","targetHints":{"allow":["GET"]}}],"collection":[{"href":"https:\/\/smart-elements.com\/de\/wp-json\/wp\/v2\/product"}],"about":[{"href":"https:\/\/smart-elements.com\/de\/wp-json\/wp\/v2\/types\/product"}],"version-history":[{"count":0,"href":"https:\/\/smart-elements.com\/de\/wp-json\/wp\/v2\/product\/5027\/revisions"}],"wp:featuredmedia":[{"embeddable":true,"href":"https:\/\/smart-elements.com\/de\/wp-json\/wp\/v2\/media\/48548"}],"wp:attachment":[{"href":"https:\/\/smart-elements.com\/de\/wp-json\/wp\/v2\/media?parent=5027"}],"wp:term":[{"taxonomy":"product_brand","embeddable":true,"href":"https:\/\/smart-elements.com\/de\/wp-json\/wp\/v2\/product_brand?post=5027"},{"taxonomy":"product_cat","embeddable":true,"href":"https:\/\/smart-elements.com\/de\/wp-json\/wp\/v2\/product_cat?post=5027"},{"taxonomy":"product_tag","embeddable":true,"href":"https:\/\/smart-elements.com\/de\/wp-json\/wp\/v2\/product_tag?post=5027"}],"curies":[{"name":"wp","href":"https:\/\/api.w.org\/{rel}","templated":true}]}}