{"id":5021,"date":"2024-07-19T10:20:52","date_gmt":"2024-07-19T08:20:52","guid":{"rendered":"http:\/\/88.99.60.177\/product\/osmium-precision-density-standard-cube-1cm3\/"},"modified":"2026-01-14T09:47:55","modified_gmt":"2026-01-14T08:47:55","slug":"osmium-prazisionsdichte-standardwurfel-1cm3","status":"publish","type":"product","link":"https:\/\/smart-elements.com\/de\/shop\/osmium-precision-density-standard-cube-1cm3\/","title":{"rendered":"OSMIUM-Pr\u00e4zisionsdichte-W\u00fcrfel 10mm"},"content":{"rendered":"<p>OSMIUM - Pr\u00e4zisionsdichte-Standardw\u00fcrfel 1cm3 - NEU!<\/p>\n<p>Dies sind die perfektesten und gl\u00e4nzendsten Osmium-W\u00fcrfel auf dem Markt! Geschliffen und poliert in unserer eigenen Anlage in Wien \/ \u00d6sterreich.<\/p>\n<p>Osmiumw\u00fcrfel erfordern hei\u00dfgepresstes (gesintertes) Material anstelle von geschmolzenem Metall, um Risse und Spalten an den Korngrenzen zu vermeiden. Dies muss mit gro\u00dfer Sorgfalt und Kenntnis geschehen, um Mikroporen auf der Oberfl\u00e4che zu vermeiden, die durch Oxidationsreaktionen giftiges OsO4 freisetzen k\u00f6nnen. Vermeiden Sie Osmiumw\u00fcrfel mit matter und stumpfer Oberfl\u00e4che! Unsere W\u00fcrfel sind gepr\u00fcft und sicher!<\/p>\n<p>Die technisch machbare maximale Dichte liegt bei ca. 21g \/ cm3, was durch eine Gr\u00f6\u00dfenanpassung von + 0,1mm kompensiert wird.<\/p>\n<p>Angaben von anderen Verk\u00e4ufern wie \"volle Dichte\" sind immer falsch.<\/p>\n<p>Produktionszeit ca. 2 Wochen - Kostenlose Lasergravur nach Wahl oder Standardgravur (auf dem Bild sehen Sie einen W\u00fcrfel mit Standardgravur) Bitte beachten Sie, dass dieser Artikel von Rabatten und Sonderangeboten ausgeschlossen ist.<\/p>","protected":false},"excerpt":{"rendered":"<p>OSMIUM - Pr\u00e4zisionsdichte-Standardw\u00fcrfel 1cm3 - NEU!<\/p>\n<p>Gewicht: ca. 21,5 - 22 g aufgrund der pulvermetallurgischen Synthese.<\/p>\n<p>Dies sind die perfektesten und gl\u00e4nzendsten Osmium-W\u00fcrfel auf dem Markt!<\/p>","protected":false},"featured_media":48541,"template":"","meta":{"_acf_changed":false,"site-sidebar-layout":"default","site-content-layout":"","ast-site-content-layout":"default","site-content-style":"default","site-sidebar-style":"default","ast-global-header-display":"","ast-banner-title-visibility":"","ast-main-header-display":"","ast-hfb-above-header-display":"","ast-hfb-below-header-display":"","ast-hfb-mobile-header-display":"","site-post-title":"","ast-breadcrumbs-content":"","ast-featured-img":"","footer-sml-layout":"","ast-disable-related-posts":"","theme-transparent-header-meta":"","adv-header-id-meta":"","stick-header-meta":"","header-above-stick-meta":"","header-main-stick-meta":"","header-below-stick-meta":"","astra-migrate-meta-layouts":"default","ast-page-background-enabled":"default","ast-page-background-meta":{"desktop":{"background-color":"var(--ast-global-color-5)","background-image":"","background-repeat":"repeat","background-position":"center center","background-size":"auto","background-attachment":"scroll","background-type":"","background-media":"","overlay-type":"","overlay-color":"","overlay-opacity":"","overlay-gradient":""},"tablet":{"background-color":"","background-image":"","background-repeat":"repeat","background-position":"center center","background-size":"auto","background-attachment":"scroll","background-type":"","background-media":"","overlay-type":"","overlay-color":"","overlay-opacity":"","overlay-gradient":""},"mobile":{"background-color":"","background-image":"","background-repeat":"repeat","background-position":"center center","background-size":"auto","background-attachment":"scroll","background-type":"","background-media":"","overlay-type":"","overlay-color":"","overlay-opacity":"","overlay-gradient":""}},"ast-content-background-meta":{"desktop":{"background-color":"var(--ast-global-color-4)","background-image":"","background-repeat":"repeat","background-position":"center center","background-size":"auto","background-attachment":"scroll","background-type":"","background-media":"","overlay-type":"","overlay-color":"","overlay-opacity":"","overlay-gradient":""},"tablet":{"background-color":"var(--ast-global-color-4)","background-image":"","background-repeat":"repeat","background-position":"center center","background-size":"auto","background-attachment":"scroll","background-type":"","background-media":"","overlay-type":"","overlay-color":"","overlay-opacity":"","overlay-gradient":""},"mobile":{"background-color":"var(--ast-global-color-4)","background-image":"","background-repeat":"repeat","background-position":"center center","background-size":"auto","background-attachment":"scroll","background-type":"","background-media":"","overlay-type":"","overlay-color":"","overlay-opacity":"","overlay-gradient":""}}},"product_brand":[],"product_cat":[215,330],"product_tag":[],"class_list":{"0":"post-5021","1":"product","2":"type-product","3":"status-publish","4":"has-post-thumbnail","6":"product_cat-element-density-cubes","7":"product_cat-os","8":"product_shipping_class-high-value-no-bulk","9":"desktop-align-left","10":"tablet-align-left","11":"mobile-align-left","12":"ast-product-gallery-layout-horizontal-slider","13":"ast-product-gallery-with-no-image","14":"ast-product-tabs-layout-horizontal","15":"ast-qv-on-image","17":"first","18":"instock","19":"taxable","20":"shipping-taxable","21":"purchasable","22":"product-type-simple"},"acf":[],"_links":{"self":[{"href":"https:\/\/smart-elements.com\/de\/wp-json\/wp\/v2\/product\/5021","targetHints":{"allow":["GET"]}}],"collection":[{"href":"https:\/\/smart-elements.com\/de\/wp-json\/wp\/v2\/product"}],"about":[{"href":"https:\/\/smart-elements.com\/de\/wp-json\/wp\/v2\/types\/product"}],"version-history":[{"count":0,"href":"https:\/\/smart-elements.com\/de\/wp-json\/wp\/v2\/product\/5021\/revisions"}],"wp:featuredmedia":[{"embeddable":true,"href":"https:\/\/smart-elements.com\/de\/wp-json\/wp\/v2\/media\/48541"}],"wp:attachment":[{"href":"https:\/\/smart-elements.com\/de\/wp-json\/wp\/v2\/media?parent=5021"}],"wp:term":[{"taxonomy":"product_brand","embeddable":true,"href":"https:\/\/smart-elements.com\/de\/wp-json\/wp\/v2\/product_brand?post=5021"},{"taxonomy":"product_cat","embeddable":true,"href":"https:\/\/smart-elements.com\/de\/wp-json\/wp\/v2\/product_cat?post=5021"},{"taxonomy":"product_tag","embeddable":true,"href":"https:\/\/smart-elements.com\/de\/wp-json\/wp\/v2\/product_tag?post=5021"}],"curies":[{"name":"wp","href":"https:\/\/api.w.org\/{rel}","templated":true}]}}