{"id":5016,"date":"2024-07-19T12:23:50","date_gmt":"2024-07-19T10:23:50","guid":{"rendered":"http:\/\/88.99.60.177\/product\/lutetium-precision-density-standard-cube-1cm3\/"},"modified":"2026-01-14T09:47:33","modified_gmt":"2026-01-14T08:47:33","slug":"lutetium-prazisionsdichte-standardwurfel-1cm3","status":"publish","type":"product","link":"https:\/\/smart-elements.com\/de\/shop\/lutetium-precision-density-standard-cube-1cm3\/","title":{"rendered":"Lutetium-Pr\u00e4zisionsdichte-W\u00fcrfel 10mm - 9,84g"},"content":{"rendered":"<p>Lutetium - Pr\u00e4zisionsdichte - Standardw\u00fcrfel 1cm3 NEU!<\/p>\n<p>Gl\u00e4nzende Oberfl\u00e4che. Auf Wunsch bieten wir ein Pr\u00fcfzertifikat an, das die Dichte, Gr\u00f6\u00dfe und das Volumen des W\u00fcrfels angibt.<\/p>\n\n<p>&nbsp;<\/p>","protected":false},"excerpt":{"rendered":"<p>Lutetium - Pr\u00e4zisionsdichte - Standardw\u00fcrfel 1cm3 NEU!<\/p>\n<p>&nbsp;<\/p>","protected":false},"featured_media":42586,"template":"","meta":{"_acf_changed":false,"site-sidebar-layout":"default","site-content-layout":"","ast-site-content-layout":"default","site-content-style":"default","site-sidebar-style":"default","ast-global-header-display":"","ast-banner-title-visibility":"","ast-main-header-display":"","ast-hfb-above-header-display":"","ast-hfb-below-header-display":"","ast-hfb-mobile-header-display":"","site-post-title":"","ast-breadcrumbs-content":"","ast-featured-img":"","footer-sml-layout":"","ast-disable-related-posts":"","theme-transparent-header-meta":"","adv-header-id-meta":"","stick-header-meta":"","header-above-stick-meta":"","header-main-stick-meta":"","header-below-stick-meta":"","astra-migrate-meta-layouts":"default","ast-page-background-enabled":"default","ast-page-background-meta":{"desktop":{"background-color":"var(--ast-global-color-5)","background-image":"","background-repeat":"repeat","background-position":"center center","background-size":"auto","background-attachment":"scroll","background-type":"","background-media":"","overlay-type":"","overlay-color":"","overlay-opacity":"","overlay-gradient":""},"tablet":{"background-color":"","background-image":"","background-repeat":"repeat","background-position":"center center","background-size":"auto","background-attachment":"scroll","background-type":"","background-media":"","overlay-type":"","overlay-color":"","overlay-opacity":"","overlay-gradient":""},"mobile":{"background-color":"","background-image":"","background-repeat":"repeat","background-position":"center center","background-size":"auto","background-attachment":"scroll","background-type":"","background-media":"","overlay-type":"","overlay-color":"","overlay-opacity":"","overlay-gradient":""}},"ast-content-background-meta":{"desktop":{"background-color":"var(--ast-global-color-4)","background-image":"","background-repeat":"repeat","background-position":"center center","background-size":"auto","background-attachment":"scroll","background-type":"","background-media":"","overlay-type":"","overlay-color":"","overlay-opacity":"","overlay-gradient":""},"tablet":{"background-color":"var(--ast-global-color-4)","background-image":"","background-repeat":"repeat","background-position":"center center","background-size":"auto","background-attachment":"scroll","background-type":"","background-media":"","overlay-type":"","overlay-color":"","overlay-opacity":"","overlay-gradient":""},"mobile":{"background-color":"var(--ast-global-color-4)","background-image":"","background-repeat":"repeat","background-position":"center center","background-size":"auto","background-attachment":"scroll","background-type":"","background-media":"","overlay-type":"","overlay-color":"","overlay-opacity":"","overlay-gradient":""}}},"product_brand":[],"product_cat":[215,226],"product_tag":[],"class_list":{"0":"post-5016","1":"product","2":"type-product","3":"status-publish","4":"has-post-thumbnail","6":"product_cat-element-density-cubes","7":"product_cat-lu","8":"desktop-align-left","9":"tablet-align-left","10":"mobile-align-left","11":"ast-product-gallery-layout-horizontal-slider","12":"ast-product-tabs-layout-horizontal","13":"ast-qv-on-image","15":"first","16":"instock","17":"taxable","18":"shipping-taxable","19":"purchasable","20":"product-type-simple"},"acf":[],"_links":{"self":[{"href":"https:\/\/smart-elements.com\/de\/wp-json\/wp\/v2\/product\/5016","targetHints":{"allow":["GET"]}}],"collection":[{"href":"https:\/\/smart-elements.com\/de\/wp-json\/wp\/v2\/product"}],"about":[{"href":"https:\/\/smart-elements.com\/de\/wp-json\/wp\/v2\/types\/product"}],"version-history":[{"count":0,"href":"https:\/\/smart-elements.com\/de\/wp-json\/wp\/v2\/product\/5016\/revisions"}],"wp:featuredmedia":[{"embeddable":true,"href":"https:\/\/smart-elements.com\/de\/wp-json\/wp\/v2\/media\/42586"}],"wp:attachment":[{"href":"https:\/\/smart-elements.com\/de\/wp-json\/wp\/v2\/media?parent=5016"}],"wp:term":[{"taxonomy":"product_brand","embeddable":true,"href":"https:\/\/smart-elements.com\/de\/wp-json\/wp\/v2\/product_brand?post=5016"},{"taxonomy":"product_cat","embeddable":true,"href":"https:\/\/smart-elements.com\/de\/wp-json\/wp\/v2\/product_cat?post=5016"},{"taxonomy":"product_tag","embeddable":true,"href":"https:\/\/smart-elements.com\/de\/wp-json\/wp\/v2\/product_tag?post=5016"}],"curies":[{"name":"wp","href":"https:\/\/api.w.org\/{rel}","templated":true}]}}