{"id":50120,"date":"2026-03-23T00:53:52","date_gmt":"2026-03-22T23:53:52","guid":{"rendered":"https:\/\/smart-elements.com\/shop\/copperii-doped-phosphate-glass-cylinder-1-cu%c2%b2%e2%81%ba\/"},"modified":"2026-03-23T00:53:55","modified_gmt":"2026-03-22T23:53:55","slug":"kupferii-dotiertes-phosphatglas-zylinder-1-cu%c2%b2%e2%81%ba","status":"publish","type":"product","link":"https:\/\/smart-elements.com\/de\/shop\/copperii-doped-phosphate-glass-cylinder-1-cu%c2%b2%e2%81%ba\/","title":{"rendered":"Kupfer(II)-dotierter Phosphatglas-Zylinder - 1% Cu\u00b2\u207a"},"content":{"rendered":"<p data-start=\"0\" data-end=\"55\"><strong data-start=\"0\" data-end=\"55\">Kupfer(II)-dotierter Phosphatglas-Zylinder - 1% Cu\u00b2\u207a<\/strong><\/p>\n<p data-start=\"57\" data-end=\"287\">Handgefertigtes Laborglasprobe aus Calcium-Aluminiumphosphatglas und dotiert mit <strong data-start=\"142\" data-end=\"171\">1% Kupfer(II)-Ionen (Cu\u00b2\u207a)<\/strong>. Die Kupferionen erzeugen die charakteristische blaugr\u00fcne F\u00e4rbung, die typisch f\u00fcr viele Cu\u00b2\u207a-Verbindungen in Glasmatrizes ist.<\/p>\n<p data-start=\"289\" data-end=\"571\">Jedes St\u00fcck wird in unserem Labor einzeln hergestellt, indem hochreine Rohstoffe geschmolzen und das Glas sorgf\u00e4ltig gegossen wird, um ein homogenes optisches Material zu erhalten. Die Kupferionen werden gleichm\u00e4\u00dfig in das Phosphatglasnetzwerk eingearbeitet, was zu einer stabilen und lebendigen Farbe f\u00fchrt.<\/p>\n<p data-start=\"573\" data-end=\"591\"><strong data-start=\"573\" data-end=\"591\">Spezifikationen<\/strong><\/p>\n<ul data-start=\"593\" data-end=\"786\">\n<li data-section-id=\"16cvnzp\" data-start=\"593\" data-end=\"627\">\n<p data-start=\"595\" data-end=\"627\">Form: Polierter Glaszylinder<\/p>\n<\/li>\n<li data-section-id=\"e8lt7a\" data-start=\"628\" data-end=\"651\">\n<p data-start=\"630\" data-end=\"651\">Durchmesser: <strong data-start=\"640\" data-end=\"649\">30 mm<\/strong><\/p>\n<\/li>\n<li data-section-id=\"17i49nv\" data-start=\"652\" data-end=\"673\">\n<p data-start=\"654\" data-end=\"673\">H\u00f6he: <strong data-start=\"662\" data-end=\"671\">17 mm<\/strong><\/p>\n<\/li>\n<li data-section-id=\"fhl4n1\" data-start=\"674\" data-end=\"702\">\n<p data-start=\"676\" data-end=\"702\">Gewicht: ca. <strong data-start=\"692\" data-end=\"700\">31 g<\/strong><\/p>\n<\/li>\n<li data-section-id=\"q1f0gu\" data-start=\"703\" data-end=\"745\">\n<p data-start=\"705\" data-end=\"745\">Gastglas <strong data-start=\"717\" data-end=\"743\">Calcium-Aluminiumphosphatglas<\/strong><\/p>\n<\/li>\n<li data-section-id=\"1t35s0p\" data-start=\"746\" data-end=\"786\">\n<p data-start=\"748\" data-end=\"786\">Dotierstoff <strong data-start=\"756\" data-end=\"784\">1% Cu\u00b2\u207a (Kupfer(II)-Ionen)<\/strong><\/p>\n<\/li>\n<\/ul>\n<p data-start=\"788\" data-end=\"987\">Diese Glasprobe ist eine attraktive Demonstration von \u00dcbergangsmetall-Dotierung in Glas und zeigt deutlich die charakteristische F\u00e4rbung, die durch <strong data-start=\"931\" data-end=\"962\">Cu\u00b2\u207a Elektronen\u00fcberg\u00e4nge<\/strong> in der Glasmatrix.<\/p>\n<p data-start=\"989\" data-end=\"1098\" data-is-last-node=\"\" data-is-only-node=\"\">Jedes St\u00fcck wird in unserem Labor von Hand gefertigt, daher k\u00f6nnen kleine Abweichungen auftreten, die jedes Exemplar zu einem Unikat machen.<\/p>","protected":false},"excerpt":{"rendered":"<p>Copper(II)-Doped Phosphate Glass Cylinder \u2013 1% Cu\u00b2\u207a Hand-crafted laboratory glass sample made from Calcium aluminum phosphate glass and doped with [&hellip;]<\/p>\n","protected":false},"featured_media":50119,"template":"","meta":{"_acf_changed":false,"site-sidebar-layout":"default","site-content-layout":"","ast-site-content-layout":"default","site-content-style":"default","site-sidebar-style":"default","ast-global-header-display":"","ast-banner-title-visibility":"","ast-main-header-display":"","ast-hfb-above-header-display":"","ast-hfb-below-header-display":"","ast-hfb-mobile-header-display":"","site-post-title":"","ast-breadcrumbs-content":"","ast-featured-img":"","footer-sml-layout":"","ast-disable-related-posts":"","theme-transparent-header-meta":"","adv-header-id-meta":"","stick-header-meta":"","header-above-stick-meta":"","header-main-stick-meta":"","header-below-stick-meta":"","astra-migrate-meta-layouts":"default","ast-page-background-enabled":"default","ast-page-background-meta":{"desktop":{"background-color":"var(--ast-global-color-5)","background-image":"","background-repeat":"repeat","background-position":"center center","background-size":"auto","background-attachment":"scroll","background-type":"","background-media":"","overlay-type":"","overlay-color":"","overlay-opacity":"","overlay-gradient":""},"tablet":{"background-color":"","background-image":"","background-repeat":"repeat","background-position":"center center","background-size":"auto","background-attachment":"scroll","background-type":"","background-media":"","overlay-type":"","overlay-color":"","overlay-opacity":"","overlay-gradient":""},"mobile":{"background-color":"","background-image":"","background-repeat":"repeat","background-position":"center center","background-size":"auto","background-attachment":"scroll","background-type":"","background-media":"","overlay-type":"","overlay-color":"","overlay-opacity":"","overlay-gradient":""}},"ast-content-background-meta":{"desktop":{"background-color":"var(--ast-global-color-4)","background-image":"","background-repeat":"repeat","background-position":"center center","background-size":"auto","background-attachment":"scroll","background-type":"","background-media":"","overlay-type":"","overlay-color":"","overlay-opacity":"","overlay-gradient":""},"tablet":{"background-color":"var(--ast-global-color-4)","background-image":"","background-repeat":"repeat","background-position":"center center","background-size":"auto","background-attachment":"scroll","background-type":"","background-media":"","overlay-type":"","overlay-color":"","overlay-opacity":"","overlay-gradient":""},"mobile":{"background-color":"var(--ast-global-color-4)","background-image":"","background-repeat":"repeat","background-position":"center center","background-size":"auto","background-attachment":"scroll","background-type":"","background-media":"","overlay-type":"","overlay-color":"","overlay-opacity":"","overlay-gradient":""}}},"product_brand":[],"product_cat":[28,23,365],"product_tag":[],"class_list":{"0":"post-50120","1":"product","2":"type-product","3":"status-publish","4":"has-post-thumbnail","6":"product_cat-cu","7":"product_cat-doped-optical-crystals-glass","8":"product_cat-phosphate-glass-doped-optical-crystals-glass","9":"desktop-align-left","10":"tablet-align-left","11":"mobile-align-left","12":"ast-product-gallery-layout-horizontal-slider","13":"ast-product-gallery-with-no-image","14":"ast-product-tabs-layout-horizontal","15":"ast-qv-on-image","17":"first","18":"instock","19":"taxable","20":"shipping-taxable","21":"purchasable","22":"product-type-simple"},"acf":[],"_links":{"self":[{"href":"https:\/\/smart-elements.com\/de\/wp-json\/wp\/v2\/product\/50120","targetHints":{"allow":["GET"]}}],"collection":[{"href":"https:\/\/smart-elements.com\/de\/wp-json\/wp\/v2\/product"}],"about":[{"href":"https:\/\/smart-elements.com\/de\/wp-json\/wp\/v2\/types\/product"}],"version-history":[{"count":0,"href":"https:\/\/smart-elements.com\/de\/wp-json\/wp\/v2\/product\/50120\/revisions"}],"wp:featuredmedia":[{"embeddable":true,"href":"https:\/\/smart-elements.com\/de\/wp-json\/wp\/v2\/media\/50119"}],"wp:attachment":[{"href":"https:\/\/smart-elements.com\/de\/wp-json\/wp\/v2\/media?parent=50120"}],"wp:term":[{"taxonomy":"product_brand","embeddable":true,"href":"https:\/\/smart-elements.com\/de\/wp-json\/wp\/v2\/product_brand?post=50120"},{"taxonomy":"product_cat","embeddable":true,"href":"https:\/\/smart-elements.com\/de\/wp-json\/wp\/v2\/product_cat?post=50120"},{"taxonomy":"product_tag","embeddable":true,"href":"https:\/\/smart-elements.com\/de\/wp-json\/wp\/v2\/product_tag?post=50120"}],"curies":[{"name":"wp","href":"https:\/\/api.w.org\/{rel}","templated":true}]}}