{"id":50116,"date":"2026-03-23T00:53:43","date_gmt":"2026-03-22T23:53:43","guid":{"rendered":"https:\/\/smart-elements.com\/shop\/big-osmium-melted-bead-10-0-grams-9995-purity-2\/"},"modified":"2026-03-23T00:53:46","modified_gmt":"2026-03-22T23:53:46","slug":"groses-osmium-geschmolzen-perle-10-0-gramm-9995-reinheit-2","status":"publish","type":"product","link":"https:\/\/smart-elements.com\/de\/shop\/big-osmium-melted-bead-10-0-grams-9995-purity-2\/","title":{"rendered":"Gro\u00dfe Osmium-Schmelzperle, 10,0 Gramm 99,95% Reinheit!"},"content":{"rendered":"<p>Osmium, Gro\u00dfe hochreine Bogenschmelzperle 10 Gramm<br \/>\nDurchmesser ca. 12mm - Made in Europe!<\/p>\n<p><strong>Analyse-Zertifikat verf\u00fcgbar!<\/strong><\/p>\n<p>Dieses praktisch nicht verf\u00fcgbare Edelmetall ist in fester Form nahezu unbekannt.<\/p>\n<p><strong>Unser massives Osmium ist SICHER!<\/strong>\u00a0 Solide bedeutet: <strong>Geschmolzen, kristallin oder hei\u00df gepresst<\/strong>. Es gibt ein paar offiziell aussehende Websites, die behaupten, dass nur \"zertifiziertes\" &amp; kristallines Osmium sicher ist, aber diese Behauptungen sind weder wissenschaftlich haltbar noch bewiesen. Wir haben mehrere kristalline St\u00fccke gegen unsere geschmolzenen Perlen getestet und es gab keinen Hinweis darauf, dass geschmolzenes Material eine h\u00f6here Reaktivit\u00e4t aufweist - Dar\u00fcber hinaus ist die Kontaktfl\u00e4che einer Schmelzperle um ein Vielfaches kleiner als die eines kristallinen Pl\u00e4ttchens. Kristallines Osmium wird durch ein sehr zeit- (mehrere Wochen oder Monate) und energieaufwendiges CVD-Verfahren unter Verwendung von Chlor oder anderen Halogenen gewonnen. Dies ist der Grund f\u00fcr den hohen Preis.<\/p>\n<p>Sie erhalten eine feste Perle mit gl\u00e4nzender Oberfl\u00e4che und leicht himmelblauer F\u00e4rbung.<br \/>\nEin Muss f\u00fcr jede Elementsammlung!<\/p>","protected":false},"excerpt":{"rendered":"<p>Osmium, Gro\u00dfe hochreine Bogenschmelzperle 10 Gramm<br \/>\nDurchmesser etwa 12 mm<\/p>\n<p>Sie erhalten EIN St\u00fcck!<\/p>","protected":false},"featured_media":50115,"template":"","meta":{"_acf_changed":false,"site-sidebar-layout":"default","site-content-layout":"","ast-site-content-layout":"default","site-content-style":"default","site-sidebar-style":"default","ast-global-header-display":"","ast-banner-title-visibility":"","ast-main-header-display":"","ast-hfb-above-header-display":"","ast-hfb-below-header-display":"","ast-hfb-mobile-header-display":"","site-post-title":"","ast-breadcrumbs-content":"","ast-featured-img":"","footer-sml-layout":"","ast-disable-related-posts":"","theme-transparent-header-meta":"","adv-header-id-meta":"","stick-header-meta":"","header-above-stick-meta":"","header-main-stick-meta":"","header-below-stick-meta":"","astra-migrate-meta-layouts":"default","ast-page-background-enabled":"default","ast-page-background-meta":{"desktop":{"background-color":"var(--ast-global-color-5)","background-image":"","background-repeat":"repeat","background-position":"center center","background-size":"auto","background-attachment":"scroll","background-type":"","background-media":"","overlay-type":"","overlay-color":"","overlay-opacity":"","overlay-gradient":""},"tablet":{"background-color":"","background-image":"","background-repeat":"repeat","background-position":"center center","background-size":"auto","background-attachment":"scroll","background-type":"","background-media":"","overlay-type":"","overlay-color":"","overlay-opacity":"","overlay-gradient":""},"mobile":{"background-color":"","background-image":"","background-repeat":"repeat","background-position":"center center","background-size":"auto","background-attachment":"scroll","background-type":"","background-media":"","overlay-type":"","overlay-color":"","overlay-opacity":"","overlay-gradient":""}},"ast-content-background-meta":{"desktop":{"background-color":"var(--ast-global-color-4)","background-image":"","background-repeat":"repeat","background-position":"center center","background-size":"auto","background-attachment":"scroll","background-type":"","background-media":"","overlay-type":"","overlay-color":"","overlay-opacity":"","overlay-gradient":""},"tablet":{"background-color":"var(--ast-global-color-4)","background-image":"","background-repeat":"repeat","background-position":"center center","background-size":"auto","background-attachment":"scroll","background-type":"","background-media":"","overlay-type":"","overlay-color":"","overlay-opacity":"","overlay-gradient":""},"mobile":{"background-color":"var(--ast-global-color-4)","background-image":"","background-repeat":"repeat","background-position":"center center","background-size":"auto","background-attachment":"scroll","background-type":"","background-media":"","overlay-type":"","overlay-color":"","overlay-opacity":"","overlay-gradient":""}}},"product_brand":[],"product_cat":[376,330,199],"product_tag":[],"class_list":{"0":"post-50116","1":"product","2":"type-product","3":"status-publish","4":"has-post-thumbnail","6":"product_cat-beads-granules-pure-elements","7":"product_cat-os","8":"product_cat-pure-elements","9":"desktop-align-left","10":"tablet-align-left","11":"mobile-align-left","12":"ast-product-gallery-layout-horizontal-slider","13":"ast-product-gallery-with-no-image","14":"ast-product-tabs-layout-horizontal","15":"ast-qv-on-image","17":"first","18":"instock","19":"taxable","20":"shipping-taxable","21":"purchasable","22":"product-type-simple"},"acf":[],"_links":{"self":[{"href":"https:\/\/smart-elements.com\/de\/wp-json\/wp\/v2\/product\/50116","targetHints":{"allow":["GET"]}}],"collection":[{"href":"https:\/\/smart-elements.com\/de\/wp-json\/wp\/v2\/product"}],"about":[{"href":"https:\/\/smart-elements.com\/de\/wp-json\/wp\/v2\/types\/product"}],"version-history":[{"count":0,"href":"https:\/\/smart-elements.com\/de\/wp-json\/wp\/v2\/product\/50116\/revisions"}],"wp:featuredmedia":[{"embeddable":true,"href":"https:\/\/smart-elements.com\/de\/wp-json\/wp\/v2\/media\/50115"}],"wp:attachment":[{"href":"https:\/\/smart-elements.com\/de\/wp-json\/wp\/v2\/media?parent=50116"}],"wp:term":[{"taxonomy":"product_brand","embeddable":true,"href":"https:\/\/smart-elements.com\/de\/wp-json\/wp\/v2\/product_brand?post=50116"},{"taxonomy":"product_cat","embeddable":true,"href":"https:\/\/smart-elements.com\/de\/wp-json\/wp\/v2\/product_cat?post=50116"},{"taxonomy":"product_tag","embeddable":true,"href":"https:\/\/smart-elements.com\/de\/wp-json\/wp\/v2\/product_tag?post=50116"}],"curies":[{"name":"wp","href":"https:\/\/api.w.org\/{rel}","templated":true}]}}